{"id":68229,"date":"2025-10-30T11:45:14","date_gmt":"2025-10-30T10:45:14","guid":{"rendered":"https:\/\/tartufiesapori.com\/?post_type=product&#038;p=68229"},"modified":"2025-12-11T14:38:10","modified_gmt":"2025-12-11T13:38:10","slug":"ravioli-a-la-truffe","status":"publish","type":"product","link":"https:\/\/tartufiesapori.com\/fr\/produit\/ravioli-a-la-truffe\/","title":{"rendered":"Ravioli \u00e0 la truffe"},"content":{"rendered":"<p>Les ravioli \u00e0 la truffe sont l\u2019un des produits les plus appr\u00e9ci\u00e9s et savoureux de notre ligne gourmet. Une p\u00e2te \u00e0 l\u2019oeuf avec truffe noire r\u00e9alis\u00e9e selon les anciens pr\u00e9ceptes de la tradition, un produit pr\u00eat \u00e0 cuire qui se marie parfaitement avec nos d\u00e9licieuses et d\u00e9licates sauces aux truffes.<\/p>\n<p>Pour les amateurs de p\u00e2tes \u00e0 la truffe, nous vous conseillons de d\u00e9couvrir nos produits d\u00e9di\u00e9s en <a href=\"https:\/\/tartufiesapori.com\/fr\/product-category\/ligne-traditionnelle\/pates-a-la-truffe\/\"><strong>cliquant ici.<\/strong><\/a><\/p>\n<p><strong>Poids: <\/strong>500 g<\/p>\n<p><strong>Ingr\u00e9dients:<\/strong> P\u00e2te (72%): Semoule de <strong>BL\u00c9<\/strong> dur, <strong>OEUFS<\/strong> (19,4% de la p\u00e2te). Farce (28%): chapelure de pain (farine de <strong>BL\u00c9<\/strong> tendre type \u201c0\u201d, sel, levure), fromages (31,4% de la farce) [fromage d\u00e9shydrat\u00e9 (18,8% de la farce) (<strong>LAIT<\/strong>, s\u00e9rum de <strong>LAIT<\/strong>, sel, pr\u00e9sure, lysozyme de l\u2019<strong>OEUF<\/strong>), fromage fondu en poudre (12,5% de la farce) (<strong>LAIT<\/strong>, s\u00e9rum de <strong>LAIT<\/strong>, sel, enzymes)], margarine [graisse de coco, huiles v\u00e9g\u00e9tales (tournesol,<strong> SOJA<\/strong>, colza), eau], ricotta (12,5% de la farce) (<strong>LAIT<\/strong>, s\u00e9rum de <strong>LAIT<\/strong>, sel), ar\u00f4mes, sel, truffe d\u2019\u00e9t\u00e9 d\u00e9shydrat\u00e9e (<em>Tuber aestivum Vitt.<\/em>) (0,2% de la farce), \u00e9pices.<br \/>\nPeut contenir: <strong>MOUTARDE.<\/strong><\/p>\n<p><strong>Valeurs nutritionnelles moyennes pour 100 g:<\/strong> \u00c9nergie 1564 kJ \/ 371 kcal, Graisses 8,0 g, dont acides gras satur\u00e9s 4,8 g, Glucides 57 g, dont sucres 3,0 g, Fibres alimentaires 3,7 g, Prot\u00e9ines 16 g, Sel 1,6 g.<\/p>\n<p><strong>Conservation:<\/strong> 13 mois ans \u00e0 partir de la date de production \u00e0 temp\u00e9rature ambiante, stocker dans un endroit frais et sec, loin des sources de chaleur.<\/p>\n<p><strong>Traitement de la commande et de la livraison:<\/strong> les commandes sont trait\u00e9es dans les 2\/3 jours ouvrables suivant leur r\u00e9ception; les marchandises sont livr\u00e9es dans les 24\/48 heures, en fonction de la destination et de la disponibilit\u00e9 des transporteurs.<\/p>\n<p><em>Dans notre site d\u2019entreprise, vous trouverez diff\u00e9rentes\u00a0<a href=\"https:\/\/www.acqualagnatartufi.com\/fr\/recettes\/\">recettes<\/a>\u00a0qui vous donneront diff\u00e9rents conseils sur la fa\u00e7on dont vous pouvez profiter de notre truffe!<\/em><\/p>\n","protected":false},"excerpt":{"rendered":"<p>Ravioli \u00e0 la truffe<\/p>\n","protected":false},"featured_media":68232,"template":"","meta":{"_acf_changed":false},"product_brand":[],"product_cat":[1042],"product_tag":[],"class_list":{"0":"post-68229","1":"product","2":"type-product","3":"status-publish","4":"has-post-thumbnail","6":"product_cat-ligne-gourmande","8":"first","9":"instock","10":"taxable","11":"shipping-taxable","12":"purchasable","13":"product-type-simple"},"acf":[],"yoast_head":"<!-- This site is optimized with the Yoast SEO plugin v27.3 - https:\/\/yoast.com\/product\/yoast-seo-wordpress\/ -->\n<title>Ravioli \u00e0 la truffe - Tartufi e Sapori Shop online<\/title>\n<meta name=\"description\" content=\"Les ravioli \u00e0 la truffe sont l\u2019un des produits les plus appr\u00e9ci\u00e9s et savoureux de notre ligne gourmet. Une p\u00e2te \u00e0 l\u2019oeuf avec truffe noire...\" \/>\n<meta name=\"robots\" content=\"index, follow, max-snippet:-1, max-image-preview:large, max-video-preview:-1\" \/>\n<link rel=\"canonical\" href=\"https:\/\/tartufiesapori.com\/fr\/produit\/ravioli-a-la-truffe\/\" \/>\n<meta property=\"og:locale\" content=\"fr_FR\" \/>\n<meta property=\"og:type\" content=\"article\" \/>\n<meta property=\"og:title\" content=\"Ravioli \u00e0 la truffe - Tartufi e Sapori Shop online\" \/>\n<meta property=\"og:description\" content=\"Les ravioli \u00e0 la truffe sont l\u2019un des produits les plus appr\u00e9ci\u00e9s et savoureux de notre ligne gourmet. Une p\u00e2te \u00e0 l\u2019oeuf avec truffe noire...\" \/>\n<meta property=\"og:url\" content=\"https:\/\/tartufiesapori.com\/fr\/produit\/ravioli-a-la-truffe\/\" \/>\n<meta property=\"og:site_name\" content=\"Tartufi e Sapori Shop online\" \/>\n<meta property=\"article:modified_time\" content=\"2025-12-11T13:38:10+00:00\" \/>\n<meta property=\"og:image\" content=\"https:\/\/tartufiesapori.com\/wp-content\/uploads\/2025\/10\/Ravioli-al-tartufo-500.jpg\" \/>\n\t<meta property=\"og:image:width\" content=\"1080\" \/>\n\t<meta property=\"og:image:height\" content=\"1080\" \/>\n\t<meta property=\"og:image:type\" content=\"image\/jpeg\" \/>\n<meta name=\"twitter:card\" content=\"summary_large_image\" \/>\n<meta name=\"twitter:label1\" content=\"Dur\u00e9e de lecture estim\u00e9e\" \/>\n\t<meta name=\"twitter:data1\" content=\"2 minutes\" \/>\n<!-- \/ Yoast SEO plugin. -->","yoast_head_json":{"title":"Ravioli \u00e0 la truffe - Tartufi e Sapori Shop online","description":"Les ravioli \u00e0 la truffe sont l\u2019un des produits les plus appr\u00e9ci\u00e9s et savoureux de notre ligne gourmet. Une p\u00e2te \u00e0 l\u2019oeuf avec truffe noire...","robots":{"index":"index","follow":"follow","max-snippet":"max-snippet:-1","max-image-preview":"max-image-preview:large","max-video-preview":"max-video-preview:-1"},"canonical":"https:\/\/tartufiesapori.com\/fr\/produit\/ravioli-a-la-truffe\/","og_locale":"fr_FR","og_type":"article","og_title":"Ravioli \u00e0 la truffe - Tartufi e Sapori Shop online","og_description":"Les ravioli \u00e0 la truffe sont l\u2019un des produits les plus appr\u00e9ci\u00e9s et savoureux de notre ligne gourmet. Une p\u00e2te \u00e0 l\u2019oeuf avec truffe noire...","og_url":"https:\/\/tartufiesapori.com\/fr\/produit\/ravioli-a-la-truffe\/","og_site_name":"Tartufi e Sapori Shop online","article_modified_time":"2025-12-11T13:38:10+00:00","og_image":[{"width":1080,"height":1080,"url":"https:\/\/tartufiesapori.com\/wp-content\/uploads\/2025\/10\/Ravioli-al-tartufo-500.jpg","type":"image\/jpeg"}],"twitter_card":"summary_large_image","twitter_misc":{"Dur\u00e9e de lecture estim\u00e9e":"2 minutes"},"schema":{"@context":"https:\/\/schema.org","@graph":[{"@type":"WebPage","@id":"https:\/\/tartufiesapori.com\/fr\/produit\/ravioli-a-la-truffe\/","url":"https:\/\/tartufiesapori.com\/fr\/produit\/ravioli-a-la-truffe\/","name":"Ravioli \u00e0 la truffe - Tartufi e Sapori Shop online","isPartOf":{"@id":"https:\/\/tartufiesapori.com\/fr\/#website"},"primaryImageOfPage":{"@id":"https:\/\/tartufiesapori.com\/fr\/produit\/ravioli-a-la-truffe\/#primaryimage"},"image":{"@id":"https:\/\/tartufiesapori.com\/fr\/produit\/ravioli-a-la-truffe\/#primaryimage"},"thumbnailUrl":"https:\/\/tartufiesapori.com\/wp-content\/uploads\/2025\/10\/Ravioli-al-tartufo-500.jpg","datePublished":"2025-10-30T10:45:14+00:00","dateModified":"2025-12-11T13:38:10+00:00","description":"Les ravioli \u00e0 la truffe sont l\u2019un des produits les plus appr\u00e9ci\u00e9s et savoureux de notre ligne gourmet. Une p\u00e2te \u00e0 l\u2019oeuf avec truffe noire...","breadcrumb":{"@id":"https:\/\/tartufiesapori.com\/fr\/produit\/ravioli-a-la-truffe\/#breadcrumb"},"inLanguage":"fr-FR","potentialAction":[{"@type":"ReadAction","target":["https:\/\/tartufiesapori.com\/fr\/produit\/ravioli-a-la-truffe\/"]}]},{"@type":"ImageObject","inLanguage":"fr-FR","@id":"https:\/\/tartufiesapori.com\/fr\/produit\/ravioli-a-la-truffe\/#primaryimage","url":"https:\/\/tartufiesapori.com\/wp-content\/uploads\/2025\/10\/Ravioli-al-tartufo-500.jpg","contentUrl":"https:\/\/tartufiesapori.com\/wp-content\/uploads\/2025\/10\/Ravioli-al-tartufo-500.jpg","width":1080,"height":1080},{"@type":"BreadcrumbList","@id":"https:\/\/tartufiesapori.com\/fr\/produit\/ravioli-a-la-truffe\/#breadcrumb","itemListElement":[{"@type":"ListItem","position":1,"name":"Tartufi e Sapori","item":"https:\/\/tartufiesapori.com\/fr\/"},{"@type":"ListItem","position":2,"name":"Shop","item":"https:\/\/tartufiesapori.com\/fr\/shop\/"},{"@type":"ListItem","position":3,"name":"LIGNE GOURMANDE","item":"https:\/\/tartufiesapori.com\/fr\/categorie-produit\/ligne-gourmande\/"},{"@type":"ListItem","position":4,"name":"Ravioli \u00e0 la truffe"}]},{"@type":"WebSite","@id":"https:\/\/tartufiesapori.com\/fr\/#website","url":"https:\/\/tartufiesapori.com\/fr\/","name":"Tartufi e Sapori Shop online","description":"Tartufi di Acqualagna","potentialAction":[{"@type":"SearchAction","target":{"@type":"EntryPoint","urlTemplate":"https:\/\/tartufiesapori.com\/fr\/?s={search_term_string}"},"query-input":{"@type":"PropertyValueSpecification","valueRequired":true,"valueName":"search_term_string"}}],"inLanguage":"fr-FR"}]}},"_links":{"self":[{"href":"https:\/\/tartufiesapori.com\/fr\/wp-json\/wp\/v2\/product\/68229","targetHints":{"allow":["GET"]}}],"collection":[{"href":"https:\/\/tartufiesapori.com\/fr\/wp-json\/wp\/v2\/product"}],"about":[{"href":"https:\/\/tartufiesapori.com\/fr\/wp-json\/wp\/v2\/types\/product"}],"wp:featuredmedia":[{"embeddable":true,"href":"https:\/\/tartufiesapori.com\/fr\/wp-json\/wp\/v2\/media\/68232"}],"wp:attachment":[{"href":"https:\/\/tartufiesapori.com\/fr\/wp-json\/wp\/v2\/media?parent=68229"}],"wp:term":[{"taxonomy":"product_brand","embeddable":true,"href":"https:\/\/tartufiesapori.com\/fr\/wp-json\/wp\/v2\/product_brand?post=68229"},{"taxonomy":"product_cat","embeddable":true,"href":"https:\/\/tartufiesapori.com\/fr\/wp-json\/wp\/v2\/product_cat?post=68229"},{"taxonomy":"product_tag","embeddable":true,"href":"https:\/\/tartufiesapori.com\/fr\/wp-json\/wp\/v2\/product_tag?post=68229"}],"curies":[{"name":"wp","href":"https:\/\/api.w.org\/{rel}","templated":true}]}}