{"id":59443,"date":"2024-12-18T15:27:28","date_gmt":"2024-12-18T14:27:28","guid":{"rendered":"https:\/\/tartufiesapori.com\/product\/portachiavi-acqualagna-tartufi\/"},"modified":"2024-12-18T17:26:17","modified_gmt":"2024-12-18T16:26:17","slug":"porte-cles-acqualagna-tartufi","status":"publish","type":"product","link":"https:\/\/tartufiesapori.com\/fr\/produit\/porte-cles-acqualagna-tartufi\/","title":{"rendered":"Porte-cl\u00e9s Acqualagna Tartufi"},"content":{"rendered":"<p>Porte-cl\u00e9s fabriqu\u00e9 \u00e0 la main avec l\u2019embl\u00e9matique truffe blanche d\u2019Acqualagna et notre plaque. Cr\u00e9\u00e9 avec des produits naturels, il est un souvenir agr\u00e9able pour tous les amateurs de truffe blanche et d\u2019acqualagne.<\/p>\n<p>Nous vous rappelons que d\u2019autres <a href=\"https:\/\/tartufiesapori.com\/fr\/categorie-produit\/ligne-traditionnelle\/accessoires-marketing\/\">accessoires et outils<\/a> sont \u00e9galement disponibles, y compris des brosses, des mouchoirs, des papiers, des chapeaux et des r\u00e2pes.<\/p>\n<p><strong>Traitement de la commande et de la livraison:<\/strong>\u00a0les commandes sont trait\u00e9es dans les 2\/3 jours ouvrables suivant leur r\u00e9ception; les marchandises sont livr\u00e9es dans les 24\/48 heures, en fonction de la destination et de la disponibilit\u00e9 des transporteurs.<\/p>\n<p><em>Dans notre site d\u2019entreprise, vous trouverez diff\u00e9rentes\u00a0<a href=\"https:\/\/www.acqualagnatartufi.com\/fr\/recettes\/\">recettes<\/a>\u00a0qui vous donneront diff\u00e9rents conseils sur la fa\u00e7on dont vous pouvez profiter de notre truffe!<\/em><\/p>\n","protected":false},"excerpt":{"rendered":"<p>Porte-cl\u00e9s fabriqu\u00e9 \u00e0 la main avec l\u2019embl\u00e9matique truffe blanche d\u2019Acqualagna et notre plaque. Cr\u00e9\u00e9 avec des produits naturels, il est un souvenir agr\u00e9able pour tous les amateurs de truffe blanche et d\u2019acqualagne. Nous vous rappelons que d\u2019autres accessoires et outils sont \u00e9galement disponibles, y compris des brosses, des mouchoirs, des papiers, des chapeaux et des&hellip;<\/p>\n","protected":false},"featured_media":59455,"template":"","meta":{"_acf_changed":false},"product_brand":[],"product_cat":[1050],"product_tag":[],"class_list":{"0":"post-59443","1":"product","2":"type-product","3":"status-publish","4":"has-post-thumbnail","6":"product_cat-accessoires-marketing","8":"first","9":"instock","10":"taxable","11":"shipping-taxable","12":"purchasable","13":"product-type-simple"},"acf":[],"yoast_head":"<!-- This site is optimized with the Yoast SEO plugin v27.3 - https:\/\/yoast.com\/product\/yoast-seo-wordpress\/ -->\n<title>Porte-cl\u00e9s Acqualagna Tartufi - Tartufi e Sapori Shop online<\/title>\n<meta name=\"description\" content=\"Porte-cl\u00e9s Acqualagna Tartufi repr\u00e9sentant l\u2019embl\u00e9matique truffe blanche de notre terre. Fabriqu\u00e9 \u00e0 la main avec des produits naturels...\" \/>\n<meta name=\"robots\" content=\"index, follow, max-snippet:-1, max-image-preview:large, max-video-preview:-1\" \/>\n<link rel=\"canonical\" href=\"https:\/\/tartufiesapori.com\/fr\/produit\/porte-cles-acqualagna-tartufi\/\" \/>\n<meta property=\"og:locale\" content=\"fr_FR\" \/>\n<meta property=\"og:type\" content=\"article\" \/>\n<meta property=\"og:title\" content=\"Porte-cl\u00e9s Acqualagna Tartufi - Tartufi e Sapori Shop online\" \/>\n<meta property=\"og:description\" content=\"Porte-cl\u00e9s Acqualagna Tartufi repr\u00e9sentant l\u2019embl\u00e9matique truffe blanche de notre terre. Fabriqu\u00e9 \u00e0 la main avec des produits naturels...\" \/>\n<meta property=\"og:url\" content=\"https:\/\/tartufiesapori.com\/fr\/produit\/porte-cles-acqualagna-tartufi\/\" \/>\n<meta property=\"og:site_name\" content=\"Tartufi e Sapori Shop online\" \/>\n<meta property=\"article:modified_time\" content=\"2024-12-18T16:26:17+00:00\" \/>\n<meta property=\"og:image\" content=\"https:\/\/tartufiesapori.com\/wp-content\/uploads\/2024\/12\/Portachiavi-Acqualagna-Tartufi-03.jpg\" \/>\n\t<meta property=\"og:image:width\" content=\"1600\" \/>\n\t<meta property=\"og:image:height\" content=\"1600\" \/>\n\t<meta property=\"og:image:type\" content=\"image\/jpeg\" \/>\n<meta name=\"twitter:card\" content=\"summary_large_image\" \/>\n<meta name=\"twitter:label1\" content=\"Dur\u00e9e de lecture estim\u00e9e\" \/>\n\t<meta name=\"twitter:data1\" content=\"1 minute\" \/>\n<!-- \/ Yoast SEO plugin. -->","yoast_head_json":{"title":"Porte-cl\u00e9s Acqualagna Tartufi - Tartufi e Sapori Shop online","description":"Porte-cl\u00e9s Acqualagna Tartufi repr\u00e9sentant l\u2019embl\u00e9matique truffe blanche de notre terre. Fabriqu\u00e9 \u00e0 la main avec des produits naturels...","robots":{"index":"index","follow":"follow","max-snippet":"max-snippet:-1","max-image-preview":"max-image-preview:large","max-video-preview":"max-video-preview:-1"},"canonical":"https:\/\/tartufiesapori.com\/fr\/produit\/porte-cles-acqualagna-tartufi\/","og_locale":"fr_FR","og_type":"article","og_title":"Porte-cl\u00e9s Acqualagna Tartufi - Tartufi e Sapori Shop online","og_description":"Porte-cl\u00e9s Acqualagna Tartufi repr\u00e9sentant l\u2019embl\u00e9matique truffe blanche de notre terre. Fabriqu\u00e9 \u00e0 la main avec des produits naturels...","og_url":"https:\/\/tartufiesapori.com\/fr\/produit\/porte-cles-acqualagna-tartufi\/","og_site_name":"Tartufi e Sapori Shop online","article_modified_time":"2024-12-18T16:26:17+00:00","og_image":[{"width":1600,"height":1600,"url":"https:\/\/tartufiesapori.com\/wp-content\/uploads\/2024\/12\/Portachiavi-Acqualagna-Tartufi-03.jpg","type":"image\/jpeg"}],"twitter_card":"summary_large_image","twitter_misc":{"Dur\u00e9e de lecture estim\u00e9e":"1 minute"},"schema":{"@context":"https:\/\/schema.org","@graph":[{"@type":"WebPage","@id":"https:\/\/tartufiesapori.com\/fr\/produit\/porte-cles-acqualagna-tartufi\/","url":"https:\/\/tartufiesapori.com\/fr\/produit\/porte-cles-acqualagna-tartufi\/","name":"Porte-cl\u00e9s Acqualagna Tartufi - Tartufi e Sapori Shop online","isPartOf":{"@id":"https:\/\/tartufiesapori.com\/fr\/#website"},"primaryImageOfPage":{"@id":"https:\/\/tartufiesapori.com\/fr\/produit\/porte-cles-acqualagna-tartufi\/#primaryimage"},"image":{"@id":"https:\/\/tartufiesapori.com\/fr\/produit\/porte-cles-acqualagna-tartufi\/#primaryimage"},"thumbnailUrl":"https:\/\/tartufiesapori.com\/wp-content\/uploads\/2024\/12\/Portachiavi-Acqualagna-Tartufi-03.jpg","datePublished":"2024-12-18T14:27:28+00:00","dateModified":"2024-12-18T16:26:17+00:00","description":"Porte-cl\u00e9s Acqualagna Tartufi repr\u00e9sentant l\u2019embl\u00e9matique truffe blanche de notre terre. Fabriqu\u00e9 \u00e0 la main avec des produits naturels...","breadcrumb":{"@id":"https:\/\/tartufiesapori.com\/fr\/produit\/porte-cles-acqualagna-tartufi\/#breadcrumb"},"inLanguage":"fr-FR","potentialAction":[{"@type":"ReadAction","target":["https:\/\/tartufiesapori.com\/fr\/produit\/porte-cles-acqualagna-tartufi\/"]}]},{"@type":"ImageObject","inLanguage":"fr-FR","@id":"https:\/\/tartufiesapori.com\/fr\/produit\/porte-cles-acqualagna-tartufi\/#primaryimage","url":"https:\/\/tartufiesapori.com\/wp-content\/uploads\/2024\/12\/Portachiavi-Acqualagna-Tartufi-03.jpg","contentUrl":"https:\/\/tartufiesapori.com\/wp-content\/uploads\/2024\/12\/Portachiavi-Acqualagna-Tartufi-03.jpg","width":1600,"height":1600},{"@type":"BreadcrumbList","@id":"https:\/\/tartufiesapori.com\/fr\/produit\/porte-cles-acqualagna-tartufi\/#breadcrumb","itemListElement":[{"@type":"ListItem","position":1,"name":"Tartufi e Sapori","item":"https:\/\/tartufiesapori.com\/fr\/"},{"@type":"ListItem","position":2,"name":"Shop","item":"https:\/\/tartufiesapori.com\/fr\/shop\/"},{"@type":"ListItem","position":3,"name":"LIGNE TRADITIONNELLE","item":"https:\/\/tartufiesapori.com\/fr\/categorie-produit\/ligne-traditionnelle\/"},{"@type":"ListItem","position":4,"name":"Accessoires &amp; Marketing","item":"https:\/\/tartufiesapori.com\/fr\/categorie-produit\/ligne-traditionnelle\/accessoires-marketing\/"},{"@type":"ListItem","position":5,"name":"Porte-cl\u00e9s Acqualagna Tartufi"}]},{"@type":"WebSite","@id":"https:\/\/tartufiesapori.com\/fr\/#website","url":"https:\/\/tartufiesapori.com\/fr\/","name":"Tartufi e Sapori Shop online","description":"Tartufi di Acqualagna","potentialAction":[{"@type":"SearchAction","target":{"@type":"EntryPoint","urlTemplate":"https:\/\/tartufiesapori.com\/fr\/?s={search_term_string}"},"query-input":{"@type":"PropertyValueSpecification","valueRequired":true,"valueName":"search_term_string"}}],"inLanguage":"fr-FR"}]}},"_links":{"self":[{"href":"https:\/\/tartufiesapori.com\/fr\/wp-json\/wp\/v2\/product\/59443","targetHints":{"allow":["GET"]}}],"collection":[{"href":"https:\/\/tartufiesapori.com\/fr\/wp-json\/wp\/v2\/product"}],"about":[{"href":"https:\/\/tartufiesapori.com\/fr\/wp-json\/wp\/v2\/types\/product"}],"wp:featuredmedia":[{"embeddable":true,"href":"https:\/\/tartufiesapori.com\/fr\/wp-json\/wp\/v2\/media\/59455"}],"wp:attachment":[{"href":"https:\/\/tartufiesapori.com\/fr\/wp-json\/wp\/v2\/media?parent=59443"}],"wp:term":[{"taxonomy":"product_brand","embeddable":true,"href":"https:\/\/tartufiesapori.com\/fr\/wp-json\/wp\/v2\/product_brand?post=59443"},{"taxonomy":"product_cat","embeddable":true,"href":"https:\/\/tartufiesapori.com\/fr\/wp-json\/wp\/v2\/product_cat?post=59443"},{"taxonomy":"product_tag","embeddable":true,"href":"https:\/\/tartufiesapori.com\/fr\/wp-json\/wp\/v2\/product_tag?post=59443"}],"curies":[{"name":"wp","href":"https:\/\/api.w.org\/{rel}","templated":true}]}}