{"id":53447,"date":"2024-07-12T12:16:25","date_gmt":"2024-07-12T10:16:25","guid":{"rendered":"https:\/\/tartufiesapori.com\/product\/maionese-al-tartufo\/"},"modified":"2025-09-15T16:42:19","modified_gmt":"2025-09-15T14:42:19","slug":"mayonnaise-a-la-truffe","status":"publish","type":"product","link":"https:\/\/tartufiesapori.com\/fr\/produit\/mayonnaise-a-la-truffe\/","title":{"rendered":"Mayonnaise \u00e0 la truffe"},"content":{"rendered":"<p>La mayonnaise \u00e0 la truffe est la nouveaut\u00e9 de cet \u00e9t\u00e9, une cr\u00e8me douce et l\u00e9g\u00e8re \u00e0 la truffe noire d\u2019\u00e9t\u00e9 qui est bien adapt\u00e9e pour m\u00e9langer, tartiner ou d\u00e9guster seule.<\/p>\n<p>Une sauce extr\u00eamement polyvalente, \u00e0 essayer sur cro\u00fbtons, frites ou bouillies, pizzas, l\u00e9gumes grill\u00e9s, hamburgers, hot-dogs, sandwichs, ou comme sauce d\u2019accompagnement pour viande ou poisson grill\u00e9s. Notre mayonnaise \u00e0 la truffe est \u00e9galement excellente en combinaison avec nos <a href=\"https:\/\/tartufiesapori.com\/fr\/produit\/chips-a-la-truffe\/\">chips \u00e0 la truffe.<\/a><\/p>\n<p><strong>Ingr\u00e9dients:<\/strong>\u00a0huile de tournesol 70%, eau, <strong>OEUFS<\/strong> pasteuris\u00e9s 10%, jus de citron, sel, \u00e9paississant: E415, correcteur d\u2019acidit\u00e9: E330, poudre de truffe d\u2019\u00e9t\u00e9 s\u00e9ch\u00e9e (<em>Tuber aestivum Vitt.<\/em>) 0,2%, ar\u00f4mes. Peut contenir des traces de c\u00e9r\u00e9ales contenant du<strong> GLUTEN, CRUSTAC\u00c9S, \u0152UFS, POISSON, LAIT, GRAINES DE S\u00c9SAME<\/strong> et produits d\u00e9riv\u00e9s.<\/p>\n<p><strong>Valeurs nutritionnelles moyennes pour 100 g:<\/strong> \u00c9nergie 2396 kJ \/ 582 kcal, Graisses 62 g, dont acides gras satur\u00e9s 8,8 g, Glucides 0 g, dont sucres 0 g, Fibres alimentaires 0 g, Prot\u00e9ines 6,6 g, Sel 0,69 g.<\/p>\n<p><strong>Conservation:<\/strong> 18 mois \u00e0 compter de la date de production \u00e0 temp\u00e9rature ambiante; une fois ouvert, conserver au r\u00e9frig\u00e9rateur.<\/p>\n<p><strong>Traitement de la commande et de la livraison:<\/strong> les commandes sont trait\u00e9es dans les 2\/3 jours ouvrables suivant leur r\u00e9ception; les marchandises sont livr\u00e9es dans les 24\/48 heures, en fonction de la destination et de la disponibilit\u00e9 des transporteurs.<\/p>\n<p><em>Dans notre site d\u2019entreprise, vous trouverez diff\u00e9rentes <a href=\"https:\/\/www.acqualagnatartufi.com\/fr\/recettes\/\">recettes<\/a> qui vous donneront diff\u00e9rents conseils sur la fa\u00e7on dont vous pouvez profiter de notre truffe!<\/em><\/p>\n","protected":false},"excerpt":{"rendered":"<p>Mayonnaise \u00e0 la truffe<\/p>\n","protected":false},"featured_media":53483,"template":"","meta":{"_acf_changed":false},"product_brand":[],"product_cat":[1573,1047],"product_tag":[],"class_list":{"0":"post-53447","1":"product","2":"type-product","3":"status-publish","4":"has-post-thumbnail","6":"product_cat-produits-proposes","7":"product_cat-specialite-a-la-truffe","9":"first","10":"instock","11":"sale","12":"taxable","13":"shipping-taxable","14":"purchasable","15":"product-type-variable","16":"has-default-attributes"},"acf":[],"yoast_head":"<!-- This site is optimized with the Yoast SEO plugin v27.3 - https:\/\/yoast.com\/product\/yoast-seo-wordpress\/ -->\n<title>Mayonnaise \u00e0 la truffe - Tartufi e Sapori Shop online<\/title>\n<meta name=\"description\" content=\"La mayonnaise \u00e0 la truffe est la nouveaut\u00e9 toute \u00e0 d\u00e9guster d\u00e9di\u00e9e aux amateurs de produits \u00e0 la truffe. Une harmonie d\u00e9licate et parfaite qui...\" \/>\n<meta name=\"robots\" content=\"index, follow, max-snippet:-1, max-image-preview:large, max-video-preview:-1\" \/>\n<link rel=\"canonical\" href=\"https:\/\/tartufiesapori.com\/fr\/produit\/mayonnaise-a-la-truffe\/\" \/>\n<meta property=\"og:locale\" content=\"fr_FR\" \/>\n<meta property=\"og:type\" content=\"article\" \/>\n<meta property=\"og:title\" content=\"Mayonnaise \u00e0 la truffe - Tartufi e Sapori Shop online\" \/>\n<meta property=\"og:description\" content=\"La mayonnaise \u00e0 la truffe est la nouveaut\u00e9 toute \u00e0 d\u00e9guster d\u00e9di\u00e9e aux amateurs de produits \u00e0 la truffe. Une harmonie d\u00e9licate et parfaite qui...\" \/>\n<meta property=\"og:url\" content=\"https:\/\/tartufiesapori.com\/fr\/produit\/mayonnaise-a-la-truffe\/\" \/>\n<meta property=\"og:site_name\" content=\"Tartufi e Sapori Shop online\" \/>\n<meta property=\"article:modified_time\" content=\"2025-09-15T14:42:19+00:00\" \/>\n<meta property=\"og:image\" content=\"https:\/\/tartufiesapori.com\/wp-content\/uploads\/2024\/07\/Maionese-al-tartufo-90.jpg\" \/>\n\t<meta property=\"og:image:width\" content=\"1600\" \/>\n\t<meta property=\"og:image:height\" content=\"1600\" \/>\n\t<meta property=\"og:image:type\" content=\"image\/jpeg\" \/>\n<meta name=\"twitter:card\" content=\"summary_large_image\" \/>\n<meta name=\"twitter:label1\" content=\"Dur\u00e9e de lecture estim\u00e9e\" \/>\n\t<meta name=\"twitter:data1\" content=\"2 minutes\" \/>\n<!-- \/ Yoast SEO plugin. -->","yoast_head_json":{"title":"Mayonnaise \u00e0 la truffe - Tartufi e Sapori Shop online","description":"La mayonnaise \u00e0 la truffe est la nouveaut\u00e9 toute \u00e0 d\u00e9guster d\u00e9di\u00e9e aux amateurs de produits \u00e0 la truffe. Une harmonie d\u00e9licate et parfaite qui...","robots":{"index":"index","follow":"follow","max-snippet":"max-snippet:-1","max-image-preview":"max-image-preview:large","max-video-preview":"max-video-preview:-1"},"canonical":"https:\/\/tartufiesapori.com\/fr\/produit\/mayonnaise-a-la-truffe\/","og_locale":"fr_FR","og_type":"article","og_title":"Mayonnaise \u00e0 la truffe - Tartufi e Sapori Shop online","og_description":"La mayonnaise \u00e0 la truffe est la nouveaut\u00e9 toute \u00e0 d\u00e9guster d\u00e9di\u00e9e aux amateurs de produits \u00e0 la truffe. Une harmonie d\u00e9licate et parfaite qui...","og_url":"https:\/\/tartufiesapori.com\/fr\/produit\/mayonnaise-a-la-truffe\/","og_site_name":"Tartufi e Sapori Shop online","article_modified_time":"2025-09-15T14:42:19+00:00","og_image":[{"width":1600,"height":1600,"url":"https:\/\/tartufiesapori.com\/wp-content\/uploads\/2024\/07\/Maionese-al-tartufo-90.jpg","type":"image\/jpeg"}],"twitter_card":"summary_large_image","twitter_misc":{"Dur\u00e9e de lecture estim\u00e9e":"2 minutes"},"schema":{"@context":"https:\/\/schema.org","@graph":[{"@type":"WebPage","@id":"https:\/\/tartufiesapori.com\/fr\/produit\/mayonnaise-a-la-truffe\/","url":"https:\/\/tartufiesapori.com\/fr\/produit\/mayonnaise-a-la-truffe\/","name":"Mayonnaise \u00e0 la truffe - Tartufi e Sapori Shop online","isPartOf":{"@id":"https:\/\/tartufiesapori.com\/fr\/#website"},"primaryImageOfPage":{"@id":"https:\/\/tartufiesapori.com\/fr\/produit\/mayonnaise-a-la-truffe\/#primaryimage"},"image":{"@id":"https:\/\/tartufiesapori.com\/fr\/produit\/mayonnaise-a-la-truffe\/#primaryimage"},"thumbnailUrl":"https:\/\/tartufiesapori.com\/wp-content\/uploads\/2024\/07\/Maionese-al-tartufo-90.jpg","datePublished":"2024-07-12T10:16:25+00:00","dateModified":"2025-09-15T14:42:19+00:00","description":"La mayonnaise \u00e0 la truffe est la nouveaut\u00e9 toute \u00e0 d\u00e9guster d\u00e9di\u00e9e aux amateurs de produits \u00e0 la truffe. Une harmonie d\u00e9licate et parfaite qui...","breadcrumb":{"@id":"https:\/\/tartufiesapori.com\/fr\/produit\/mayonnaise-a-la-truffe\/#breadcrumb"},"inLanguage":"fr-FR","potentialAction":[{"@type":"ReadAction","target":["https:\/\/tartufiesapori.com\/fr\/produit\/mayonnaise-a-la-truffe\/"]}]},{"@type":"ImageObject","inLanguage":"fr-FR","@id":"https:\/\/tartufiesapori.com\/fr\/produit\/mayonnaise-a-la-truffe\/#primaryimage","url":"https:\/\/tartufiesapori.com\/wp-content\/uploads\/2024\/07\/Maionese-al-tartufo-90.jpg","contentUrl":"https:\/\/tartufiesapori.com\/wp-content\/uploads\/2024\/07\/Maionese-al-tartufo-90.jpg","width":1600,"height":1600},{"@type":"BreadcrumbList","@id":"https:\/\/tartufiesapori.com\/fr\/produit\/mayonnaise-a-la-truffe\/#breadcrumb","itemListElement":[{"@type":"ListItem","position":1,"name":"Tartufi e Sapori","item":"https:\/\/tartufiesapori.com\/fr\/"},{"@type":"ListItem","position":2,"name":"Shop","item":"https:\/\/tartufiesapori.com\/fr\/shop\/"},{"@type":"ListItem","position":3,"name":"LIGNE TRADITIONNELLE","item":"https:\/\/tartufiesapori.com\/fr\/categorie-produit\/ligne-traditionnelle\/"},{"@type":"ListItem","position":4,"name":"Sp\u00e9cialit\u00e9 \u00e0 la truffe","item":"https:\/\/tartufiesapori.com\/fr\/categorie-produit\/ligne-traditionnelle\/specialite-a-la-truffe\/"},{"@type":"ListItem","position":5,"name":"Mayonnaise \u00e0 la truffe"}]},{"@type":"WebSite","@id":"https:\/\/tartufiesapori.com\/fr\/#website","url":"https:\/\/tartufiesapori.com\/fr\/","name":"Tartufi e Sapori Shop online","description":"Tartufi di Acqualagna","potentialAction":[{"@type":"SearchAction","target":{"@type":"EntryPoint","urlTemplate":"https:\/\/tartufiesapori.com\/fr\/?s={search_term_string}"},"query-input":{"@type":"PropertyValueSpecification","valueRequired":true,"valueName":"search_term_string"}}],"inLanguage":"fr-FR"}]}},"_links":{"self":[{"href":"https:\/\/tartufiesapori.com\/fr\/wp-json\/wp\/v2\/product\/53447","targetHints":{"allow":["GET"]}}],"collection":[{"href":"https:\/\/tartufiesapori.com\/fr\/wp-json\/wp\/v2\/product"}],"about":[{"href":"https:\/\/tartufiesapori.com\/fr\/wp-json\/wp\/v2\/types\/product"}],"wp:featuredmedia":[{"embeddable":true,"href":"https:\/\/tartufiesapori.com\/fr\/wp-json\/wp\/v2\/media\/53483"}],"wp:attachment":[{"href":"https:\/\/tartufiesapori.com\/fr\/wp-json\/wp\/v2\/media?parent=53447"}],"wp:term":[{"taxonomy":"product_brand","embeddable":true,"href":"https:\/\/tartufiesapori.com\/fr\/wp-json\/wp\/v2\/product_brand?post=53447"},{"taxonomy":"product_cat","embeddable":true,"href":"https:\/\/tartufiesapori.com\/fr\/wp-json\/wp\/v2\/product_cat?post=53447"},{"taxonomy":"product_tag","embeddable":true,"href":"https:\/\/tartufiesapori.com\/fr\/wp-json\/wp\/v2\/product_tag?post=53447"}],"curies":[{"name":"wp","href":"https:\/\/api.w.org\/{rel}","templated":true}]}}