{"id":49825,"date":"2023-12-13T12:29:00","date_gmt":"2023-12-13T11:29:00","guid":{"rendered":"https:\/\/tartufiesapori.com\/product\/tagliatelle-rustiche-di-camerino\/"},"modified":"2026-02-24T17:37:25","modified_gmt":"2026-02-24T16:37:25","slug":"tagliatelle-rustiques-de-camerino","status":"publish","type":"product","link":"https:\/\/tartufiesapori.com\/fr\/produit\/tagliatelle-rustiques-de-camerino\/","title":{"rendered":"Tagliatelle rustiques de Camerino"},"content":{"rendered":"<p>Les tagliatelles rustiques de Camerino sont l\u2019une des p\u00e2tes les plus renomm\u00e9es de l\u2019arri\u00e8re-pays des Marches. Rugueuse et poreuse comme celle faite maison, elle est r\u00e9alis\u00e9e avec soin et dans le respect des meilleures m\u00e9thodes artisanales, ce qui la rend parfaite pour capturer les sauces et exalter chaque plat. Parmi les anciens pr\u00e9ceptes qui ont rendu si c\u00e9l\u00e8bres les nouilles rustiques, nous d\u00e9couvrons la triple p\u00e2te lente et le bronze \u00e9tir\u00e9, une combinaison de connaissances et de saveurs capables de faire revivre la m\u00e9moire d\u2019un territoire.<\/p>\n<p>Une ancienne recette r\u00e9alis\u00e9e uniquement avec des ingr\u00e9dients italiens de premi\u00e8re qualit\u00e9 et avec un s\u00e9chage lent \u00e0 basses temp\u00e9ratures. Gr\u00e2ce \u00e0 nos savoureuses <a href=\"https:\/\/tartufiesapori.com\/fr\/categorie-produit\/ligne-traditionnelle\/sauces-a-la-truffe\/\">sauces \u00e0 la truffe,<\/a> vous pourrez profiter pleinement de l\u2019ancienne recette des tagliatelle rustiques de Camerino en donnant libre cours \u00e0 l\u2019imagination de votre cuisine. \u00c0 l\u2019int\u00e9rieur de notre site, vous pouvez \u00e9galement trouver les p\u00e2tes de Campofilone comme les <a href=\"https:\/\/tartufiesapori.com\/fr\/produit\/spinobelli\/\">spinobelli,<\/a> les <a href=\"https:\/\/tartufiesapori.com\/fr\/produit\/tagliolini-au-campofilone\/\">tagliolini<\/a> et les <a href=\"https:\/\/tartufiesapori.com\/fr\/produit\/fettuccine-de-campofilone\/\">fettuccine.<\/a><\/p>\n<p><strong>Poids:<\/strong> 500 g<\/p>\n<p><strong>Ingr\u00e9dients:<\/strong> semoule de bl\u00e9 dur et \u0153ufs frais.<\/p>\n<p><strong>Conservation:<\/strong> \u00e0 consommer apr\u00e8s cuisson, conserver dans un endroit frais et sec.<\/p>\n<p><strong>Traitement de la commande et de la livraison:<\/strong> les commandes sont trait\u00e9es dans les 2\/3 jours ouvrables suivant leur r\u00e9ception; les marchandises sont livr\u00e9es dans les 24\/48 heures, en fonction de la destination et de la disponibilit\u00e9 des transporteurs.<\/p>\n<p><em>Ne manquez pas tous les <a href=\"https:\/\/tartufiesapori.com\/fr\/categorie-produit\/ligne-traditionnelle\/produits-typiques-des-marches\/\">produits typiques de la r\u00e9gion des Marches,<\/a> une combinaison de saveurs \u00e0 d\u00e9couvrir!<\/em><\/p>\n","protected":false},"excerpt":{"rendered":"<p>Les tagliatelles rustiques de Camerino sont l\u2019une des p\u00e2tes les plus renomm\u00e9es de l\u2019arri\u00e8re-pays des Marches. Rugueuse et poreuse comme celle faite maison, elle est r\u00e9alis\u00e9e avec soin et dans le respect des meilleures m\u00e9thodes artisanales, ce qui la rend parfaite pour capturer les sauces et exalter chaque plat. Parmi les anciens pr\u00e9ceptes qui ont&hellip;<\/p>\n","protected":false},"featured_media":49801,"template":"","meta":{"_acf_changed":false},"product_brand":[],"product_cat":[1041,1573,1575],"product_tag":[],"class_list":{"0":"post-49825","1":"product","2":"type-product","3":"status-publish","4":"has-post-thumbnail","6":"product_cat-ligne-traditionnelle","7":"product_cat-produits-proposes","8":"product_cat-produits-typiques-des-marches","10":"first","11":"instock","12":"sale","13":"taxable","14":"shipping-taxable","15":"purchasable","16":"product-type-simple"},"acf":[],"yoast_head":"<!-- This site is optimized with the Yoast SEO plugin v27.3 - https:\/\/yoast.com\/product\/yoast-seo-wordpress\/ -->\n<title>Tagliatelle rustiques de Camerino - Tartufi e Sapori Shop online<\/title>\n<meta name=\"description\" content=\"Les tagliatelles rustiques de Camerino sont l\u2019une des p\u00e2tes les plus renomm\u00e9es de l\u2019arri\u00e8re-pays des Marches. Rugueuse et poreuse comme...\" \/>\n<meta name=\"robots\" content=\"index, follow, max-snippet:-1, max-image-preview:large, max-video-preview:-1\" \/>\n<link rel=\"canonical\" href=\"https:\/\/tartufiesapori.com\/fr\/produit\/tagliatelle-rustiques-de-camerino\/\" \/>\n<meta property=\"og:locale\" content=\"fr_FR\" \/>\n<meta property=\"og:type\" content=\"article\" \/>\n<meta property=\"og:title\" content=\"Tagliatelle rustiques de Camerino - Tartufi e Sapori Shop online\" \/>\n<meta property=\"og:description\" content=\"Les tagliatelles rustiques de Camerino sont l\u2019une des p\u00e2tes les plus renomm\u00e9es de l\u2019arri\u00e8re-pays des Marches. Rugueuse et poreuse comme...\" \/>\n<meta property=\"og:url\" content=\"https:\/\/tartufiesapori.com\/fr\/produit\/tagliatelle-rustiques-de-camerino\/\" \/>\n<meta property=\"og:site_name\" content=\"Tartufi e Sapori Shop online\" \/>\n<meta property=\"article:modified_time\" content=\"2026-02-24T16:37:25+00:00\" \/>\n<meta property=\"og:image\" content=\"https:\/\/tartufiesapori.com\/wp-content\/uploads\/2023\/12\/Pasta-Camerino-500-g.jpg\" \/>\n\t<meta property=\"og:image:width\" content=\"1600\" \/>\n\t<meta property=\"og:image:height\" content=\"1600\" \/>\n\t<meta property=\"og:image:type\" content=\"image\/jpeg\" \/>\n<meta name=\"twitter:card\" content=\"summary_large_image\" \/>\n<meta name=\"twitter:label1\" content=\"Dur\u00e9e de lecture estim\u00e9e\" \/>\n\t<meta name=\"twitter:data1\" content=\"2 minutes\" \/>\n<!-- \/ Yoast SEO plugin. -->","yoast_head_json":{"title":"Tagliatelle rustiques de Camerino - Tartufi e Sapori Shop online","description":"Les tagliatelles rustiques de Camerino sont l\u2019une des p\u00e2tes les plus renomm\u00e9es de l\u2019arri\u00e8re-pays des Marches. Rugueuse et poreuse comme...","robots":{"index":"index","follow":"follow","max-snippet":"max-snippet:-1","max-image-preview":"max-image-preview:large","max-video-preview":"max-video-preview:-1"},"canonical":"https:\/\/tartufiesapori.com\/fr\/produit\/tagliatelle-rustiques-de-camerino\/","og_locale":"fr_FR","og_type":"article","og_title":"Tagliatelle rustiques de Camerino - Tartufi e Sapori Shop online","og_description":"Les tagliatelles rustiques de Camerino sont l\u2019une des p\u00e2tes les plus renomm\u00e9es de l\u2019arri\u00e8re-pays des Marches. Rugueuse et poreuse comme...","og_url":"https:\/\/tartufiesapori.com\/fr\/produit\/tagliatelle-rustiques-de-camerino\/","og_site_name":"Tartufi e Sapori Shop online","article_modified_time":"2026-02-24T16:37:25+00:00","og_image":[{"width":1600,"height":1600,"url":"https:\/\/tartufiesapori.com\/wp-content\/uploads\/2023\/12\/Pasta-Camerino-500-g.jpg","type":"image\/jpeg"}],"twitter_card":"summary_large_image","twitter_misc":{"Dur\u00e9e de lecture estim\u00e9e":"2 minutes"},"schema":{"@context":"https:\/\/schema.org","@graph":[{"@type":"WebPage","@id":"https:\/\/tartufiesapori.com\/fr\/produit\/tagliatelle-rustiques-de-camerino\/","url":"https:\/\/tartufiesapori.com\/fr\/produit\/tagliatelle-rustiques-de-camerino\/","name":"Tagliatelle rustiques de Camerino - Tartufi e Sapori Shop online","isPartOf":{"@id":"https:\/\/tartufiesapori.com\/fr\/#website"},"primaryImageOfPage":{"@id":"https:\/\/tartufiesapori.com\/fr\/produit\/tagliatelle-rustiques-de-camerino\/#primaryimage"},"image":{"@id":"https:\/\/tartufiesapori.com\/fr\/produit\/tagliatelle-rustiques-de-camerino\/#primaryimage"},"thumbnailUrl":"https:\/\/tartufiesapori.com\/wp-content\/uploads\/2023\/12\/Pasta-Camerino-500-g.jpg","datePublished":"2023-12-13T11:29:00+00:00","dateModified":"2026-02-24T16:37:25+00:00","description":"Les tagliatelles rustiques de Camerino sont l\u2019une des p\u00e2tes les plus renomm\u00e9es de l\u2019arri\u00e8re-pays des Marches. Rugueuse et poreuse comme...","breadcrumb":{"@id":"https:\/\/tartufiesapori.com\/fr\/produit\/tagliatelle-rustiques-de-camerino\/#breadcrumb"},"inLanguage":"fr-FR","potentialAction":[{"@type":"ReadAction","target":["https:\/\/tartufiesapori.com\/fr\/produit\/tagliatelle-rustiques-de-camerino\/"]}]},{"@type":"ImageObject","inLanguage":"fr-FR","@id":"https:\/\/tartufiesapori.com\/fr\/produit\/tagliatelle-rustiques-de-camerino\/#primaryimage","url":"https:\/\/tartufiesapori.com\/wp-content\/uploads\/2023\/12\/Pasta-Camerino-500-g.jpg","contentUrl":"https:\/\/tartufiesapori.com\/wp-content\/uploads\/2023\/12\/Pasta-Camerino-500-g.jpg","width":1600,"height":1600},{"@type":"BreadcrumbList","@id":"https:\/\/tartufiesapori.com\/fr\/produit\/tagliatelle-rustiques-de-camerino\/#breadcrumb","itemListElement":[{"@type":"ListItem","position":1,"name":"Tartufi e Sapori","item":"https:\/\/tartufiesapori.com\/fr\/"},{"@type":"ListItem","position":2,"name":"Shop","item":"https:\/\/tartufiesapori.com\/fr\/shop\/"},{"@type":"ListItem","position":3,"name":"LIGNE TRADITIONNELLE","item":"https:\/\/tartufiesapori.com\/fr\/categorie-produit\/ligne-traditionnelle\/"},{"@type":"ListItem","position":4,"name":"Tagliatelle rustiques de Camerino"}]},{"@type":"WebSite","@id":"https:\/\/tartufiesapori.com\/fr\/#website","url":"https:\/\/tartufiesapori.com\/fr\/","name":"Tartufi e Sapori Shop online","description":"Tartufi di Acqualagna","potentialAction":[{"@type":"SearchAction","target":{"@type":"EntryPoint","urlTemplate":"https:\/\/tartufiesapori.com\/fr\/?s={search_term_string}"},"query-input":{"@type":"PropertyValueSpecification","valueRequired":true,"valueName":"search_term_string"}}],"inLanguage":"fr-FR"}]}},"_links":{"self":[{"href":"https:\/\/tartufiesapori.com\/fr\/wp-json\/wp\/v2\/product\/49825","targetHints":{"allow":["GET"]}}],"collection":[{"href":"https:\/\/tartufiesapori.com\/fr\/wp-json\/wp\/v2\/product"}],"about":[{"href":"https:\/\/tartufiesapori.com\/fr\/wp-json\/wp\/v2\/types\/product"}],"wp:featuredmedia":[{"embeddable":true,"href":"https:\/\/tartufiesapori.com\/fr\/wp-json\/wp\/v2\/media\/49801"}],"wp:attachment":[{"href":"https:\/\/tartufiesapori.com\/fr\/wp-json\/wp\/v2\/media?parent=49825"}],"wp:term":[{"taxonomy":"product_brand","embeddable":true,"href":"https:\/\/tartufiesapori.com\/fr\/wp-json\/wp\/v2\/product_brand?post=49825"},{"taxonomy":"product_cat","embeddable":true,"href":"https:\/\/tartufiesapori.com\/fr\/wp-json\/wp\/v2\/product_cat?post=49825"},{"taxonomy":"product_tag","embeddable":true,"href":"https:\/\/tartufiesapori.com\/fr\/wp-json\/wp\/v2\/product_tag?post=49825"}],"curies":[{"name":"wp","href":"https:\/\/api.w.org\/{rel}","templated":true}]}}