{"id":42918,"date":"2023-02-02T17:06:19","date_gmt":"2023-02-02T16:06:19","guid":{"rendered":"https:\/\/tartufiesapori.com\/?post_type=product&#038;p=42918"},"modified":"2025-09-30T08:53:31","modified_gmt":"2025-09-30T06:53:31","slug":"olives-marinees","status":"publish","type":"product","link":"https:\/\/tartufiesapori.com\/fr\/produit\/olives-marinees\/","title":{"rendered":"Olives marin\u00e9es bio"},"content":{"rendered":"<p>Les olives marin\u00e9es biologiques sont soigneusement s\u00e9lectionn\u00e9es lors de la cueillette \u00e0 la main et m\u00fbries en saumure naturelle sp\u00e9cialement pr\u00e9par\u00e9e. Elles ont une saveur d\u00e9licate, \u00e9quilibr\u00e9e. Id\u00e9ales pour la pr\u00e9paration d\u2019ap\u00e9ritifs et d\u2019entr\u00e9es, de plats de poisson, de pizzas et de focaccia.<\/p>\n<p>Les olives marin\u00e9es biologiques peuvent \u00eatre utilis\u00e9es pour enrichir une salade ou pour accompagner d\u2019importantes secondes de viande. \u00c9galement excellent comme amuse-gueules \u00e0 l\u2019occasion d\u2019un ap\u00e9ritif rapide, ils sont \u00e9galement tr\u00e8s utilis\u00e9s dans les riches hors-d\u2019\u0153uvre italiens avec de la charcuterie et du fromage. Nous vous recommandons de les essayer avec le <a href=\"https:\/\/tartufiesapori.com\/fr\/produit\/ciauscolo\/\">ciauscolo<\/a> et la <a href=\"https:\/\/tartufiesapori.com\/fr\/produit\/casciotta-durbino\/\">casciotta d\u2019Urbino.<\/a><\/p>\n<p><strong>Poids:<\/strong> 180 g (\u00e9goutt\u00e9)<\/p>\n<p><strong>Ingr\u00e9dients:<\/strong> Olives sal\u00e9es* (olives*, sel) 54%, eau 42%, vin* 2%, sel marin int\u00e9gral 1% et jus de citron* 1%.<br \/>\n*= ingr\u00e9dients biologiques<\/p>\n<p><strong>Valeurs nutritionnelles moyennes pour 100 g:<\/strong> \u00c9nergie 142 kJ \/ 34 kcal, Graisses 0,5 g, dont acides gras satur\u00e9s &lt; 0,1 g, Glucides 6,6 g, dont sucres 2,4 g, Fibres alimentaires 0 g, Prot\u00e9ines &lt; 0,5 g, Sel 0,4 g.<\/p>\n<p><strong>Conservation:<\/strong> conserver dans un endroit frais et sec, \u00e0 consommer avant la date indiqu\u00e9e \u00e0 l\u2019int\u00e9rieur du produit<\/p>\n<p><strong>Traitement de la commande et de la livraison:<\/strong> les commandes sont trait\u00e9es dans les 2\/3 jours ouvrables suivant leur r\u00e9ception; les marchandises sont livr\u00e9es dans les 24\/48 heures, en fonction de la destination et de la disponibilit\u00e9 des transporteurs.<\/p>\n<p><em>Ne manquez pas tous les\u00a0<a href=\"https:\/\/tartufiesapori.com\/fr\/product-category\/ligne-traditionnelle\/produits-typiques-des-marches\/?lang=fr\">produits typiques de la r\u00e9gion des Marches,<\/a>\u00a0une combinaison de saveurs \u00e0 d\u00e9couvrir!<\/em><\/p>\n","protected":false},"excerpt":{"rendered":"<p>Les olives marin\u00e9es biologiques sont soigneusement s\u00e9lectionn\u00e9es lors de la cueillette \u00e0 la main et m\u00fbries en saumure naturelle sp\u00e9cialement pr\u00e9par\u00e9e. Elles ont une saveur d\u00e9licate, \u00e9quilibr\u00e9e. Id\u00e9ales pour la pr\u00e9paration d\u2019ap\u00e9ritifs et d\u2019entr\u00e9es, de plats de poisson, de pizzas et de focaccia. Les olives marin\u00e9es biologiques peuvent \u00eatre utilis\u00e9es pour enrichir une salade ou&hellip;<\/p>\n","protected":false},"featured_media":42925,"template":"","meta":{"_acf_changed":false},"product_brand":[],"product_cat":[1041,1575],"product_tag":[],"class_list":{"0":"post-42918","1":"product","2":"type-product","3":"status-publish","4":"has-post-thumbnail","6":"product_cat-ligne-traditionnelle","7":"product_cat-produits-typiques-des-marches","9":"first","10":"instock","11":"taxable","12":"shipping-taxable","13":"purchasable","14":"product-type-simple"},"acf":[],"yoast_head":"<!-- This site is optimized with the Yoast SEO plugin v27.3 - https:\/\/yoast.com\/product\/yoast-seo-wordpress\/ -->\n<title>Olives marin\u00e9es bio - Tartufi e Sapori Shop online<\/title>\n<meta name=\"description\" content=\"Les olives biologiques marin\u00e9es sont soigneusement s\u00e9lectionn\u00e9es lors de la cueillette \u00e0 la main et m\u00fbries en saumure naturelle sp\u00e9cialement pr\u00e9par\u00e9e...\" \/>\n<meta name=\"robots\" content=\"index, follow, max-snippet:-1, max-image-preview:large, max-video-preview:-1\" \/>\n<link rel=\"canonical\" href=\"https:\/\/tartufiesapori.com\/fr\/produit\/olives-marinees\/\" \/>\n<meta property=\"og:locale\" content=\"fr_FR\" \/>\n<meta property=\"og:type\" content=\"article\" \/>\n<meta property=\"og:title\" content=\"Olives marin\u00e9es bio - Tartufi e Sapori Shop online\" \/>\n<meta property=\"og:description\" content=\"Les olives biologiques marin\u00e9es sont soigneusement s\u00e9lectionn\u00e9es lors de la cueillette \u00e0 la main et m\u00fbries en saumure naturelle sp\u00e9cialement pr\u00e9par\u00e9e...\" \/>\n<meta property=\"og:url\" content=\"https:\/\/tartufiesapori.com\/fr\/produit\/olives-marinees\/\" \/>\n<meta property=\"og:site_name\" content=\"Tartufi e Sapori Shop online\" \/>\n<meta property=\"article:modified_time\" content=\"2025-09-30T06:53:31+00:00\" \/>\n<meta property=\"og:image\" content=\"https:\/\/tartufiesapori.com\/wp-content\/uploads\/2023\/02\/GALIARDI-olive-salamoia-1.jpg\" \/>\n\t<meta property=\"og:image:width\" content=\"1600\" \/>\n\t<meta property=\"og:image:height\" content=\"1600\" \/>\n\t<meta property=\"og:image:type\" content=\"image\/jpeg\" \/>\n<meta name=\"twitter:card\" content=\"summary_large_image\" \/>\n<meta name=\"twitter:label1\" content=\"Dur\u00e9e de lecture estim\u00e9e\" \/>\n\t<meta name=\"twitter:data1\" content=\"2 minutes\" \/>\n<!-- \/ Yoast SEO plugin. -->","yoast_head_json":{"title":"Olives marin\u00e9es bio - Tartufi e Sapori Shop online","description":"Les olives biologiques marin\u00e9es sont soigneusement s\u00e9lectionn\u00e9es lors de la cueillette \u00e0 la main et m\u00fbries en saumure naturelle sp\u00e9cialement pr\u00e9par\u00e9e...","robots":{"index":"index","follow":"follow","max-snippet":"max-snippet:-1","max-image-preview":"max-image-preview:large","max-video-preview":"max-video-preview:-1"},"canonical":"https:\/\/tartufiesapori.com\/fr\/produit\/olives-marinees\/","og_locale":"fr_FR","og_type":"article","og_title":"Olives marin\u00e9es bio - Tartufi e Sapori Shop online","og_description":"Les olives biologiques marin\u00e9es sont soigneusement s\u00e9lectionn\u00e9es lors de la cueillette \u00e0 la main et m\u00fbries en saumure naturelle sp\u00e9cialement pr\u00e9par\u00e9e...","og_url":"https:\/\/tartufiesapori.com\/fr\/produit\/olives-marinees\/","og_site_name":"Tartufi e Sapori Shop online","article_modified_time":"2025-09-30T06:53:31+00:00","og_image":[{"width":1600,"height":1600,"url":"https:\/\/tartufiesapori.com\/wp-content\/uploads\/2023\/02\/GALIARDI-olive-salamoia-1.jpg","type":"image\/jpeg"}],"twitter_card":"summary_large_image","twitter_misc":{"Dur\u00e9e de lecture estim\u00e9e":"2 minutes"},"schema":{"@context":"https:\/\/schema.org","@graph":[{"@type":"WebPage","@id":"https:\/\/tartufiesapori.com\/fr\/produit\/olives-marinees\/","url":"https:\/\/tartufiesapori.com\/fr\/produit\/olives-marinees\/","name":"Olives marin\u00e9es bio - Tartufi e Sapori Shop online","isPartOf":{"@id":"https:\/\/tartufiesapori.com\/fr\/#website"},"primaryImageOfPage":{"@id":"https:\/\/tartufiesapori.com\/fr\/produit\/olives-marinees\/#primaryimage"},"image":{"@id":"https:\/\/tartufiesapori.com\/fr\/produit\/olives-marinees\/#primaryimage"},"thumbnailUrl":"https:\/\/tartufiesapori.com\/wp-content\/uploads\/2023\/02\/GALIARDI-olive-salamoia-1.jpg","datePublished":"2023-02-02T16:06:19+00:00","dateModified":"2025-09-30T06:53:31+00:00","description":"Les olives biologiques marin\u00e9es sont soigneusement s\u00e9lectionn\u00e9es lors de la cueillette \u00e0 la main et m\u00fbries en saumure naturelle sp\u00e9cialement pr\u00e9par\u00e9e...","breadcrumb":{"@id":"https:\/\/tartufiesapori.com\/fr\/produit\/olives-marinees\/#breadcrumb"},"inLanguage":"fr-FR","potentialAction":[{"@type":"ReadAction","target":["https:\/\/tartufiesapori.com\/fr\/produit\/olives-marinees\/"]}]},{"@type":"ImageObject","inLanguage":"fr-FR","@id":"https:\/\/tartufiesapori.com\/fr\/produit\/olives-marinees\/#primaryimage","url":"https:\/\/tartufiesapori.com\/wp-content\/uploads\/2023\/02\/GALIARDI-olive-salamoia-1.jpg","contentUrl":"https:\/\/tartufiesapori.com\/wp-content\/uploads\/2023\/02\/GALIARDI-olive-salamoia-1.jpg","width":1600,"height":1600},{"@type":"BreadcrumbList","@id":"https:\/\/tartufiesapori.com\/fr\/produit\/olives-marinees\/#breadcrumb","itemListElement":[{"@type":"ListItem","position":1,"name":"Tartufi e Sapori","item":"https:\/\/tartufiesapori.com\/fr\/"},{"@type":"ListItem","position":2,"name":"Shop","item":"https:\/\/tartufiesapori.com\/fr\/shop\/"},{"@type":"ListItem","position":3,"name":"LIGNE TRADITIONNELLE","item":"https:\/\/tartufiesapori.com\/fr\/categorie-produit\/ligne-traditionnelle\/"},{"@type":"ListItem","position":4,"name":"Produits typiques des Marches","item":"https:\/\/tartufiesapori.com\/fr\/categorie-produit\/ligne-traditionnelle\/produits-typiques-des-marches\/"},{"@type":"ListItem","position":5,"name":"Olives marin\u00e9es bio"}]},{"@type":"WebSite","@id":"https:\/\/tartufiesapori.com\/fr\/#website","url":"https:\/\/tartufiesapori.com\/fr\/","name":"Tartufi e Sapori Shop online","description":"Tartufi di Acqualagna","potentialAction":[{"@type":"SearchAction","target":{"@type":"EntryPoint","urlTemplate":"https:\/\/tartufiesapori.com\/fr\/?s={search_term_string}"},"query-input":{"@type":"PropertyValueSpecification","valueRequired":true,"valueName":"search_term_string"}}],"inLanguage":"fr-FR"}]}},"_links":{"self":[{"href":"https:\/\/tartufiesapori.com\/fr\/wp-json\/wp\/v2\/product\/42918","targetHints":{"allow":["GET"]}}],"collection":[{"href":"https:\/\/tartufiesapori.com\/fr\/wp-json\/wp\/v2\/product"}],"about":[{"href":"https:\/\/tartufiesapori.com\/fr\/wp-json\/wp\/v2\/types\/product"}],"wp:featuredmedia":[{"embeddable":true,"href":"https:\/\/tartufiesapori.com\/fr\/wp-json\/wp\/v2\/media\/42925"}],"wp:attachment":[{"href":"https:\/\/tartufiesapori.com\/fr\/wp-json\/wp\/v2\/media?parent=42918"}],"wp:term":[{"taxonomy":"product_brand","embeddable":true,"href":"https:\/\/tartufiesapori.com\/fr\/wp-json\/wp\/v2\/product_brand?post=42918"},{"taxonomy":"product_cat","embeddable":true,"href":"https:\/\/tartufiesapori.com\/fr\/wp-json\/wp\/v2\/product_cat?post=42918"},{"taxonomy":"product_tag","embeddable":true,"href":"https:\/\/tartufiesapori.com\/fr\/wp-json\/wp\/v2\/product_tag?post=42918"}],"curies":[{"name":"wp","href":"https:\/\/api.w.org\/{rel}","templated":true}]}}