{"id":37455,"date":"2013-10-25T16:28:17","date_gmt":"2013-10-25T14:28:17","guid":{"rendered":"https:\/\/tartufiesapori.com\/product\/assaisonnement-a-l-huile-de-truffe-blanche\/"},"modified":"2025-09-29T16:32:16","modified_gmt":"2025-09-29T14:32:16","slug":"assaisonnement-a-l-huile-de-truffe-blanche","status":"publish","type":"product","link":"https:\/\/tartufiesapori.com\/fr\/produit\/assaisonnement-a-l-huile-de-truffe-blanche\/","title":{"rendered":"Assaisonnement \u00e0 base d\u2019huile d\u2019olive extra vierge aromatis\u00e9e \u00e0 la truffe blanche"},"content":{"rendered":"<p>Un excellent assaisonnement \u00e0 base d\u2019huile d\u2019olive extra vierge aromatis\u00e9e \u00e0 la truffe blanche. Ses saveurs sont si polyvalentes qu\u2019elles en font un condiment parfait pour chaque plat, comme les \u0153ufs, les cro\u00fbtons, les entr\u00e9es ou les pizzas. Quelques gouttes suffisent pour d\u00e9gager le parfum enivrant de truffe. Cette huile \u00e0 la truffe blanche rendra vos plats uniques. Essayez-le \u00e9galement pour aromatiser les viandes r\u00f4ties. Pour avoir un plat de p\u00e2tes \u00e0 la truffe unique, nous vous recommandons de le combiner avec notre<a href=\"https:\/\/tartufiesapori.com\/fr\/produit\/truffe-blanche-entiere\/\"> truffe blanche enti\u00e8re,<\/a> ou avec des <a href=\"https:\/\/tartufiesapori.com\/fr\/produit\/tranches-de-truffe-bianchetto\/\">tranches de truffe bianchetto.<\/a><\/p>\n<p>Pour un choix parfait de condiments, nous recommandons \u00e9galement la <a href=\"https:\/\/tartufiesapori.com\/fr\/produit\/creme-de-vinaigre-balsamique-a-la-truffe-250-ml\/\">cr\u00e8me avec \u201daceto balsamico di modena IGP\u201d aromatis\u00e9e \u00e0 la truffe blanche,<\/a> le <a href=\"https:\/\/tartufiesapori.com\/fr\/produit\/vinaigre-balsamique-a-la-truffe\/\">condiment \u00e0 base d\u2019\u201daceto balsamico di modena IGP\u201d aromatis\u00e9 \u00e0 la truffe blanche<\/a>\u00a0et l\u2019<a href=\"https:\/\/tartufiesapori.com\/fr\/produit\/assaisonnement-huile-a-la-truffe-noire\/\">assaisonnement \u00e0 base d\u2019huile d\u2019olive extra vierge \u00e0 la truffe noire<\/a>.<\/p>\n<p><strong>Ingr\u00e9dients:<\/strong> huile d\u2019olive extra vierge 95%, ar\u00f4me 5%.<\/p>\n<p><strong>Valeurs nutritionnelles moyennes pour 100 g:<\/strong> \u00c9nergie 3404 kJ \/ 828 kcal, Graisses 92 g, dont acides gras satur\u00e9s 14 g, Glucides 0 g, dont sucres 0 g, Fibres alimentaires 0 g, Prot\u00e9ines 0 g, Sel 0,02 g.<\/p>\n<p><strong>Conservation:<\/strong> 18 mois \u00e0 compter de la date de production \u00e0 temp\u00e9rature ambiante. Conserver dans un endroit frais, \u00e0 l\u2019abri des sources de chaleur et de lumi\u00e8re.<\/p>\n<p><strong>Traitement de la commande et de la livraison:<\/strong> les commandes sont trait\u00e9es dans les 2\/3 jours ouvrables suivant leur r\u00e9ception; les marchandises sont livr\u00e9es dans les 24\/48 heures, en fonction de la destination et de la disponibilit\u00e9 des transporteurs.<\/p>\n<p><em>Dans notre site d\u2019entreprise, vous trouverez diff\u00e9rentes\u00a0<a href=\"https:\/\/www.acqualagnatartufi.com\/fr\/recettes\/\">recettes<\/a>\u00a0qui vous donneront diff\u00e9rents conseils sur la fa\u00e7on dont vous pouvez profiter de notre truffe!<\/em><\/p>\n","protected":false},"excerpt":{"rendered":"<p>Huile d\u2019olive extra vierge \u00e0 la truffe blanche<\/p>\n","protected":false},"featured_media":46434,"template":"","meta":{"_acf_changed":false},"product_brand":[],"product_cat":[1049],"product_tag":[1259,1119,1260,1246,1061,1087],"class_list":{"0":"post-37455","1":"product","2":"type-product","3":"status-publish","4":"has-post-thumbnail","6":"product_cat-condiments-a-la-truffe","7":"product_tag-gouttes-de-truffe-blanche","8":"product_tag-huile-a-la-truffe-blanche","9":"product_tag-huile-aromatisee","10":"product_tag-huile-de-truffe","11":"product_tag-truffe-dacqualagna","12":"product_tag-tuber-magnatum-pico-fr","14":"first","15":"instock","16":"taxable","17":"shipping-taxable","18":"purchasable","19":"product-type-variable","20":"has-default-attributes"},"acf":[],"yoast_head":"<!-- This site is optimized with the Yoast SEO plugin v27.3 - https:\/\/yoast.com\/product\/yoast-seo-wordpress\/ -->\n<title>Assaisonnement \u00e0 base d\u2019huile d\u2019olive extra vierge aromatis\u00e9e \u00e0 la truffe blanche - Tartufi e Sapori Shop online<\/title>\n<meta name=\"description\" content=\"Huile \u00e0 la truffe blanche. Ses saveurs sont si polyvalentes qu\u2019elles en font un condiment parfait pour chaque plat, comme les \u0153ufs, les...\" \/>\n<meta name=\"robots\" content=\"index, follow, max-snippet:-1, max-image-preview:large, max-video-preview:-1\" \/>\n<link rel=\"canonical\" href=\"https:\/\/tartufiesapori.com\/fr\/produit\/assaisonnement-a-l-huile-de-truffe-blanche\/\" \/>\n<meta property=\"og:locale\" content=\"fr_FR\" \/>\n<meta property=\"og:type\" content=\"article\" \/>\n<meta property=\"og:title\" content=\"Assaisonnement \u00e0 base d\u2019huile d\u2019olive extra vierge aromatis\u00e9e \u00e0 la truffe blanche - Tartufi e Sapori Shop online\" \/>\n<meta property=\"og:description\" content=\"Huile \u00e0 la truffe blanche. Ses saveurs sont si polyvalentes qu\u2019elles en font un condiment parfait pour chaque plat, comme les \u0153ufs, les...\" \/>\n<meta property=\"og:url\" content=\"https:\/\/tartufiesapori.com\/fr\/produit\/assaisonnement-a-l-huile-de-truffe-blanche\/\" \/>\n<meta property=\"og:site_name\" content=\"Tartufi e Sapori Shop online\" \/>\n<meta property=\"article:modified_time\" content=\"2025-09-29T14:32:16+00:00\" \/>\n<meta property=\"og:image\" content=\"https:\/\/tartufiesapori.com\/wp-content\/uploads\/2013\/10\/Olio-tartufo-bianco-250-2.jpg\" \/>\n\t<meta property=\"og:image:width\" content=\"1600\" \/>\n\t<meta property=\"og:image:height\" content=\"1600\" \/>\n\t<meta property=\"og:image:type\" content=\"image\/jpeg\" \/>\n<meta name=\"twitter:card\" content=\"summary_large_image\" \/>\n<meta name=\"twitter:label1\" content=\"Dur\u00e9e de lecture estim\u00e9e\" \/>\n\t<meta name=\"twitter:data1\" content=\"2 minutes\" \/>\n<!-- \/ Yoast SEO plugin. -->","yoast_head_json":{"title":"Assaisonnement \u00e0 base d\u2019huile d\u2019olive extra vierge aromatis\u00e9e \u00e0 la truffe blanche - Tartufi e Sapori Shop online","description":"Huile \u00e0 la truffe blanche. Ses saveurs sont si polyvalentes qu\u2019elles en font un condiment parfait pour chaque plat, comme les \u0153ufs, les...","robots":{"index":"index","follow":"follow","max-snippet":"max-snippet:-1","max-image-preview":"max-image-preview:large","max-video-preview":"max-video-preview:-1"},"canonical":"https:\/\/tartufiesapori.com\/fr\/produit\/assaisonnement-a-l-huile-de-truffe-blanche\/","og_locale":"fr_FR","og_type":"article","og_title":"Assaisonnement \u00e0 base d\u2019huile d\u2019olive extra vierge aromatis\u00e9e \u00e0 la truffe blanche - Tartufi e Sapori Shop online","og_description":"Huile \u00e0 la truffe blanche. Ses saveurs sont si polyvalentes qu\u2019elles en font un condiment parfait pour chaque plat, comme les \u0153ufs, les...","og_url":"https:\/\/tartufiesapori.com\/fr\/produit\/assaisonnement-a-l-huile-de-truffe-blanche\/","og_site_name":"Tartufi e Sapori Shop online","article_modified_time":"2025-09-29T14:32:16+00:00","og_image":[{"width":1600,"height":1600,"url":"https:\/\/tartufiesapori.com\/wp-content\/uploads\/2013\/10\/Olio-tartufo-bianco-250-2.jpg","type":"image\/jpeg"}],"twitter_card":"summary_large_image","twitter_misc":{"Dur\u00e9e de lecture estim\u00e9e":"2 minutes"},"schema":{"@context":"https:\/\/schema.org","@graph":[{"@type":"WebPage","@id":"https:\/\/tartufiesapori.com\/fr\/produit\/assaisonnement-a-l-huile-de-truffe-blanche\/","url":"https:\/\/tartufiesapori.com\/fr\/produit\/assaisonnement-a-l-huile-de-truffe-blanche\/","name":"Assaisonnement \u00e0 base d\u2019huile d\u2019olive extra vierge aromatis\u00e9e \u00e0 la truffe blanche - Tartufi e Sapori Shop online","isPartOf":{"@id":"https:\/\/tartufiesapori.com\/fr\/#website"},"primaryImageOfPage":{"@id":"https:\/\/tartufiesapori.com\/fr\/produit\/assaisonnement-a-l-huile-de-truffe-blanche\/#primaryimage"},"image":{"@id":"https:\/\/tartufiesapori.com\/fr\/produit\/assaisonnement-a-l-huile-de-truffe-blanche\/#primaryimage"},"thumbnailUrl":"https:\/\/tartufiesapori.com\/wp-content\/uploads\/2013\/10\/Olio-tartufo-bianco-250-2.jpg","datePublished":"2013-10-25T14:28:17+00:00","dateModified":"2025-09-29T14:32:16+00:00","description":"Huile \u00e0 la truffe blanche. Ses saveurs sont si polyvalentes qu\u2019elles en font un condiment parfait pour chaque plat, comme les \u0153ufs, les...","breadcrumb":{"@id":"https:\/\/tartufiesapori.com\/fr\/produit\/assaisonnement-a-l-huile-de-truffe-blanche\/#breadcrumb"},"inLanguage":"fr-FR","potentialAction":[{"@type":"ReadAction","target":["https:\/\/tartufiesapori.com\/fr\/produit\/assaisonnement-a-l-huile-de-truffe-blanche\/"]}]},{"@type":"ImageObject","inLanguage":"fr-FR","@id":"https:\/\/tartufiesapori.com\/fr\/produit\/assaisonnement-a-l-huile-de-truffe-blanche\/#primaryimage","url":"https:\/\/tartufiesapori.com\/wp-content\/uploads\/2013\/10\/Olio-tartufo-bianco-250-2.jpg","contentUrl":"https:\/\/tartufiesapori.com\/wp-content\/uploads\/2013\/10\/Olio-tartufo-bianco-250-2.jpg","width":1600,"height":1600},{"@type":"BreadcrumbList","@id":"https:\/\/tartufiesapori.com\/fr\/produit\/assaisonnement-a-l-huile-de-truffe-blanche\/#breadcrumb","itemListElement":[{"@type":"ListItem","position":1,"name":"Tartufi e Sapori","item":"https:\/\/tartufiesapori.com\/fr\/"},{"@type":"ListItem","position":2,"name":"Shop","item":"https:\/\/tartufiesapori.com\/fr\/shop\/"},{"@type":"ListItem","position":3,"name":"LIGNE TRADITIONNELLE","item":"https:\/\/tartufiesapori.com\/fr\/categorie-produit\/ligne-traditionnelle\/"},{"@type":"ListItem","position":4,"name":"Condiments \u00e0 la truffe","item":"https:\/\/tartufiesapori.com\/fr\/categorie-produit\/ligne-traditionnelle\/condiments-a-la-truffe\/"},{"@type":"ListItem","position":5,"name":"Assaisonnement \u00e0 base d\u2019huile d\u2019olive extra vierge aromatis\u00e9e \u00e0 la truffe blanche"}]},{"@type":"WebSite","@id":"https:\/\/tartufiesapori.com\/fr\/#website","url":"https:\/\/tartufiesapori.com\/fr\/","name":"Tartufi e Sapori Shop online","description":"Tartufi di Acqualagna","potentialAction":[{"@type":"SearchAction","target":{"@type":"EntryPoint","urlTemplate":"https:\/\/tartufiesapori.com\/fr\/?s={search_term_string}"},"query-input":{"@type":"PropertyValueSpecification","valueRequired":true,"valueName":"search_term_string"}}],"inLanguage":"fr-FR"}]}},"_links":{"self":[{"href":"https:\/\/tartufiesapori.com\/fr\/wp-json\/wp\/v2\/product\/37455","targetHints":{"allow":["GET"]}}],"collection":[{"href":"https:\/\/tartufiesapori.com\/fr\/wp-json\/wp\/v2\/product"}],"about":[{"href":"https:\/\/tartufiesapori.com\/fr\/wp-json\/wp\/v2\/types\/product"}],"wp:featuredmedia":[{"embeddable":true,"href":"https:\/\/tartufiesapori.com\/fr\/wp-json\/wp\/v2\/media\/46434"}],"wp:attachment":[{"href":"https:\/\/tartufiesapori.com\/fr\/wp-json\/wp\/v2\/media?parent=37455"}],"wp:term":[{"taxonomy":"product_brand","embeddable":true,"href":"https:\/\/tartufiesapori.com\/fr\/wp-json\/wp\/v2\/product_brand?post=37455"},{"taxonomy":"product_cat","embeddable":true,"href":"https:\/\/tartufiesapori.com\/fr\/wp-json\/wp\/v2\/product_cat?post=37455"},{"taxonomy":"product_tag","embeddable":true,"href":"https:\/\/tartufiesapori.com\/fr\/wp-json\/wp\/v2\/product_tag?post=37455"}],"curies":[{"name":"wp","href":"https:\/\/api.w.org\/{rel}","templated":true}]}}