{"id":37453,"date":"2013-10-25T16:58:04","date_gmt":"2013-10-25T14:58:04","guid":{"rendered":"https:\/\/tartufiesapori.com\/product\/riz-aux-truffes-250-gr\/"},"modified":"2025-10-29T11:54:50","modified_gmt":"2025-10-29T10:54:50","slug":"riz-a-la-truffe-220-gr","status":"publish","type":"product","link":"https:\/\/tartufiesapori.com\/fr\/produit\/riz-a-la-truffe-220-gr\/","title":{"rendered":"Riz \u00e0 la truffe (gourmet)"},"content":{"rendered":"<p>Le meilleur riz italien \u00e9pouse notre truffe, pour avoir ainsi un risotto \u00e0 la truffe qui vous \u00e9tonnera. C\u2019est un produit pr\u00eat pour la cuisson. Pour une d\u00e9gustation parfaite, il est conseill\u00e9 d\u2019assaisonner avec des sauces l\u00e9g\u00e8res ou mieux encore avec de l\u2019huile d\u2019olive extra vierge ou du beurre, \u00e0 volont\u00e9 une pinc\u00e9e de fromage.<\/p>\n<p>Pour les amateurs de riz \u00e0 la truffe, nous recommandons \u00e9galement la version <a href=\"https:\/\/tartufiesapori.com\/fr\/produit\/riz-a-la-truffe-500-gr\/\">de 500 g.<\/a><\/p>\n<p><strong>Poids: <\/strong>220 g<\/p>\n<p><strong>Ingr\u00e9dients:<\/strong> riz Carnaroli 97%, truffe d\u2019\u00e9t\u00e9 s\u00e9ch\u00e9e (<em>Tuber aestivum Vitt.<\/em>) 1%, ar\u00f4mes.<\/p>\n<p><strong>Valeurs nutritionnelles moyennes pour 100 g:<\/strong> \u00c9nergie 1356 kJ \/ 324 kcal, Graisses 1,2 g, dont acides gras satur\u00e9s 0,9 g, Glucides 72 g, dont sucres &lt; 0,5 g, Fibres alimentaires 7,4 g, Prot\u00e9ines 6,6 g, Sel 0,14 g.<\/p>\n<p><strong>Conservation:<\/strong>\u00a02 ans \u00e0 partir de la date de production \u00e0 temp\u00e9rature ambiante. Conserver dans un endroit frais et sec, \u00e0 l\u2019abri de la lumi\u00e8re et des sources de chaleur.<\/p>\n<p><strong>Traitement de la commande et de la livraison:<\/strong> les commandes sont trait\u00e9es dans les 2\/3 jours ouvrables suivant leur r\u00e9ception; les marchandises sont livr\u00e9es dans les 24\/48 heures, en fonction de la destination et de la disponibilit\u00e9 des transporteurs.<\/p>\n<p><em>Dans notre site d\u2019entreprise, vous trouverez diff\u00e9rentes\u00a0<a href=\"https:\/\/www.acqualagnatartufi.com\/fr\/recettes\/\">recettes<\/a>\u00a0qui vous donneront diff\u00e9rents conseils sur la fa\u00e7on dont vous pouvez profiter de notre truffe!<\/em><\/p>\n","protected":false},"excerpt":{"rendered":"<p>Riz \u00e0 la truffe 220 gr<\/p>\n","protected":false},"featured_media":68113,"template":"","meta":{"_acf_changed":false},"product_brand":[],"product_cat":[1042],"product_tag":[],"class_list":{"0":"post-37453","1":"product","2":"type-product","3":"status-publish","4":"has-post-thumbnail","6":"product_cat-ligne-gourmande","8":"first","9":"instock","10":"taxable","11":"shipping-taxable","12":"purchasable","13":"product-type-simple"},"acf":[],"yoast_head":"<!-- This site is optimized with the Yoast SEO plugin v27.3 - https:\/\/yoast.com\/product\/yoast-seo-wordpress\/ -->\n<title>Riz \u00e0 la truffe (gourmet) - Tartufi e Sapori Shop online<\/title>\n<meta name=\"description\" content=\"Le meilleur riz italien \u00e9pouse notre truffe, pour avoir ainsi un risotto \u00e0 la truffe qui vous \u00e9tonnera. C\u2019est un produit pr\u00eat pour la cuisson. Pour une...\" \/>\n<meta name=\"robots\" content=\"index, follow, max-snippet:-1, max-image-preview:large, max-video-preview:-1\" \/>\n<link rel=\"canonical\" href=\"https:\/\/tartufiesapori.com\/fr\/produit\/riz-a-la-truffe-220-gr\/\" \/>\n<meta property=\"og:locale\" content=\"fr_FR\" \/>\n<meta property=\"og:type\" content=\"article\" \/>\n<meta property=\"og:title\" content=\"Riz \u00e0 la truffe (gourmet) - Tartufi e Sapori Shop online\" \/>\n<meta property=\"og:description\" content=\"Le meilleur riz italien \u00e9pouse notre truffe, pour avoir ainsi un risotto \u00e0 la truffe qui vous \u00e9tonnera. C\u2019est un produit pr\u00eat pour la cuisson. Pour une...\" \/>\n<meta property=\"og:url\" content=\"https:\/\/tartufiesapori.com\/fr\/produit\/riz-a-la-truffe-220-gr\/\" \/>\n<meta property=\"og:site_name\" content=\"Tartufi e Sapori Shop online\" \/>\n<meta property=\"article:modified_time\" content=\"2025-10-29T10:54:50+00:00\" \/>\n<meta property=\"og:image\" content=\"https:\/\/tartufiesapori.com\/wp-content\/uploads\/2013\/10\/Riso-al-tartufo-gourmet-220.jpg\" \/>\n\t<meta property=\"og:image:width\" content=\"1080\" \/>\n\t<meta property=\"og:image:height\" content=\"1080\" \/>\n\t<meta property=\"og:image:type\" content=\"image\/jpeg\" \/>\n<meta name=\"twitter:card\" content=\"summary_large_image\" \/>\n<meta name=\"twitter:label1\" content=\"Dur\u00e9e de lecture estim\u00e9e\" \/>\n\t<meta name=\"twitter:data1\" content=\"2 minutes\" \/>\n<!-- \/ Yoast SEO plugin. -->","yoast_head_json":{"title":"Riz \u00e0 la truffe (gourmet) - Tartufi e Sapori Shop online","description":"Le meilleur riz italien \u00e9pouse notre truffe, pour avoir ainsi un risotto \u00e0 la truffe qui vous \u00e9tonnera. C\u2019est un produit pr\u00eat pour la cuisson. Pour une...","robots":{"index":"index","follow":"follow","max-snippet":"max-snippet:-1","max-image-preview":"max-image-preview:large","max-video-preview":"max-video-preview:-1"},"canonical":"https:\/\/tartufiesapori.com\/fr\/produit\/riz-a-la-truffe-220-gr\/","og_locale":"fr_FR","og_type":"article","og_title":"Riz \u00e0 la truffe (gourmet) - Tartufi e Sapori Shop online","og_description":"Le meilleur riz italien \u00e9pouse notre truffe, pour avoir ainsi un risotto \u00e0 la truffe qui vous \u00e9tonnera. C\u2019est un produit pr\u00eat pour la cuisson. Pour une...","og_url":"https:\/\/tartufiesapori.com\/fr\/produit\/riz-a-la-truffe-220-gr\/","og_site_name":"Tartufi e Sapori Shop online","article_modified_time":"2025-10-29T10:54:50+00:00","og_image":[{"width":1080,"height":1080,"url":"https:\/\/tartufiesapori.com\/wp-content\/uploads\/2013\/10\/Riso-al-tartufo-gourmet-220.jpg","type":"image\/jpeg"}],"twitter_card":"summary_large_image","twitter_misc":{"Dur\u00e9e de lecture estim\u00e9e":"2 minutes"},"schema":{"@context":"https:\/\/schema.org","@graph":[{"@type":"WebPage","@id":"https:\/\/tartufiesapori.com\/fr\/produit\/riz-a-la-truffe-220-gr\/","url":"https:\/\/tartufiesapori.com\/fr\/produit\/riz-a-la-truffe-220-gr\/","name":"Riz \u00e0 la truffe (gourmet) - Tartufi e Sapori Shop online","isPartOf":{"@id":"https:\/\/tartufiesapori.com\/fr\/#website"},"primaryImageOfPage":{"@id":"https:\/\/tartufiesapori.com\/fr\/produit\/riz-a-la-truffe-220-gr\/#primaryimage"},"image":{"@id":"https:\/\/tartufiesapori.com\/fr\/produit\/riz-a-la-truffe-220-gr\/#primaryimage"},"thumbnailUrl":"https:\/\/tartufiesapori.com\/wp-content\/uploads\/2013\/10\/Riso-al-tartufo-gourmet-220.jpg","datePublished":"2013-10-25T14:58:04+00:00","dateModified":"2025-10-29T10:54:50+00:00","description":"Le meilleur riz italien \u00e9pouse notre truffe, pour avoir ainsi un risotto \u00e0 la truffe qui vous \u00e9tonnera. C\u2019est un produit pr\u00eat pour la cuisson. Pour une...","breadcrumb":{"@id":"https:\/\/tartufiesapori.com\/fr\/produit\/riz-a-la-truffe-220-gr\/#breadcrumb"},"inLanguage":"fr-FR","potentialAction":[{"@type":"ReadAction","target":["https:\/\/tartufiesapori.com\/fr\/produit\/riz-a-la-truffe-220-gr\/"]}]},{"@type":"ImageObject","inLanguage":"fr-FR","@id":"https:\/\/tartufiesapori.com\/fr\/produit\/riz-a-la-truffe-220-gr\/#primaryimage","url":"https:\/\/tartufiesapori.com\/wp-content\/uploads\/2013\/10\/Riso-al-tartufo-gourmet-220.jpg","contentUrl":"https:\/\/tartufiesapori.com\/wp-content\/uploads\/2013\/10\/Riso-al-tartufo-gourmet-220.jpg","width":1080,"height":1080},{"@type":"BreadcrumbList","@id":"https:\/\/tartufiesapori.com\/fr\/produit\/riz-a-la-truffe-220-gr\/#breadcrumb","itemListElement":[{"@type":"ListItem","position":1,"name":"Tartufi e Sapori","item":"https:\/\/tartufiesapori.com\/fr\/"},{"@type":"ListItem","position":2,"name":"Shop","item":"https:\/\/tartufiesapori.com\/fr\/shop\/"},{"@type":"ListItem","position":3,"name":"LIGNE GOURMANDE","item":"https:\/\/tartufiesapori.com\/fr\/categorie-produit\/ligne-gourmande\/"},{"@type":"ListItem","position":4,"name":"Riz \u00e0 la truffe (gourmet)"}]},{"@type":"WebSite","@id":"https:\/\/tartufiesapori.com\/fr\/#website","url":"https:\/\/tartufiesapori.com\/fr\/","name":"Tartufi e Sapori Shop online","description":"Tartufi di Acqualagna","potentialAction":[{"@type":"SearchAction","target":{"@type":"EntryPoint","urlTemplate":"https:\/\/tartufiesapori.com\/fr\/?s={search_term_string}"},"query-input":{"@type":"PropertyValueSpecification","valueRequired":true,"valueName":"search_term_string"}}],"inLanguage":"fr-FR"}]}},"_links":{"self":[{"href":"https:\/\/tartufiesapori.com\/fr\/wp-json\/wp\/v2\/product\/37453","targetHints":{"allow":["GET"]}}],"collection":[{"href":"https:\/\/tartufiesapori.com\/fr\/wp-json\/wp\/v2\/product"}],"about":[{"href":"https:\/\/tartufiesapori.com\/fr\/wp-json\/wp\/v2\/types\/product"}],"wp:featuredmedia":[{"embeddable":true,"href":"https:\/\/tartufiesapori.com\/fr\/wp-json\/wp\/v2\/media\/68113"}],"wp:attachment":[{"href":"https:\/\/tartufiesapori.com\/fr\/wp-json\/wp\/v2\/media?parent=37453"}],"wp:term":[{"taxonomy":"product_brand","embeddable":true,"href":"https:\/\/tartufiesapori.com\/fr\/wp-json\/wp\/v2\/product_brand?post=37453"},{"taxonomy":"product_cat","embeddable":true,"href":"https:\/\/tartufiesapori.com\/fr\/wp-json\/wp\/v2\/product_cat?post=37453"},{"taxonomy":"product_tag","embeddable":true,"href":"https:\/\/tartufiesapori.com\/fr\/wp-json\/wp\/v2\/product_tag?post=37453"}],"curies":[{"name":"wp","href":"https:\/\/api.w.org\/{rel}","templated":true}]}}