{"id":37444,"date":"2013-10-25T17:02:53","date_gmt":"2013-10-25T15:02:53","guid":{"rendered":"https:\/\/tartufiesapori.com\/product\/vinaigre-balsamique-a-la-truffe\/"},"modified":"2025-09-29T16:33:31","modified_gmt":"2025-09-29T14:33:31","slug":"vinaigre-balsamique-a-la-truffe","status":"publish","type":"product","link":"https:\/\/tartufiesapori.com\/fr\/produit\/vinaigre-balsamique-a-la-truffe\/","title":{"rendered":"Condiment \u00e0 base d&rsquo;\u201dAceto Balsamico di Modena IGP\u201d aromatis\u00e9 \u00e0 la Truffe Blanche"},"content":{"rendered":"<p>Condiment \u00e0 base d&rsquo;\u201dAceto Balsamico di Modena IGP\u201d aromatis\u00e9 \u00e0 la truffe blanche. Son go\u00fbt intense et prononc\u00e9 en fait un excellent assaisonnement pour les plats \u00e0 base de viande, en particulier pour le gibier. Gr\u00e2ce \u00e0 ses ar\u00f4mes et \u00e0 ses riches saveurs, le vinaigre balsamique \u00e0 la truffe est un assaisonnement qui se marie bien avec les fromages, frais ou affin\u00e9s.<\/p>\n<p>Pour un choix parfait de condiments, nous recommandons \u00e9galement l\u2019<a href=\"https:\/\/tartufiesapori.com\/fr\/produit\/assaisonnement-a-l-huile-de-truffe-blanche\/\">assaisonnement \u00e0 base d\u2019huile d\u2019olive extra vierge \u00e0 la truffe blanche,<\/a> la <a href=\"https:\/\/tartufiesapori.com\/fr\/produit\/creme-de-vinaigre-balsamique-a-la-truffe-250-ml\/\">cr\u00e8me avec \u201daceto balsamico di modena IGP\u201d aromatis\u00e9e \u00e0 la truffe blanche<\/a> et l\u2019<a href=\"https:\/\/tartufiesapori.com\/fr\/produit\/assaisonnement-huile-a-la-truffe-noire\/\">assaisonnement \u00e0 base d\u2019huile d\u2019olive extra vierge \u00e0 la truffe noire.<\/a><\/p>\n<p><strong>Ingr\u00e9dients:\u00a0<\/strong>Aceto Balsamico di Modena IGP IGP 99% (mo\u00fbt cuit de raisin, vinaigre de vin, colorant E150d), ar\u00f4me. Contient des <strong>SULFITES.<\/strong><\/p>\n<p><strong>Valeurs nutritionnelles moyennes pour 100 g:<\/strong> \u00c9nergie 1286 kJ \/ 307 kcal, Graisses 0 g, dont acides gras satur\u00e9s 0 g, Glucides 76 g, dont sucres 76 g, Fibres alimentaires 0 g, Prot\u00e9ines 0,7 g, Sel 0,10 g.<\/p>\n<p><strong>Conservation:<\/strong> 3 ans \u00e0 compter de la date de production \u00e0 temp\u00e9rature ambiante. Conserver dans un endroit frais, \u00e0 l\u2019abri de la lumi\u00e8re et des sources de chaleur.<\/p>\n<p><strong>Traitement de la commande et de la livraison:<\/strong> les commandes sont trait\u00e9es dans les 2\/3 jours ouvrables suivant leur r\u00e9ception; les marchandises sont livr\u00e9es dans les 24\/48 heures, en fonction de la destination et de la disponibilit\u00e9 des transporteurs.<\/p>\n<p><em>Dans notre site d\u2019entreprise, vous trouverez diff\u00e9rentes\u00a0<a href=\"https:\/\/www.acqualagnatartufi.com\/fr\/recettes\/\">recettes<\/a>\u00a0qui vous donneront diff\u00e9rents conseils sur la fa\u00e7on dont vous pouvez profiter de notre truffe!<\/em><\/p>\n","protected":false},"excerpt":{"rendered":"<p>Vinaigre balsamique \u00e0 la truffe<\/p>\n","protected":false},"featured_media":68705,"template":"","meta":{"_acf_changed":false},"product_brand":[],"product_cat":[1049],"product_tag":[],"class_list":{"0":"post-37444","1":"product","2":"type-product","3":"status-publish","4":"has-post-thumbnail","6":"product_cat-condiments-a-la-truffe","8":"first","9":"instock","10":"taxable","11":"shipping-taxable","12":"purchasable","13":"product-type-variable","14":"has-default-attributes"},"acf":[],"yoast_head":"<!-- This site is optimized with the Yoast SEO plugin v27.3 - https:\/\/yoast.com\/product\/yoast-seo-wordpress\/ -->\n<title>Condiment \u00e0 base d&#039;\u201dAceto Balsamico di Modena IGP\u201d aromatis\u00e9 \u00e0 la Truffe Blanche - Tartufi e Sapori Shop online<\/title>\n<meta name=\"description\" content=\"Vinaigre balsamique de Mod\u00e8ne aromatis\u00e9 \u00e0 la truffe blanche. Son go\u00fbt intense et prononc\u00e9 en fait un excellent assaisonnement...\" \/>\n<meta name=\"robots\" content=\"index, follow, max-snippet:-1, max-image-preview:large, max-video-preview:-1\" \/>\n<link rel=\"canonical\" href=\"https:\/\/tartufiesapori.com\/fr\/produit\/vinaigre-balsamique-a-la-truffe\/\" \/>\n<meta property=\"og:locale\" content=\"fr_FR\" \/>\n<meta property=\"og:type\" content=\"article\" \/>\n<meta property=\"og:title\" content=\"Condiment \u00e0 base d&#039;\u201dAceto Balsamico di Modena IGP\u201d aromatis\u00e9 \u00e0 la Truffe Blanche - Tartufi e Sapori Shop online\" \/>\n<meta property=\"og:description\" content=\"Vinaigre balsamique de Mod\u00e8ne aromatis\u00e9 \u00e0 la truffe blanche. Son go\u00fbt intense et prononc\u00e9 en fait un excellent assaisonnement...\" \/>\n<meta property=\"og:url\" content=\"https:\/\/tartufiesapori.com\/fr\/produit\/vinaigre-balsamique-a-la-truffe\/\" \/>\n<meta property=\"og:site_name\" content=\"Tartufi e Sapori Shop online\" \/>\n<meta property=\"article:modified_time\" content=\"2025-09-29T14:33:31+00:00\" \/>\n<meta property=\"og:image\" content=\"https:\/\/tartufiesapori.com\/wp-content\/uploads\/2013\/10\/Aceto-balsamico-100-1.jpg\" \/>\n\t<meta property=\"og:image:width\" content=\"1600\" \/>\n\t<meta property=\"og:image:height\" content=\"1600\" \/>\n\t<meta property=\"og:image:type\" content=\"image\/jpeg\" \/>\n<meta name=\"twitter:card\" content=\"summary_large_image\" \/>\n<meta name=\"twitter:label1\" content=\"Dur\u00e9e de lecture estim\u00e9e\" \/>\n\t<meta name=\"twitter:data1\" content=\"2 minutes\" \/>\n<!-- \/ Yoast SEO plugin. -->","yoast_head_json":{"title":"Condiment \u00e0 base d'\u201dAceto Balsamico di Modena IGP\u201d aromatis\u00e9 \u00e0 la Truffe Blanche - Tartufi e Sapori Shop online","description":"Vinaigre balsamique de Mod\u00e8ne aromatis\u00e9 \u00e0 la truffe blanche. Son go\u00fbt intense et prononc\u00e9 en fait un excellent assaisonnement...","robots":{"index":"index","follow":"follow","max-snippet":"max-snippet:-1","max-image-preview":"max-image-preview:large","max-video-preview":"max-video-preview:-1"},"canonical":"https:\/\/tartufiesapori.com\/fr\/produit\/vinaigre-balsamique-a-la-truffe\/","og_locale":"fr_FR","og_type":"article","og_title":"Condiment \u00e0 base d'\u201dAceto Balsamico di Modena IGP\u201d aromatis\u00e9 \u00e0 la Truffe Blanche - Tartufi e Sapori Shop online","og_description":"Vinaigre balsamique de Mod\u00e8ne aromatis\u00e9 \u00e0 la truffe blanche. Son go\u00fbt intense et prononc\u00e9 en fait un excellent assaisonnement...","og_url":"https:\/\/tartufiesapori.com\/fr\/produit\/vinaigre-balsamique-a-la-truffe\/","og_site_name":"Tartufi e Sapori Shop online","article_modified_time":"2025-09-29T14:33:31+00:00","og_image":[{"width":1600,"height":1600,"url":"https:\/\/tartufiesapori.com\/wp-content\/uploads\/2013\/10\/Aceto-balsamico-100-1.jpg","type":"image\/jpeg"}],"twitter_card":"summary_large_image","twitter_misc":{"Dur\u00e9e de lecture estim\u00e9e":"2 minutes"},"schema":{"@context":"https:\/\/schema.org","@graph":[{"@type":"WebPage","@id":"https:\/\/tartufiesapori.com\/fr\/produit\/vinaigre-balsamique-a-la-truffe\/","url":"https:\/\/tartufiesapori.com\/fr\/produit\/vinaigre-balsamique-a-la-truffe\/","name":"Condiment \u00e0 base d'\u201dAceto Balsamico di Modena IGP\u201d aromatis\u00e9 \u00e0 la Truffe Blanche - Tartufi e Sapori Shop online","isPartOf":{"@id":"https:\/\/tartufiesapori.com\/fr\/#website"},"primaryImageOfPage":{"@id":"https:\/\/tartufiesapori.com\/fr\/produit\/vinaigre-balsamique-a-la-truffe\/#primaryimage"},"image":{"@id":"https:\/\/tartufiesapori.com\/fr\/produit\/vinaigre-balsamique-a-la-truffe\/#primaryimage"},"thumbnailUrl":"https:\/\/tartufiesapori.com\/wp-content\/uploads\/2013\/10\/Aceto-100ml-nuovo.jpg","datePublished":"2013-10-25T15:02:53+00:00","dateModified":"2025-09-29T14:33:31+00:00","description":"Vinaigre balsamique de Mod\u00e8ne aromatis\u00e9 \u00e0 la truffe blanche. Son go\u00fbt intense et prononc\u00e9 en fait un excellent assaisonnement...","breadcrumb":{"@id":"https:\/\/tartufiesapori.com\/fr\/produit\/vinaigre-balsamique-a-la-truffe\/#breadcrumb"},"inLanguage":"fr-FR","potentialAction":[{"@type":"ReadAction","target":["https:\/\/tartufiesapori.com\/fr\/produit\/vinaigre-balsamique-a-la-truffe\/"]}]},{"@type":"ImageObject","inLanguage":"fr-FR","@id":"https:\/\/tartufiesapori.com\/fr\/produit\/vinaigre-balsamique-a-la-truffe\/#primaryimage","url":"https:\/\/tartufiesapori.com\/wp-content\/uploads\/2013\/10\/Aceto-100ml-nuovo.jpg","contentUrl":"https:\/\/tartufiesapori.com\/wp-content\/uploads\/2013\/10\/Aceto-100ml-nuovo.jpg","width":1600,"height":1600},{"@type":"BreadcrumbList","@id":"https:\/\/tartufiesapori.com\/fr\/produit\/vinaigre-balsamique-a-la-truffe\/#breadcrumb","itemListElement":[{"@type":"ListItem","position":1,"name":"Tartufi e Sapori","item":"https:\/\/tartufiesapori.com\/fr\/"},{"@type":"ListItem","position":2,"name":"Shop","item":"https:\/\/tartufiesapori.com\/fr\/shop\/"},{"@type":"ListItem","position":3,"name":"LIGNE TRADITIONNELLE","item":"https:\/\/tartufiesapori.com\/fr\/categorie-produit\/ligne-traditionnelle\/"},{"@type":"ListItem","position":4,"name":"Condiments \u00e0 la truffe","item":"https:\/\/tartufiesapori.com\/fr\/categorie-produit\/ligne-traditionnelle\/condiments-a-la-truffe\/"},{"@type":"ListItem","position":5,"name":"Condiment \u00e0 base d&#8217;\u201dAceto Balsamico di Modena IGP\u201d aromatis\u00e9 \u00e0 la Truffe Blanche"}]},{"@type":"WebSite","@id":"https:\/\/tartufiesapori.com\/fr\/#website","url":"https:\/\/tartufiesapori.com\/fr\/","name":"Tartufi e Sapori Shop online","description":"Tartufi di Acqualagna","potentialAction":[{"@type":"SearchAction","target":{"@type":"EntryPoint","urlTemplate":"https:\/\/tartufiesapori.com\/fr\/?s={search_term_string}"},"query-input":{"@type":"PropertyValueSpecification","valueRequired":true,"valueName":"search_term_string"}}],"inLanguage":"fr-FR"}]}},"_links":{"self":[{"href":"https:\/\/tartufiesapori.com\/fr\/wp-json\/wp\/v2\/product\/37444","targetHints":{"allow":["GET"]}}],"collection":[{"href":"https:\/\/tartufiesapori.com\/fr\/wp-json\/wp\/v2\/product"}],"about":[{"href":"https:\/\/tartufiesapori.com\/fr\/wp-json\/wp\/v2\/types\/product"}],"wp:featuredmedia":[{"embeddable":true,"href":"https:\/\/tartufiesapori.com\/fr\/wp-json\/wp\/v2\/media\/68705"}],"wp:attachment":[{"href":"https:\/\/tartufiesapori.com\/fr\/wp-json\/wp\/v2\/media?parent=37444"}],"wp:term":[{"taxonomy":"product_brand","embeddable":true,"href":"https:\/\/tartufiesapori.com\/fr\/wp-json\/wp\/v2\/product_brand?post=37444"},{"taxonomy":"product_cat","embeddable":true,"href":"https:\/\/tartufiesapori.com\/fr\/wp-json\/wp\/v2\/product_cat?post=37444"},{"taxonomy":"product_tag","embeddable":true,"href":"https:\/\/tartufiesapori.com\/fr\/wp-json\/wp\/v2\/product_tag?post=37444"}],"curies":[{"name":"wp","href":"https:\/\/api.w.org\/{rel}","templated":true}]}}