{"id":37331,"date":"2014-08-07T14:28:44","date_gmt":"2014-08-07T14:28:44","guid":{"rendered":"https:\/\/tartufiesapori.com\/product\/cepes-et-creme-de-truffe-bio\/"},"modified":"2025-09-23T09:28:05","modified_gmt":"2025-09-23T07:28:05","slug":"sauce-aux-cepes-a-la-truffe-bio","status":"publish","type":"product","link":"https:\/\/tartufiesapori.com\/fr\/produit\/sauce-aux-cepes-a-la-truffe-bio\/","title":{"rendered":"Sauce aux C\u00e8pes \u00e0 la Truffe Bio"},"content":{"rendered":"<p>Le parfum de la for\u00eat dans un pot, une sauce de c\u00e8pes et truffe qui ravira toute votre cuisine. La sauce aux c\u00e8pes \u00e0 la truffe bio est parfaite pour faire des cro\u00fbtons ou sur la viande, un excellent assaisonnement pour un filet ou pour des escalopes. Il suffit d\u2019ajouter quelques cuill\u00e8res dans la po\u00eale, une fois que la viande est presque cuite. Vous pouvez \u00e9galement associer la cr\u00e8me de c\u00e8pes et de truffes avec notre truffe d\u2019\u00e9t\u00e9 fra\u00eeche ou truffe brumale fra\u00eeche.<\/p>\n<p>Dans notre ligne bio, vous trouverez \u00e9galement d\u2019autres produits tels que la <a href=\"https:\/\/tartufiesapori.com\/fr\/produit\/sauce-truffe-bio\/\">sauce truffe,<\/a> la <a href=\"https:\/\/tartufiesapori.com\/fr\/produit\/sauce-bio-a-la-creme-au-fromage-et-a-la-truffe\/\">sauce \u00e0 la cr\u00e8me, au fromage et \u00e0 la truffe,<\/a> la <a href=\"https:\/\/tartufiesapori.com\/fr\/produit\/truffe-noire-d-ete-entiere-bio-25-gr\/\">truffe noire d\u2019\u00e9t\u00e9 enti\u00e8re,<\/a> la <a href=\"https:\/\/tartufiesapori.com\/fr\/produit\/truffe-noired-ete-bio-tranchee-50-g\/\">truffe noire d\u2019\u00e9t\u00e9 en tranches,<\/a> la <a href=\"https:\/\/tartufiesapori.com\/fr\/produit\/creme-de-truffe-d-ete-bio-50-g\/\">cr\u00e8me de truffe d\u2019\u00e9t\u00e9<\/a> et<a href=\"https:\/\/tartufiesapori.com\/fr\/produit\/vinaigrette-a-l-huile-de-truffe-bio\/\"> l\u2019huile d\u2019olive extra vierge \u00e0 la truffe<\/a> blanche.<\/p>\n<p><strong>Ingr\u00e9dients:<\/strong> c\u00e8pes* (<em>Boletus edulis et groupe<\/em>) 70%, huile d\u2019olive extra vierge*, truffes d\u2019\u00e9t\u00e9* (<em>Tuber aestivum Vitt.<\/em>) 5%, sel, ar\u00f4me naturel de truffe blanche*.<br \/>\n*= biologique<\/p>\n<p><strong>Valeurs nutritionnelles moyennes pour 100 g:<\/strong> \u00c9nergie 1000 kJ \/ 243 kcal, Graisses 25 g, dont acides gras satur\u00e9s 4,1 g, Glucides &lt; 0,5 g, dont sucres &lt; 0,5 g, Fibres alimentaires 4,6 g, Prot\u00e9ines 2,5 g, Sel 0,9 g.<\/p>\n<p><strong>Conservation:<\/strong> 4 ans \u00e0 partir de la date de production \u00e0 temp\u00e9rature ambiante; une fois ouvert, conserver au r\u00e9frig\u00e9rateur couvert d\u2019huile d\u2019olive extra vierge et consommer rapidement.<\/p>\n<p><strong>Traitement de la commande et de la livraison:<\/strong> les commandes sont trait\u00e9es dans les 2\/3 jours ouvrables suivant leur r\u00e9ception; les marchandises sont livr\u00e9es dans les 24\/48 heures, en fonction de la destination et de la disponibilit\u00e9 des transporteurs.<\/p>\n<p><em>Dans notre site d\u2019entreprise, vous trouverez diff\u00e9rentes\u00a0<a href=\"https:\/\/www.acqualagnatartufi.com\/fr\/recettes\/\">recettes<\/a>\u00a0qui vous donneront diff\u00e9rents conseils sur la fa\u00e7on dont vous pouvez profiter de notre truffe!<\/em><\/p>\n","protected":false},"excerpt":{"rendered":"<p>C\u00e8pes et Cr\u00e8me de Truffe Bio<\/p>\n","protected":false},"featured_media":51149,"template":"","meta":{"_acf_changed":false},"product_brand":[],"product_cat":[1043],"product_tag":[1232,1227,1229,1231,1230,1228,1170,1205,1061,1209],"class_list":{"0":"post-37331","1":"product","2":"type-product","3":"status-publish","4":"has-post-thumbnail","6":"product_cat-ligne-bio","7":"product_tag-biologique","8":"product_tag-creme-fr","9":"product_tag-creme-bio","10":"product_tag-creme-de-cepes-et-truffe-bio","11":"product_tag-creme-de-truffe-bio","12":"product_tag-cremes-fr","13":"product_tag-sauce-aux-truffes","14":"product_tag-truffe-bio","15":"product_tag-truffe-dacqualagna","16":"product_tag-tuber-aestivum-vitt-bio-fr","18":"first","19":"outofstock","20":"taxable","21":"shipping-taxable","22":"purchasable","23":"product-type-variable","24":"has-default-attributes"},"acf":[],"yoast_head":"<!-- This site is optimized with the Yoast SEO plugin v27.3 - https:\/\/yoast.com\/product\/yoast-seo-wordpress\/ -->\n<title>Sauce aux C\u00e8pes \u00e0 la Truffe Bio - Tartufi e Sapori Shop online<\/title>\n<meta name=\"description\" content=\"Le parfum de la for\u00eat dans un bocal, une sauce de c\u00e8pes et de truffes qui enivrera toute votre cuisine. La cr\u00e8me de c\u00e8pes et truffe bio est...\" \/>\n<meta name=\"robots\" content=\"index, follow, max-snippet:-1, max-image-preview:large, max-video-preview:-1\" \/>\n<link rel=\"canonical\" href=\"https:\/\/tartufiesapori.com\/fr\/produit\/sauce-aux-cepes-a-la-truffe-bio\/\" \/>\n<meta property=\"og:locale\" content=\"fr_FR\" \/>\n<meta property=\"og:type\" content=\"article\" \/>\n<meta property=\"og:title\" content=\"Sauce aux C\u00e8pes \u00e0 la Truffe Bio - Tartufi e Sapori Shop online\" \/>\n<meta property=\"og:description\" content=\"Le parfum de la for\u00eat dans un bocal, une sauce de c\u00e8pes et de truffes qui enivrera toute votre cuisine. La cr\u00e8me de c\u00e8pes et truffe bio est...\" \/>\n<meta property=\"og:url\" content=\"https:\/\/tartufiesapori.com\/fr\/produit\/sauce-aux-cepes-a-la-truffe-bio\/\" \/>\n<meta property=\"og:site_name\" content=\"Tartufi e Sapori Shop online\" \/>\n<meta property=\"article:modified_time\" content=\"2025-09-23T07:28:05+00:00\" \/>\n<meta property=\"og:image\" content=\"https:\/\/tartufiesapori.com\/wp-content\/uploads\/2014\/08\/Salsa-di-funghi-porcini-al-tartufo-bio-180.jpg\" \/>\n\t<meta property=\"og:image:width\" content=\"1600\" \/>\n\t<meta property=\"og:image:height\" content=\"1600\" \/>\n\t<meta property=\"og:image:type\" content=\"image\/jpeg\" \/>\n<meta name=\"twitter:card\" content=\"summary_large_image\" \/>\n<meta name=\"twitter:label1\" content=\"Dur\u00e9e de lecture estim\u00e9e\" \/>\n\t<meta name=\"twitter:data1\" content=\"2 minutes\" \/>\n<!-- \/ Yoast SEO plugin. -->","yoast_head_json":{"title":"Sauce aux C\u00e8pes \u00e0 la Truffe Bio - Tartufi e Sapori Shop online","description":"Le parfum de la for\u00eat dans un bocal, une sauce de c\u00e8pes et de truffes qui enivrera toute votre cuisine. La cr\u00e8me de c\u00e8pes et truffe bio est...","robots":{"index":"index","follow":"follow","max-snippet":"max-snippet:-1","max-image-preview":"max-image-preview:large","max-video-preview":"max-video-preview:-1"},"canonical":"https:\/\/tartufiesapori.com\/fr\/produit\/sauce-aux-cepes-a-la-truffe-bio\/","og_locale":"fr_FR","og_type":"article","og_title":"Sauce aux C\u00e8pes \u00e0 la Truffe Bio - Tartufi e Sapori Shop online","og_description":"Le parfum de la for\u00eat dans un bocal, une sauce de c\u00e8pes et de truffes qui enivrera toute votre cuisine. La cr\u00e8me de c\u00e8pes et truffe bio est...","og_url":"https:\/\/tartufiesapori.com\/fr\/produit\/sauce-aux-cepes-a-la-truffe-bio\/","og_site_name":"Tartufi e Sapori Shop online","article_modified_time":"2025-09-23T07:28:05+00:00","og_image":[{"width":1600,"height":1600,"url":"https:\/\/tartufiesapori.com\/wp-content\/uploads\/2014\/08\/Salsa-di-funghi-porcini-al-tartufo-bio-180.jpg","type":"image\/jpeg"}],"twitter_card":"summary_large_image","twitter_misc":{"Dur\u00e9e de lecture estim\u00e9e":"2 minutes"},"schema":{"@context":"https:\/\/schema.org","@graph":[{"@type":"WebPage","@id":"https:\/\/tartufiesapori.com\/fr\/produit\/sauce-aux-cepes-a-la-truffe-bio\/","url":"https:\/\/tartufiesapori.com\/fr\/produit\/sauce-aux-cepes-a-la-truffe-bio\/","name":"Sauce aux C\u00e8pes \u00e0 la Truffe Bio - Tartufi e Sapori Shop online","isPartOf":{"@id":"https:\/\/tartufiesapori.com\/fr\/#website"},"primaryImageOfPage":{"@id":"https:\/\/tartufiesapori.com\/fr\/produit\/sauce-aux-cepes-a-la-truffe-bio\/#primaryimage"},"image":{"@id":"https:\/\/tartufiesapori.com\/fr\/produit\/sauce-aux-cepes-a-la-truffe-bio\/#primaryimage"},"thumbnailUrl":"https:\/\/tartufiesapori.com\/wp-content\/uploads\/2014\/08\/Salsa-di-funghi-porcini-al-tartufo-bio-180.jpg","datePublished":"2014-08-07T14:28:44+00:00","dateModified":"2025-09-23T07:28:05+00:00","description":"Le parfum de la for\u00eat dans un bocal, une sauce de c\u00e8pes et de truffes qui enivrera toute votre cuisine. La cr\u00e8me de c\u00e8pes et truffe bio est...","breadcrumb":{"@id":"https:\/\/tartufiesapori.com\/fr\/produit\/sauce-aux-cepes-a-la-truffe-bio\/#breadcrumb"},"inLanguage":"fr-FR","potentialAction":[{"@type":"ReadAction","target":["https:\/\/tartufiesapori.com\/fr\/produit\/sauce-aux-cepes-a-la-truffe-bio\/"]}]},{"@type":"ImageObject","inLanguage":"fr-FR","@id":"https:\/\/tartufiesapori.com\/fr\/produit\/sauce-aux-cepes-a-la-truffe-bio\/#primaryimage","url":"https:\/\/tartufiesapori.com\/wp-content\/uploads\/2014\/08\/Salsa-di-funghi-porcini-al-tartufo-bio-180.jpg","contentUrl":"https:\/\/tartufiesapori.com\/wp-content\/uploads\/2014\/08\/Salsa-di-funghi-porcini-al-tartufo-bio-180.jpg","width":1600,"height":1600},{"@type":"BreadcrumbList","@id":"https:\/\/tartufiesapori.com\/fr\/produit\/sauce-aux-cepes-a-la-truffe-bio\/#breadcrumb","itemListElement":[{"@type":"ListItem","position":1,"name":"Tartufi e Sapori","item":"https:\/\/tartufiesapori.com\/fr\/"},{"@type":"ListItem","position":2,"name":"Shop","item":"https:\/\/tartufiesapori.com\/fr\/shop\/"},{"@type":"ListItem","position":3,"name":"LIGNE BIO","item":"https:\/\/tartufiesapori.com\/fr\/categorie-produit\/ligne-bio\/"},{"@type":"ListItem","position":4,"name":"Sauce aux C\u00e8pes \u00e0 la Truffe Bio"}]},{"@type":"WebSite","@id":"https:\/\/tartufiesapori.com\/fr\/#website","url":"https:\/\/tartufiesapori.com\/fr\/","name":"Tartufi e Sapori Shop online","description":"Tartufi di Acqualagna","potentialAction":[{"@type":"SearchAction","target":{"@type":"EntryPoint","urlTemplate":"https:\/\/tartufiesapori.com\/fr\/?s={search_term_string}"},"query-input":{"@type":"PropertyValueSpecification","valueRequired":true,"valueName":"search_term_string"}}],"inLanguage":"fr-FR"}]}},"_links":{"self":[{"href":"https:\/\/tartufiesapori.com\/fr\/wp-json\/wp\/v2\/product\/37331","targetHints":{"allow":["GET"]}}],"collection":[{"href":"https:\/\/tartufiesapori.com\/fr\/wp-json\/wp\/v2\/product"}],"about":[{"href":"https:\/\/tartufiesapori.com\/fr\/wp-json\/wp\/v2\/types\/product"}],"wp:featuredmedia":[{"embeddable":true,"href":"https:\/\/tartufiesapori.com\/fr\/wp-json\/wp\/v2\/media\/51149"}],"wp:attachment":[{"href":"https:\/\/tartufiesapori.com\/fr\/wp-json\/wp\/v2\/media?parent=37331"}],"wp:term":[{"taxonomy":"product_brand","embeddable":true,"href":"https:\/\/tartufiesapori.com\/fr\/wp-json\/wp\/v2\/product_brand?post=37331"},{"taxonomy":"product_cat","embeddable":true,"href":"https:\/\/tartufiesapori.com\/fr\/wp-json\/wp\/v2\/product_cat?post=37331"},{"taxonomy":"product_tag","embeddable":true,"href":"https:\/\/tartufiesapori.com\/fr\/wp-json\/wp\/v2\/product_tag?post=37331"}],"curies":[{"name":"wp","href":"https:\/\/api.w.org\/{rel}","templated":true}]}}