{"id":37320,"date":"2014-08-07T14:49:59","date_gmt":"2014-08-07T12:49:59","guid":{"rendered":"https:\/\/tartufiesapori.com\/product\/truffe-noire-d-ete-entiere-bio-25-gr\/"},"modified":"2025-12-30T10:09:25","modified_gmt":"2025-12-30T09:09:25","slug":"truffe-noire-d-ete-entiere-bio-25-gr","status":"publish","type":"product","link":"https:\/\/tartufiesapori.com\/fr\/produit\/truffe-noire-d-ete-entiere-bio-25-gr\/","title":{"rendered":"Truffe noire d&rsquo;\u00e9t\u00e9 enti\u00e8re Bio"},"content":{"rendered":"<p>La puret\u00e9 de la truffe dans un pot. Truffe noire d\u2019\u00e9t\u00e9 biologique en saumure (avec de l\u2019eau et du sel) mis en pot et st\u00e9rilis\u00e9. Id\u00e9al comme garniture finale d\u2019un plat. Nous vous recommandons de l\u2019accompagner d\u2019huile de truffe ou d\u2019autres sauces biologiques pour en exalter la saveur, comme par exemple notre sauce truffe bio ou notre cr\u00e8me \u00e0 la cr\u00e8me de fromage et truffe bio. Il suffit de mettre quelques tranches sur l\u2019assiette pr\u00eate. Vous pouvez \u00e9galement le trancher dans une po\u00eale avec de l\u2019huile et utiliser \u00e9galement l\u2019eau pr\u00e9sente dans le pot, pour am\u00e9liorer encore plus la saveur, chauffer le tout et sauter les p\u00e2tes une fois cuites.<\/p>\n<p>Dans notre ligne bio, vous trouverez \u00e9galement d\u2019autres produits tels que la <a href=\"https:\/\/tartufiesapori.com\/fr\/produit\/sauce-truffe-bio\/\">sauce truffe,<\/a> la <a href=\"https:\/\/tartufiesapori.com\/fr\/produit\/sauce-aux-cepes-a-la-truffe-bio\/\">sauce aux c\u00e8pes \u00e0 la truffe,<\/a> la <a href=\"https:\/\/tartufiesapori.com\/fr\/produit\/sauce-bio-a-la-creme-au-fromage-et-a-la-truffe\/\">sauce \u00e0 la cr\u00e8me au fromage et \u00e0 la truffe,<\/a> la <a href=\"https:\/\/tartufiesapori.com\/fr\/produit\/truffe-noired-ete-bio-tranchee-50-g\/\">truffe noire d\u2019\u00e9t\u00e9 en tranches,<\/a> la <a href=\"https:\/\/tartufiesapori.com\/fr\/produit\/creme-de-truffe-d-ete-bio-50-g\/\">cr\u00e8me de truffe d\u2019\u00e9t\u00e9<\/a> et<a href=\"https:\/\/tartufiesapori.com\/fr\/produit\/vinaigrette-a-l-huile-de-truffe-bio\/\"> l\u2019huile d\u2019olive extra vierge \u00e0 la truffe blanche.<\/a><\/p>\n<p><strong>Poids: <\/strong>25 g<br \/>\n<em>*Il est pr\u00e9cis\u00e9 que 25 grammes de ce produit correspondent \u00e0 18 grammes \u00e9goutt\u00e9s.<\/em><\/p>\n<p><strong>Ingr\u00e9dients:<\/strong> truffe noire d\u2019\u00e9t\u00e9 biologique (<em>Tuber aestivum Vitt.<\/em>) 72%, eau, sel. Origine des truffes: Italie. Classification: 3\u00b0 choix.<\/p>\n<p><strong>Valeurs nutritionnelles moyennes pour 100 g:<\/strong> \u00c9nergie 259 kJ \/ 63 kcal, Graisses 0,6 g, dont acides gras satur\u00e9s 0,2 g, Glucides &lt; 0,5 g, dont sucres &lt; 0,5 g, Fibres alimentaires 15 g, Prot\u00e9ines 6,9 g, Sel 0,4 g.<\/p>\n<p><strong>Conservation:<\/strong> 4 ans \u00e0 compter de la date de production \u00e0 temp\u00e9rature ambiante; une fois ouvert, conserver au r\u00e9frig\u00e9rateur couvert d\u2019eau et consommer rapidement.<\/p>\n<p><strong>Traitement de la commande et de la livraison:<\/strong> les commandes sont trait\u00e9es dans les 2\/3 jours ouvrables suivant leur r\u00e9ception; les marchandises sont livr\u00e9es dans les 24\/48 heures, en fonction de la destination et de la disponibilit\u00e9 des transporteurs.<\/p>\n<p><em>Dans notre site d\u2019entreprise, vous trouverez diff\u00e9rentes\u00a0<a href=\"https:\/\/www.acqualagnatartufi.com\/fr\/recettes\/\">recettes<\/a>\u00a0qui vous donneront diff\u00e9rents conseils sur la fa\u00e7on dont vous pouvez profiter de notre truffe!<\/em><\/p>\n","protected":false},"excerpt":{"rendered":"<p>Truffe noire d&rsquo;\u00e9t\u00e9 enti\u00e8re Bio 25 g<\/p>\n","protected":false},"featured_media":51177,"template":"","meta":{"_acf_changed":false},"product_brand":[],"product_cat":[1043],"product_tag":[1219,1218,1220,1206,1061,1077],"class_list":{"0":"post-37320","1":"product","2":"type-product","3":"status-publish","4":"has-post-thumbnail","6":"product_cat-ligne-bio","7":"product_tag-pots-de-truffes-bio","8":"product_tag-truffe-bio-fr","9":"product_tag-truffe-bio-entiere","10":"product_tag-truffe-dete-bio","11":"product_tag-truffe-dacqualagna","12":"product_tag-tuber-aestivum-vitt-fr","14":"first","15":"outofstock","16":"taxable","17":"shipping-taxable","18":"purchasable","19":"product-type-simple"},"acf":[],"yoast_head":"<!-- This site is optimized with the Yoast SEO plugin v27.3 - https:\/\/yoast.com\/product\/yoast-seo-wordpress\/ -->\n<title>Truffe noire d&#039;\u00e9t\u00e9 enti\u00e8re Bio - Tartufi e Sapori Shop online<\/title>\n<meta name=\"description\" content=\"Truffe noire d&#039;\u00e9t\u00e9 biologique en bocaux de saumure (avec eau et sel) et st\u00e9rilis\u00e9e. Id\u00e9al comme garniture finale pour un plat.\" \/>\n<meta name=\"robots\" content=\"index, follow, max-snippet:-1, max-image-preview:large, max-video-preview:-1\" \/>\n<link rel=\"canonical\" href=\"https:\/\/tartufiesapori.com\/fr\/produit\/truffe-noire-d-ete-entiere-bio-25-gr\/\" \/>\n<meta property=\"og:locale\" content=\"fr_FR\" \/>\n<meta property=\"og:type\" content=\"article\" \/>\n<meta property=\"og:title\" content=\"Truffe noire d&#039;\u00e9t\u00e9 enti\u00e8re Bio - Tartufi e Sapori Shop online\" \/>\n<meta property=\"og:description\" content=\"Truffe noire d&#039;\u00e9t\u00e9 biologique en bocaux de saumure (avec eau et sel) et st\u00e9rilis\u00e9e. Id\u00e9al comme garniture finale pour un plat.\" \/>\n<meta property=\"og:url\" content=\"https:\/\/tartufiesapori.com\/fr\/produit\/truffe-noire-d-ete-entiere-bio-25-gr\/\" \/>\n<meta property=\"og:site_name\" content=\"Tartufi e Sapori Shop online\" \/>\n<meta property=\"article:modified_time\" content=\"2025-12-30T09:09:25+00:00\" \/>\n<meta property=\"og:image\" content=\"https:\/\/tartufiesapori.com\/wp-content\/uploads\/2014\/08\/Tartufo-estivo-intero-bio-25-1.jpg\" \/>\n\t<meta property=\"og:image:width\" content=\"1600\" \/>\n\t<meta property=\"og:image:height\" content=\"1600\" \/>\n\t<meta property=\"og:image:type\" content=\"image\/jpeg\" \/>\n<meta name=\"twitter:card\" content=\"summary_large_image\" \/>\n<meta name=\"twitter:label1\" content=\"Dur\u00e9e de lecture estim\u00e9e\" \/>\n\t<meta name=\"twitter:data1\" content=\"2 minutes\" \/>\n<!-- \/ Yoast SEO plugin. -->","yoast_head_json":{"title":"Truffe noire d'\u00e9t\u00e9 enti\u00e8re Bio - Tartufi e Sapori Shop online","description":"Truffe noire d'\u00e9t\u00e9 biologique en bocaux de saumure (avec eau et sel) et st\u00e9rilis\u00e9e. Id\u00e9al comme garniture finale pour un plat.","robots":{"index":"index","follow":"follow","max-snippet":"max-snippet:-1","max-image-preview":"max-image-preview:large","max-video-preview":"max-video-preview:-1"},"canonical":"https:\/\/tartufiesapori.com\/fr\/produit\/truffe-noire-d-ete-entiere-bio-25-gr\/","og_locale":"fr_FR","og_type":"article","og_title":"Truffe noire d'\u00e9t\u00e9 enti\u00e8re Bio - Tartufi e Sapori Shop online","og_description":"Truffe noire d'\u00e9t\u00e9 biologique en bocaux de saumure (avec eau et sel) et st\u00e9rilis\u00e9e. Id\u00e9al comme garniture finale pour un plat.","og_url":"https:\/\/tartufiesapori.com\/fr\/produit\/truffe-noire-d-ete-entiere-bio-25-gr\/","og_site_name":"Tartufi e Sapori Shop online","article_modified_time":"2025-12-30T09:09:25+00:00","og_image":[{"width":1600,"height":1600,"url":"https:\/\/tartufiesapori.com\/wp-content\/uploads\/2014\/08\/Tartufo-estivo-intero-bio-25-1.jpg","type":"image\/jpeg"}],"twitter_card":"summary_large_image","twitter_misc":{"Dur\u00e9e de lecture estim\u00e9e":"2 minutes"},"schema":{"@context":"https:\/\/schema.org","@graph":[{"@type":"WebPage","@id":"https:\/\/tartufiesapori.com\/fr\/produit\/truffe-noire-d-ete-entiere-bio-25-gr\/","url":"https:\/\/tartufiesapori.com\/fr\/produit\/truffe-noire-d-ete-entiere-bio-25-gr\/","name":"Truffe noire d'\u00e9t\u00e9 enti\u00e8re Bio - Tartufi e Sapori Shop online","isPartOf":{"@id":"https:\/\/tartufiesapori.com\/fr\/#website"},"primaryImageOfPage":{"@id":"https:\/\/tartufiesapori.com\/fr\/produit\/truffe-noire-d-ete-entiere-bio-25-gr\/#primaryimage"},"image":{"@id":"https:\/\/tartufiesapori.com\/fr\/produit\/truffe-noire-d-ete-entiere-bio-25-gr\/#primaryimage"},"thumbnailUrl":"https:\/\/tartufiesapori.com\/wp-content\/uploads\/2014\/08\/Tartufo-estivo-intero-bio-25-1.jpg","datePublished":"2014-08-07T12:49:59+00:00","dateModified":"2025-12-30T09:09:25+00:00","description":"Truffe noire d'\u00e9t\u00e9 biologique en bocaux de saumure (avec eau et sel) et st\u00e9rilis\u00e9e. Id\u00e9al comme garniture finale pour un plat.","breadcrumb":{"@id":"https:\/\/tartufiesapori.com\/fr\/produit\/truffe-noire-d-ete-entiere-bio-25-gr\/#breadcrumb"},"inLanguage":"fr-FR","potentialAction":[{"@type":"ReadAction","target":["https:\/\/tartufiesapori.com\/fr\/produit\/truffe-noire-d-ete-entiere-bio-25-gr\/"]}]},{"@type":"ImageObject","inLanguage":"fr-FR","@id":"https:\/\/tartufiesapori.com\/fr\/produit\/truffe-noire-d-ete-entiere-bio-25-gr\/#primaryimage","url":"https:\/\/tartufiesapori.com\/wp-content\/uploads\/2014\/08\/Tartufo-estivo-intero-bio-25-1.jpg","contentUrl":"https:\/\/tartufiesapori.com\/wp-content\/uploads\/2014\/08\/Tartufo-estivo-intero-bio-25-1.jpg","width":1600,"height":1600},{"@type":"BreadcrumbList","@id":"https:\/\/tartufiesapori.com\/fr\/produit\/truffe-noire-d-ete-entiere-bio-25-gr\/#breadcrumb","itemListElement":[{"@type":"ListItem","position":1,"name":"Tartufi e Sapori","item":"https:\/\/tartufiesapori.com\/fr\/"},{"@type":"ListItem","position":2,"name":"Shop","item":"https:\/\/tartufiesapori.com\/fr\/shop\/"},{"@type":"ListItem","position":3,"name":"LIGNE BIO","item":"https:\/\/tartufiesapori.com\/fr\/categorie-produit\/ligne-bio\/"},{"@type":"ListItem","position":4,"name":"Truffe noire d&#8217;\u00e9t\u00e9 enti\u00e8re Bio"}]},{"@type":"WebSite","@id":"https:\/\/tartufiesapori.com\/fr\/#website","url":"https:\/\/tartufiesapori.com\/fr\/","name":"Tartufi e Sapori Shop online","description":"Tartufi di Acqualagna","potentialAction":[{"@type":"SearchAction","target":{"@type":"EntryPoint","urlTemplate":"https:\/\/tartufiesapori.com\/fr\/?s={search_term_string}"},"query-input":{"@type":"PropertyValueSpecification","valueRequired":true,"valueName":"search_term_string"}}],"inLanguage":"fr-FR"}]}},"_links":{"self":[{"href":"https:\/\/tartufiesapori.com\/fr\/wp-json\/wp\/v2\/product\/37320","targetHints":{"allow":["GET"]}}],"collection":[{"href":"https:\/\/tartufiesapori.com\/fr\/wp-json\/wp\/v2\/product"}],"about":[{"href":"https:\/\/tartufiesapori.com\/fr\/wp-json\/wp\/v2\/types\/product"}],"wp:featuredmedia":[{"embeddable":true,"href":"https:\/\/tartufiesapori.com\/fr\/wp-json\/wp\/v2\/media\/51177"}],"wp:attachment":[{"href":"https:\/\/tartufiesapori.com\/fr\/wp-json\/wp\/v2\/media?parent=37320"}],"wp:term":[{"taxonomy":"product_brand","embeddable":true,"href":"https:\/\/tartufiesapori.com\/fr\/wp-json\/wp\/v2\/product_brand?post=37320"},{"taxonomy":"product_cat","embeddable":true,"href":"https:\/\/tartufiesapori.com\/fr\/wp-json\/wp\/v2\/product_cat?post=37320"},{"taxonomy":"product_tag","embeddable":true,"href":"https:\/\/tartufiesapori.com\/fr\/wp-json\/wp\/v2\/product_tag?post=37320"}],"curies":[{"name":"wp","href":"https:\/\/api.w.org\/{rel}","templated":true}]}}