{"id":37316,"date":"2014-08-07T15:04:22","date_gmt":"2014-08-07T13:04:22","guid":{"rendered":"https:\/\/tartufiesapori.com\/product\/vinaigrette-a-l-huile-de-truffe-bio\/"},"modified":"2025-12-22T10:30:25","modified_gmt":"2025-12-22T09:30:25","slug":"vinaigrette-a-l-huile-de-truffe-bio","status":"publish","type":"product","link":"https:\/\/tartufiesapori.com\/fr\/produit\/vinaigrette-a-l-huile-de-truffe-bio\/","title":{"rendered":"Assaisonnement \u00e0 base d\u2019huile EVO BIO aromatis\u00e9e \u00e0 la truffe blanche"},"content":{"rendered":"<p>Assaisonnement \u00e0 base d\u2019huile d\u2019olive extra vierge biologique, 100% italien, avec seulement l\u2019ajout d\u2019ar\u00f4mes naturels. Un produit authentique et d\u00e9licat au parfum incomparable, un assaisonnement qui accompagnera tous vos plats. Vous pouvez utiliser cette huile de truffe biologique pour assaisonner les p\u00e2tes ou pour faire de d\u00e9licieuses bruschettas. Ses qualit\u00e9s le rendent \u00e9galement parfait pour aromatiser vos viandes. Il suffit de quelques gouttes pour aromatiser chaque plat.<\/p>\n<p>Dans notre ligne bio, vous trouverez \u00e9galement d\u2019autres produits tels que la <a href=\"https:\/\/tartufiesapori.com\/fr\/produit\/sauce-truffe-bio\/\">sauce truffe,<\/a> la <a href=\"https:\/\/tartufiesapori.com\/fr\/produit\/sauce-aux-cepes-a-la-truffe-bio\/\">sauce aux c\u00e8pes \u00e0 la truffe,<\/a>\u00a0la <a href=\"https:\/\/tartufiesapori.com\/fr\/produit\/sauce-bio-a-la-creme-au-fromage-et-a-la-truffe\/\">sauce \u00e0 la cr\u00e8me au fromage et \u00e0 la truffe,<\/a> la <a href=\"https:\/\/tartufiesapori.com\/fr\/produit\/truffe-noire-d-ete-entiere-bio-25-gr\/\">truffe noire d\u2019\u00e9t\u00e9 enti\u00e8re,<\/a> la<a href=\"https:\/\/tartufiesapori.com\/fr\/produit\/truffe-noired-ete-bio-tranchee-50-g\/\"> truffe noire d\u2019\u00e9t\u00e9 en tranches<\/a> et la <a href=\"https:\/\/tartufiesapori.com\/fr\/produit\/creme-de-truffe-d-ete-bio-50-g\/\">cr\u00e8me de truffe d\u2019\u00e9t\u00e9.<\/a><\/p>\n<p><strong>Poids: <\/strong>65 ml<\/p>\n<p><strong>Ingr\u00e9dients:<\/strong> Huile d\u2019olive extra vierge* 99%, ar\u00f4me naturel de truffe blanche*.<br \/>\n*= biologique<\/p>\n<p><strong>Valeurs nutritionnelles moyennes pour 100 g:<\/strong> \u00c9nergie 3404 kJ \/ 828 kcal, Graisses 92 g, dont acides gras satur\u00e9s 14 g, Glucides 0 g, dont sucres 0 g, Fibres alimentaires 0 g, Prot\u00e9ines 0 g, Sel 0,02 g.<\/p>\n<p><strong>Stockage:<\/strong> 18 mois \u00e0 partir de la date de production \u00e0 la temp\u00e9rature ambiante, stocker dans un endroit frais et sec loin des sources de chaleur.<\/p>\n<p><strong>Traitement de la commande et de la livraison:<\/strong> les commandes sont trait\u00e9es dans les 2\/3 jours ouvrables suivant leur r\u00e9ception; les marchandises sont livr\u00e9es dans les 24\/48 heures, en fonction de la destination et de la disponibilit\u00e9 des transporteurs.<\/p>\n<p><em>Dans notre site d\u2019entreprise, vous trouverez diff\u00e9rentes\u00a0<a href=\"https:\/\/www.acqualagnatartufi.com\/fr\/recettes\/\">recettes<\/a>\u00a0qui vous donneront diff\u00e9rents conseils sur la fa\u00e7on dont vous pouvez profiter de notre truffe!<\/em><\/p>\n","protected":false},"excerpt":{"rendered":"<p>Vinaigrette \u00e0 l&rsquo;huile EVO BIO \u00e0 la truffe blanche 65 ml<\/p>\n","protected":false},"featured_media":51141,"template":"","meta":{"_acf_changed":false},"product_brand":[],"product_cat":[1043],"product_tag":[],"class_list":{"0":"post-37316","1":"product","2":"type-product","3":"status-publish","4":"has-post-thumbnail","6":"product_cat-ligne-bio","8":"first","9":"outofstock","10":"taxable","11":"shipping-taxable","12":"purchasable","13":"product-type-simple"},"acf":[],"yoast_head":"<!-- This site is optimized with the Yoast SEO plugin v27.3 - https:\/\/yoast.com\/product\/yoast-seo-wordpress\/ -->\n<title>Assaisonnement \u00e0 base d\u2019huile EVO BIO aromatis\u00e9e \u00e0 la truffe blanche - Tartufi e Sapori Shop online<\/title>\n<meta name=\"description\" content=\"Assaisonnement \u00e0 base d\u2019huile EVO BIO, 100% italien, avec seulement l\u2019ajout d\u2019ar\u00f4mes naturels. Un produit authentique et d\u00e9licat au parfum...\" \/>\n<meta name=\"robots\" content=\"index, follow, max-snippet:-1, max-image-preview:large, max-video-preview:-1\" \/>\n<link rel=\"canonical\" href=\"https:\/\/tartufiesapori.com\/fr\/produit\/vinaigrette-a-l-huile-de-truffe-bio\/\" \/>\n<meta property=\"og:locale\" content=\"fr_FR\" \/>\n<meta property=\"og:type\" content=\"article\" \/>\n<meta property=\"og:title\" content=\"Assaisonnement \u00e0 base d\u2019huile EVO BIO aromatis\u00e9e \u00e0 la truffe blanche - Tartufi e Sapori Shop online\" \/>\n<meta property=\"og:description\" content=\"Assaisonnement \u00e0 base d\u2019huile EVO BIO, 100% italien, avec seulement l\u2019ajout d\u2019ar\u00f4mes naturels. Un produit authentique et d\u00e9licat au parfum...\" \/>\n<meta property=\"og:url\" content=\"https:\/\/tartufiesapori.com\/fr\/produit\/vinaigrette-a-l-huile-de-truffe-bio\/\" \/>\n<meta property=\"og:site_name\" content=\"Tartufi e Sapori Shop online\" \/>\n<meta property=\"article:modified_time\" content=\"2025-12-22T09:30:25+00:00\" \/>\n<meta property=\"og:image\" content=\"https:\/\/tartufiesapori.com\/wp-content\/uploads\/2014\/08\/Olio-tartufo-bianco-bio-65-2.jpg\" \/>\n\t<meta property=\"og:image:width\" content=\"1600\" \/>\n\t<meta property=\"og:image:height\" content=\"1600\" \/>\n\t<meta property=\"og:image:type\" content=\"image\/jpeg\" \/>\n<meta name=\"twitter:card\" content=\"summary_large_image\" \/>\n<meta name=\"twitter:label1\" content=\"Dur\u00e9e de lecture estim\u00e9e\" \/>\n\t<meta name=\"twitter:data1\" content=\"2 minutes\" \/>\n<!-- \/ Yoast SEO plugin. -->","yoast_head_json":{"title":"Assaisonnement \u00e0 base d\u2019huile EVO BIO aromatis\u00e9e \u00e0 la truffe blanche - Tartufi e Sapori Shop online","description":"Assaisonnement \u00e0 base d\u2019huile EVO BIO, 100% italien, avec seulement l\u2019ajout d\u2019ar\u00f4mes naturels. Un produit authentique et d\u00e9licat au parfum...","robots":{"index":"index","follow":"follow","max-snippet":"max-snippet:-1","max-image-preview":"max-image-preview:large","max-video-preview":"max-video-preview:-1"},"canonical":"https:\/\/tartufiesapori.com\/fr\/produit\/vinaigrette-a-l-huile-de-truffe-bio\/","og_locale":"fr_FR","og_type":"article","og_title":"Assaisonnement \u00e0 base d\u2019huile EVO BIO aromatis\u00e9e \u00e0 la truffe blanche - Tartufi e Sapori Shop online","og_description":"Assaisonnement \u00e0 base d\u2019huile EVO BIO, 100% italien, avec seulement l\u2019ajout d\u2019ar\u00f4mes naturels. Un produit authentique et d\u00e9licat au parfum...","og_url":"https:\/\/tartufiesapori.com\/fr\/produit\/vinaigrette-a-l-huile-de-truffe-bio\/","og_site_name":"Tartufi e Sapori Shop online","article_modified_time":"2025-12-22T09:30:25+00:00","og_image":[{"width":1600,"height":1600,"url":"https:\/\/tartufiesapori.com\/wp-content\/uploads\/2014\/08\/Olio-tartufo-bianco-bio-65-2.jpg","type":"image\/jpeg"}],"twitter_card":"summary_large_image","twitter_misc":{"Dur\u00e9e de lecture estim\u00e9e":"2 minutes"},"schema":{"@context":"https:\/\/schema.org","@graph":[{"@type":"WebPage","@id":"https:\/\/tartufiesapori.com\/fr\/produit\/vinaigrette-a-l-huile-de-truffe-bio\/","url":"https:\/\/tartufiesapori.com\/fr\/produit\/vinaigrette-a-l-huile-de-truffe-bio\/","name":"Assaisonnement \u00e0 base d\u2019huile EVO BIO aromatis\u00e9e \u00e0 la truffe blanche - Tartufi e Sapori Shop online","isPartOf":{"@id":"https:\/\/tartufiesapori.com\/fr\/#website"},"primaryImageOfPage":{"@id":"https:\/\/tartufiesapori.com\/fr\/produit\/vinaigrette-a-l-huile-de-truffe-bio\/#primaryimage"},"image":{"@id":"https:\/\/tartufiesapori.com\/fr\/produit\/vinaigrette-a-l-huile-de-truffe-bio\/#primaryimage"},"thumbnailUrl":"https:\/\/tartufiesapori.com\/wp-content\/uploads\/2014\/08\/Olio-tartufo-bianco-bio-65-2.jpg","datePublished":"2014-08-07T13:04:22+00:00","dateModified":"2025-12-22T09:30:25+00:00","description":"Assaisonnement \u00e0 base d\u2019huile EVO BIO, 100% italien, avec seulement l\u2019ajout d\u2019ar\u00f4mes naturels. Un produit authentique et d\u00e9licat au parfum...","breadcrumb":{"@id":"https:\/\/tartufiesapori.com\/fr\/produit\/vinaigrette-a-l-huile-de-truffe-bio\/#breadcrumb"},"inLanguage":"fr-FR","potentialAction":[{"@type":"ReadAction","target":["https:\/\/tartufiesapori.com\/fr\/produit\/vinaigrette-a-l-huile-de-truffe-bio\/"]}]},{"@type":"ImageObject","inLanguage":"fr-FR","@id":"https:\/\/tartufiesapori.com\/fr\/produit\/vinaigrette-a-l-huile-de-truffe-bio\/#primaryimage","url":"https:\/\/tartufiesapori.com\/wp-content\/uploads\/2014\/08\/Olio-tartufo-bianco-bio-65-2.jpg","contentUrl":"https:\/\/tartufiesapori.com\/wp-content\/uploads\/2014\/08\/Olio-tartufo-bianco-bio-65-2.jpg","width":1600,"height":1600},{"@type":"BreadcrumbList","@id":"https:\/\/tartufiesapori.com\/fr\/produit\/vinaigrette-a-l-huile-de-truffe-bio\/#breadcrumb","itemListElement":[{"@type":"ListItem","position":1,"name":"Tartufi e Sapori","item":"https:\/\/tartufiesapori.com\/fr\/"},{"@type":"ListItem","position":2,"name":"Shop","item":"https:\/\/tartufiesapori.com\/fr\/shop\/"},{"@type":"ListItem","position":3,"name":"LIGNE BIO","item":"https:\/\/tartufiesapori.com\/fr\/categorie-produit\/ligne-bio\/"},{"@type":"ListItem","position":4,"name":"Assaisonnement \u00e0 base d\u2019huile EVO BIO aromatis\u00e9e \u00e0 la truffe blanche"}]},{"@type":"WebSite","@id":"https:\/\/tartufiesapori.com\/fr\/#website","url":"https:\/\/tartufiesapori.com\/fr\/","name":"Tartufi e Sapori Shop online","description":"Tartufi di Acqualagna","potentialAction":[{"@type":"SearchAction","target":{"@type":"EntryPoint","urlTemplate":"https:\/\/tartufiesapori.com\/fr\/?s={search_term_string}"},"query-input":{"@type":"PropertyValueSpecification","valueRequired":true,"valueName":"search_term_string"}}],"inLanguage":"fr-FR"}]}},"_links":{"self":[{"href":"https:\/\/tartufiesapori.com\/fr\/wp-json\/wp\/v2\/product\/37316","targetHints":{"allow":["GET"]}}],"collection":[{"href":"https:\/\/tartufiesapori.com\/fr\/wp-json\/wp\/v2\/product"}],"about":[{"href":"https:\/\/tartufiesapori.com\/fr\/wp-json\/wp\/v2\/types\/product"}],"wp:featuredmedia":[{"embeddable":true,"href":"https:\/\/tartufiesapori.com\/fr\/wp-json\/wp\/v2\/media\/51141"}],"wp:attachment":[{"href":"https:\/\/tartufiesapori.com\/fr\/wp-json\/wp\/v2\/media?parent=37316"}],"wp:term":[{"taxonomy":"product_brand","embeddable":true,"href":"https:\/\/tartufiesapori.com\/fr\/wp-json\/wp\/v2\/product_brand?post=37316"},{"taxonomy":"product_cat","embeddable":true,"href":"https:\/\/tartufiesapori.com\/fr\/wp-json\/wp\/v2\/product_cat?post=37316"},{"taxonomy":"product_tag","embeddable":true,"href":"https:\/\/tartufiesapori.com\/fr\/wp-json\/wp\/v2\/product_tag?post=37316"}],"curies":[{"name":"wp","href":"https:\/\/api.w.org\/{rel}","templated":true}]}}