{"id":37301,"date":"2014-08-07T14:56:45","date_gmt":"2014-08-07T12:56:45","guid":{"rendered":"https:\/\/tartufiesapori.com\/product\/creme-de-truffe-d-ete-bio-50-g\/"},"modified":"2025-12-30T10:39:13","modified_gmt":"2025-12-30T09:39:13","slug":"creme-de-truffe-d-ete-bio-50-g","status":"publish","type":"product","link":"https:\/\/tartufiesapori.com\/fr\/produit\/creme-de-truffe-d-ete-bio-50-g\/","title":{"rendered":"Cr\u00e8me de truffe d&rsquo;\u00e9t\u00e9 bio"},"content":{"rendered":"<p>La truffe d\u2019\u00e9t\u00e9 biologique est r\u00e9colt\u00e9e dans notre truffe certifi\u00e9e bio, pour cr\u00e9er une cr\u00e8me parfaite pour assaisonner les entr\u00e9es ou pour la pr\u00e9paration de bruschettas et de sandwichs. \u00c0 la cr\u00e8me de truffe d\u2019\u00e9t\u00e9 bio, il faut ajouter un peu d\u2019huile d\u2019olive extra vierge (encore mieux si vous utilisez notre huile de truffe bio), de l\u2019ail hach\u00e9 et de la p\u00e2te d\u2019anchois, ou simplement utiliser tel quel, Il suffit de chauffer le produit \u00e0 la po\u00eale et d\u2019ajouter les p\u00e2tes ou les tartiner dans le pain. Aussi id\u00e9al pour pr\u00e9parer une omelette sp\u00e9ciale: 1 cuill\u00e8re \u00e0 caf\u00e9 de produit chaque \u0153uf, fouetter tout ensemble et cuire \u00e0 la po\u00eale. La cr\u00e8me \u00e0 la truffe bio est \u00e9galement parfaite avec nos fettuccine Campofilone aux truffes bio. La cr\u00e8me est pr\u00e9par\u00e9e en broyant la truffe granulairement, en l\u2019unissant \u00e0 l\u2019huile d\u2019olive extra vierge et au sel, puis elle est st\u00e9rilis\u00e9e.<\/p>\n<p>Dans notre ligne bio, vous trouverez \u00e9galement d\u2019autres produits tels que la <a href=\"https:\/\/tartufiesapori.com\/fr\/produit\/sauce-truffe-bio\/\">sauce truffe,<\/a> la <a href=\"https:\/\/tartufiesapori.com\/fr\/produit\/sauce-aux-cepes-a-la-truffe-bio\/\">sauce aux c\u00e8pes \u00e0 la truffe,<\/a>\u00a0la <a href=\"https:\/\/tartufiesapori.com\/fr\/produit\/sauce-bio-a-la-creme-au-fromage-et-a-la-truffe\/\">sauce \u00e0 la cr\u00e8me au fromage et \u00e0 la truffe,<\/a> la <a href=\"https:\/\/tartufiesapori.com\/fr\/produit\/truffe-noire-d-ete-entiere-bio-25-gr\/\">truffe noire d\u2019\u00e9t\u00e9 enti\u00e8re,<\/a> la <a href=\"https:\/\/tartufiesapori.com\/fr\/produit\/truffe-noired-ete-bio-tranchee-50-g\/\">truffe noire d\u2019\u00e9t\u00e9 en tranches<\/a> et <a href=\"https:\/\/tartufiesapori.com\/fr\/produit\/vinaigrette-a-l-huile-de-truffe-bio\/\">l\u2019huile d\u2019olive extra vierge \u00e0 la truffe blanche.<\/a><\/p>\n<p><strong>Poids: <\/strong>50 g<\/p>\n<p><strong>Ingr\u00e9dients:<\/strong> truffe noire d\u2019\u00e9t\u00e9* (<em>Tuber aestivum Vitt.<\/em>) 60%, huile d\u2019olive extra vierge*, sel, ar\u00f4me naturel de truffe blanche*. Origine des truffes: Italie. Classification: hachage de la truffe<br \/>\n*= biologique<\/p>\n<p><strong>Valeurs nutritionnelles moyennes pour 100 g:<\/strong> \u00c9nergie 174 kJ \/ 424 kcal, Graisses 42 g, dont acides gras satur\u00e9s 6,9 g, Glucides &lt; 0,5 g, dont sucres &lt; 0,5 g, Fibres alimentaires 17 g, Prot\u00e9ines 3,1 g, Sel 1 g.<\/p>\n<p><strong>Conservation:<\/strong> 4 ans \u00e0 partir de la date de production \u00e0 temp\u00e9rature ambiante; une fois ouvert, conserver au r\u00e9frig\u00e9rateur couvert d\u2019huile d\u2019olive extra vierge et consommer rapidement.<\/p>\n<p><strong>Traitement de la commande et de la livraison:<\/strong> les commandes sont trait\u00e9es dans les 2\/3 jours ouvrables suivant leur r\u00e9ception; les marchandises sont livr\u00e9es dans les 24\/48 heures, en fonction de la destination et de la disponibilit\u00e9 des transporteurs.<\/p>\n<p><em>Dans notre site d\u2019entreprise, vous trouverez diff\u00e9rentes\u00a0<a href=\"https:\/\/www.acqualagnatartufi.com\/fr\/recettes\/\">recettes<\/a>\u00a0qui vous donneront diff\u00e9rents conseils sur la fa\u00e7on dont vous pouvez profiter de notre truffe!<\/em><\/p>\n","protected":false},"excerpt":{"rendered":"<p>Cr\u00e8me de truffe d&rsquo;\u00e9t\u00e9 bio 50 g<\/p>\n","protected":false},"featured_media":51137,"template":"","meta":{"_acf_changed":false},"product_brand":[],"product_cat":[1043],"product_tag":[1211,1212,1206,1061,1210,1213,1209],"class_list":{"0":"post-37301","1":"product","2":"type-product","3":"status-publish","4":"has-post-thumbnail","6":"product_cat-ligne-bio","7":"product_tag-crema-di-tartufo-bio-fr","8":"product_tag-creme-de-truffe-dete-bio","9":"product_tag-truffe-dete-bio","10":"product_tag-truffe-dacqualagna","11":"product_tag-truffe-dacqualagna-bio","12":"product_tag-tartufo-estivo-bio-in-crema-fr","13":"product_tag-tuber-aestivum-vitt-bio-fr","15":"first","16":"instock","17":"taxable","18":"shipping-taxable","19":"purchasable","20":"product-type-simple"},"acf":[],"yoast_head":"<!-- This site is optimized with the Yoast SEO plugin v27.3 - https:\/\/yoast.com\/product\/yoast-seo-wordpress\/ -->\n<title>Cr\u00e8me de truffe d&#039;\u00e9t\u00e9 bio - Tartufi e Sapori Shop online<\/title>\n<meta name=\"description\" content=\"La truffe d&#039;\u00e9t\u00e9 biologique est r\u00e9colt\u00e9e dans notre terre \u00e0 truffes certifi\u00e9e biologique, pour cr\u00e9er une cr\u00e8me parfaite pour assaisonner les entr\u00e9es ou pour la pr\u00e9paration de bruschetta et de sandwichs. A la cr\u00e8me de truffe d&#039;\u00e9t\u00e9 bio, il faut ajouter un peu d&#039;huile d&#039;olive extra vierge (encore mieux si vous utilisez notre huile de truffe bio), de l&#039;ail hach\u00e9 et de la p\u00e2te d&#039;anchois, ou pour l&#039;utiliser simplement tel quel, il suffit de chauffer le produit dans une po\u00eale et ajouter des p\u00e2tes ou tartiner du pain. Excellent aussi pour pr\u00e9parer une omelette sp\u00e9ciale : 1 cuill\u00e8re \u00e0 caf\u00e9 de produit pour chaque \u0153uf, battre le tout ensemble et faire cuire \u00e0 la po\u00eale. La cr\u00e8me de truffe bio est \u00e9galement parfaite avec nos fettuccine di Campofilone aux truffes bio.\" \/>\n<meta name=\"robots\" content=\"index, follow, max-snippet:-1, max-image-preview:large, max-video-preview:-1\" \/>\n<link rel=\"canonical\" href=\"https:\/\/tartufiesapori.com\/fr\/produit\/creme-de-truffe-d-ete-bio-50-g\/\" \/>\n<meta property=\"og:locale\" content=\"fr_FR\" \/>\n<meta property=\"og:type\" content=\"article\" \/>\n<meta property=\"og:title\" content=\"Cr\u00e8me de truffe d&#039;\u00e9t\u00e9 bio - Tartufi e Sapori Shop online\" \/>\n<meta property=\"og:description\" content=\"La truffe d&#039;\u00e9t\u00e9 biologique est r\u00e9colt\u00e9e dans notre terre \u00e0 truffes certifi\u00e9e biologique, pour cr\u00e9er une cr\u00e8me parfaite pour assaisonner les entr\u00e9es ou pour la pr\u00e9paration de bruschetta et de sandwichs. A la cr\u00e8me de truffe d&#039;\u00e9t\u00e9 bio, il faut ajouter un peu d&#039;huile d&#039;olive extra vierge (encore mieux si vous utilisez notre huile de truffe bio), de l&#039;ail hach\u00e9 et de la p\u00e2te d&#039;anchois, ou pour l&#039;utiliser simplement tel quel, il suffit de chauffer le produit dans une po\u00eale et ajouter des p\u00e2tes ou tartiner du pain. Excellent aussi pour pr\u00e9parer une omelette sp\u00e9ciale : 1 cuill\u00e8re \u00e0 caf\u00e9 de produit pour chaque \u0153uf, battre le tout ensemble et faire cuire \u00e0 la po\u00eale. La cr\u00e8me de truffe bio est \u00e9galement parfaite avec nos fettuccine di Campofilone aux truffes bio.\" \/>\n<meta property=\"og:url\" content=\"https:\/\/tartufiesapori.com\/fr\/produit\/creme-de-truffe-d-ete-bio-50-g\/\" \/>\n<meta property=\"og:site_name\" content=\"Tartufi e Sapori Shop online\" \/>\n<meta property=\"article:modified_time\" content=\"2025-12-30T09:39:13+00:00\" \/>\n<meta property=\"og:image\" content=\"https:\/\/tartufiesapori.com\/wp-content\/uploads\/2014\/08\/Crema-di-tartufo-estivo-bio-50.jpg\" \/>\n\t<meta property=\"og:image:width\" content=\"1600\" \/>\n\t<meta property=\"og:image:height\" content=\"1600\" \/>\n\t<meta property=\"og:image:type\" content=\"image\/jpeg\" \/>\n<meta name=\"twitter:card\" content=\"summary_large_image\" \/>\n<meta name=\"twitter:label1\" content=\"Dur\u00e9e de lecture estim\u00e9e\" \/>\n\t<meta name=\"twitter:data1\" content=\"3 minutes\" \/>\n<!-- \/ Yoast SEO plugin. -->","yoast_head_json":{"title":"Cr\u00e8me de truffe d'\u00e9t\u00e9 bio - Tartufi e Sapori Shop online","description":"La truffe d'\u00e9t\u00e9 biologique est r\u00e9colt\u00e9e dans notre terre \u00e0 truffes certifi\u00e9e biologique, pour cr\u00e9er une cr\u00e8me parfaite pour assaisonner les entr\u00e9es ou pour la pr\u00e9paration de bruschetta et de sandwichs. A la cr\u00e8me de truffe d'\u00e9t\u00e9 bio, il faut ajouter un peu d'huile d'olive extra vierge (encore mieux si vous utilisez notre huile de truffe bio), de l'ail hach\u00e9 et de la p\u00e2te d'anchois, ou pour l'utiliser simplement tel quel, il suffit de chauffer le produit dans une po\u00eale et ajouter des p\u00e2tes ou tartiner du pain. Excellent aussi pour pr\u00e9parer une omelette sp\u00e9ciale : 1 cuill\u00e8re \u00e0 caf\u00e9 de produit pour chaque \u0153uf, battre le tout ensemble et faire cuire \u00e0 la po\u00eale. La cr\u00e8me de truffe bio est \u00e9galement parfaite avec nos fettuccine di Campofilone aux truffes bio.","robots":{"index":"index","follow":"follow","max-snippet":"max-snippet:-1","max-image-preview":"max-image-preview:large","max-video-preview":"max-video-preview:-1"},"canonical":"https:\/\/tartufiesapori.com\/fr\/produit\/creme-de-truffe-d-ete-bio-50-g\/","og_locale":"fr_FR","og_type":"article","og_title":"Cr\u00e8me de truffe d'\u00e9t\u00e9 bio - Tartufi e Sapori Shop online","og_description":"La truffe d'\u00e9t\u00e9 biologique est r\u00e9colt\u00e9e dans notre terre \u00e0 truffes certifi\u00e9e biologique, pour cr\u00e9er une cr\u00e8me parfaite pour assaisonner les entr\u00e9es ou pour la pr\u00e9paration de bruschetta et de sandwichs. A la cr\u00e8me de truffe d'\u00e9t\u00e9 bio, il faut ajouter un peu d'huile d'olive extra vierge (encore mieux si vous utilisez notre huile de truffe bio), de l'ail hach\u00e9 et de la p\u00e2te d'anchois, ou pour l'utiliser simplement tel quel, il suffit de chauffer le produit dans une po\u00eale et ajouter des p\u00e2tes ou tartiner du pain. Excellent aussi pour pr\u00e9parer une omelette sp\u00e9ciale : 1 cuill\u00e8re \u00e0 caf\u00e9 de produit pour chaque \u0153uf, battre le tout ensemble et faire cuire \u00e0 la po\u00eale. La cr\u00e8me de truffe bio est \u00e9galement parfaite avec nos fettuccine di Campofilone aux truffes bio.","og_url":"https:\/\/tartufiesapori.com\/fr\/produit\/creme-de-truffe-d-ete-bio-50-g\/","og_site_name":"Tartufi e Sapori Shop online","article_modified_time":"2025-12-30T09:39:13+00:00","og_image":[{"width":1600,"height":1600,"url":"https:\/\/tartufiesapori.com\/wp-content\/uploads\/2014\/08\/Crema-di-tartufo-estivo-bio-50.jpg","type":"image\/jpeg"}],"twitter_card":"summary_large_image","twitter_misc":{"Dur\u00e9e de lecture estim\u00e9e":"3 minutes"},"schema":{"@context":"https:\/\/schema.org","@graph":[{"@type":"WebPage","@id":"https:\/\/tartufiesapori.com\/fr\/produit\/creme-de-truffe-d-ete-bio-50-g\/","url":"https:\/\/tartufiesapori.com\/fr\/produit\/creme-de-truffe-d-ete-bio-50-g\/","name":"Cr\u00e8me de truffe d'\u00e9t\u00e9 bio - Tartufi e Sapori Shop online","isPartOf":{"@id":"https:\/\/tartufiesapori.com\/fr\/#website"},"primaryImageOfPage":{"@id":"https:\/\/tartufiesapori.com\/fr\/produit\/creme-de-truffe-d-ete-bio-50-g\/#primaryimage"},"image":{"@id":"https:\/\/tartufiesapori.com\/fr\/produit\/creme-de-truffe-d-ete-bio-50-g\/#primaryimage"},"thumbnailUrl":"https:\/\/tartufiesapori.com\/wp-content\/uploads\/2014\/08\/Crema-di-tartufo-estivo-bio-50.jpg","datePublished":"2014-08-07T12:56:45+00:00","dateModified":"2025-12-30T09:39:13+00:00","description":"La truffe d'\u00e9t\u00e9 biologique est r\u00e9colt\u00e9e dans notre terre \u00e0 truffes certifi\u00e9e biologique, pour cr\u00e9er une cr\u00e8me parfaite pour assaisonner les entr\u00e9es ou pour la pr\u00e9paration de bruschetta et de sandwichs. A la cr\u00e8me de truffe d'\u00e9t\u00e9 bio, il faut ajouter un peu d'huile d'olive extra vierge (encore mieux si vous utilisez notre huile de truffe bio), de l'ail hach\u00e9 et de la p\u00e2te d'anchois, ou pour l'utiliser simplement tel quel, il suffit de chauffer le produit dans une po\u00eale et ajouter des p\u00e2tes ou tartiner du pain. Excellent aussi pour pr\u00e9parer une omelette sp\u00e9ciale : 1 cuill\u00e8re \u00e0 caf\u00e9 de produit pour chaque \u0153uf, battre le tout ensemble et faire cuire \u00e0 la po\u00eale. La cr\u00e8me de truffe bio est \u00e9galement parfaite avec nos fettuccine di Campofilone aux truffes bio.","breadcrumb":{"@id":"https:\/\/tartufiesapori.com\/fr\/produit\/creme-de-truffe-d-ete-bio-50-g\/#breadcrumb"},"inLanguage":"fr-FR","potentialAction":[{"@type":"ReadAction","target":["https:\/\/tartufiesapori.com\/fr\/produit\/creme-de-truffe-d-ete-bio-50-g\/"]}]},{"@type":"ImageObject","inLanguage":"fr-FR","@id":"https:\/\/tartufiesapori.com\/fr\/produit\/creme-de-truffe-d-ete-bio-50-g\/#primaryimage","url":"https:\/\/tartufiesapori.com\/wp-content\/uploads\/2014\/08\/Crema-di-tartufo-estivo-bio-50.jpg","contentUrl":"https:\/\/tartufiesapori.com\/wp-content\/uploads\/2014\/08\/Crema-di-tartufo-estivo-bio-50.jpg","width":1600,"height":1600},{"@type":"BreadcrumbList","@id":"https:\/\/tartufiesapori.com\/fr\/produit\/creme-de-truffe-d-ete-bio-50-g\/#breadcrumb","itemListElement":[{"@type":"ListItem","position":1,"name":"Tartufi e Sapori","item":"https:\/\/tartufiesapori.com\/fr\/"},{"@type":"ListItem","position":2,"name":"Shop","item":"https:\/\/tartufiesapori.com\/fr\/shop\/"},{"@type":"ListItem","position":3,"name":"LIGNE BIO","item":"https:\/\/tartufiesapori.com\/fr\/categorie-produit\/ligne-bio\/"},{"@type":"ListItem","position":4,"name":"Cr\u00e8me de truffe d&#8217;\u00e9t\u00e9 bio"}]},{"@type":"WebSite","@id":"https:\/\/tartufiesapori.com\/fr\/#website","url":"https:\/\/tartufiesapori.com\/fr\/","name":"Tartufi e Sapori Shop online","description":"Tartufi di Acqualagna","potentialAction":[{"@type":"SearchAction","target":{"@type":"EntryPoint","urlTemplate":"https:\/\/tartufiesapori.com\/fr\/?s={search_term_string}"},"query-input":{"@type":"PropertyValueSpecification","valueRequired":true,"valueName":"search_term_string"}}],"inLanguage":"fr-FR"}]}},"_links":{"self":[{"href":"https:\/\/tartufiesapori.com\/fr\/wp-json\/wp\/v2\/product\/37301","targetHints":{"allow":["GET"]}}],"collection":[{"href":"https:\/\/tartufiesapori.com\/fr\/wp-json\/wp\/v2\/product"}],"about":[{"href":"https:\/\/tartufiesapori.com\/fr\/wp-json\/wp\/v2\/types\/product"}],"wp:featuredmedia":[{"embeddable":true,"href":"https:\/\/tartufiesapori.com\/fr\/wp-json\/wp\/v2\/media\/51137"}],"wp:attachment":[{"href":"https:\/\/tartufiesapori.com\/fr\/wp-json\/wp\/v2\/media?parent=37301"}],"wp:term":[{"taxonomy":"product_brand","embeddable":true,"href":"https:\/\/tartufiesapori.com\/fr\/wp-json\/wp\/v2\/product_brand?post=37301"},{"taxonomy":"product_cat","embeddable":true,"href":"https:\/\/tartufiesapori.com\/fr\/wp-json\/wp\/v2\/product_cat?post=37301"},{"taxonomy":"product_tag","embeddable":true,"href":"https:\/\/tartufiesapori.com\/fr\/wp-json\/wp\/v2\/product_tag?post=37301"}],"curies":[{"name":"wp","href":"https:\/\/api.w.org\/{rel}","templated":true}]}}