{"id":37298,"date":"2014-08-07T14:52:05","date_gmt":"2014-08-07T12:52:05","guid":{"rendered":"https:\/\/tartufiesapori.com\/product\/truffe-noired-ete-bio-tranchee-50-g\/"},"modified":"2025-09-23T09:48:06","modified_gmt":"2025-09-23T07:48:06","slug":"truffe-noired-ete-bio-tranchee-50-g","status":"publish","type":"product","link":"https:\/\/tartufiesapori.com\/fr\/produit\/truffe-noired-ete-bio-tranchee-50-g\/","title":{"rendered":"Truffe noire d&rsquo;\u00e9t\u00e9 bio tranch\u00e9e"},"content":{"rendered":"<p>De notre truffe certifi\u00e9e biologique, nous r\u00e9coltons les truffes d\u2019\u00e9t\u00e9 et apr\u00e8s une s\u00e9lection minutieuse, nous les tranchons et pr\u00e9parons de d\u00e9licieux pots avec de l\u2019huile d\u2019olive extra vierge et du sel. La truffe d\u2019\u00e9t\u00e9 biologique en tranches est particuli\u00e8rement indiqu\u00e9e pour assaisonner les entr\u00e9es, en utilisant \u00e9galement l\u2019huile de gouvernement pour am\u00e9liorer encore la saveur du plat. Les tranches sont \u00e9galement excellentes pour pr\u00e9parer une omelette sp\u00e9ciale, il suffit de mettre quelques tranches dans la po\u00eale avec les \u0153ufs et cuire le tout ensemble. Pour rendre vos plats encore plus sp\u00e9ciaux, nous vous recommandons de le combiner avec notre huile de truffe bio ou d\u2019assaisonner les fettuccine de Campofilone.<\/p>\n<p>Dans notre ligne bio, vous trouverez \u00e9galement d\u2019autres produits tels que la <a href=\"https:\/\/tartufiesapori.com\/fr\/produit\/sauce-truffe-bio\/\">sauce truffe,<\/a> la <a href=\"https:\/\/tartufiesapori.com\/fr\/produit\/sauce-aux-cepes-a-la-truffe-bio\/\">sauce aux c\u00e8pes \u00e0 la truffe,<\/a>\u00a0la <a href=\"https:\/\/tartufiesapori.com\/fr\/produit\/sauce-bio-a-la-creme-au-fromage-et-a-la-truffe\/\">sauce \u00e0 la cr\u00e8me au le fromage et \u00e0 la truffe,<\/a> la <a href=\"https:\/\/tartufiesapori.com\/fr\/produit\/truffe-noire-d-ete-entiere-bio-25-gr\/\">truffe noire d\u2019\u00e9t\u00e9 enti\u00e8re,<\/a> la <a href=\"https:\/\/tartufiesapori.com\/fr\/produit\/creme-de-truffe-d-ete-bio-50-g\/\">cr\u00e8me de truffe d\u2019\u00e9t\u00e9<\/a> et <a href=\"https:\/\/tartufiesapori.com\/fr\/produit\/vinaigrette-a-l-huile-de-truffe-bio\/\">l\u2019huile d\u2019olive extra vierge \u00e0 la truffe blanche.<\/a><\/p>\n<p><strong>Poids:<\/strong> 50 g<br \/>\n<em>*Il est pr\u00e9cis\u00e9 que 50 grammes de ce produit correspondent \u00e0 30 grammes \u00e9goutt\u00e9s.<\/em><\/p>\n<p><strong>Ingr\u00e9dients:<\/strong> truffe noire d\u2019\u00e9t\u00e9* (<em>Tuber aestivum Vitt.<\/em>) 60%, huile d\u2019olive extra vierge*, sel, ar\u00f4me naturel de truffe blanche*. Origine des truffes: Italie. Classification: morceaux de truffe.<br \/>\n*= biologique<\/p>\n<p><strong>Valeurs nutritionnelles moyennes pour 100 g:<\/strong> \u00c9nergie 435 kJ \/ 105 kcal, Graisses 4,2 g, dont acides gras satur\u00e9s 0,7 g, Glucides 1,8 g, dont sucres 0,2 g, Fibres alimentaires 15 g, Prot\u00e9ines 8 g, Sel 1,9 g.<\/p>\n<p><strong>Conservation:<\/strong> 4 ans \u00e0 partir de la date de production \u00e0 temp\u00e9rature ambiante; une fois ouvert, conserver au r\u00e9frig\u00e9rateur couvert d\u2019huile d\u2019olive extra vierge et consommer rapidement.<\/p>\n<p><strong>Traitement de la commande et de la livraison:<\/strong> les commandes sont trait\u00e9es dans les 2\/3 jours ouvrables suivant leur r\u00e9ception; les marchandises sont livr\u00e9es dans les 24\/48 heures, en fonction de la destination et de la disponibilit\u00e9 des transporteurs.<\/p>\n<p><em>Dans notre site d\u2019entreprise, vous trouverez diff\u00e9rentes\u00a0<a href=\"https:\/\/www.acqualagnatartufi.com\/fr\/recettes\/\">recettes<\/a>\u00a0qui vous donneront diff\u00e9rents conseils sur la fa\u00e7on dont vous pouvez profiter de notre truffe!<\/em><\/p>\n","protected":false},"excerpt":{"rendered":"<p>Truffe noire d&rsquo;\u00e9t\u00e9 bio tranch\u00e9e 50 g<\/p>\n","protected":false},"featured_media":51169,"template":"","meta":{"_acf_changed":false},"product_brand":[],"product_cat":[1043],"product_tag":[1207,1205,1208,1206,1061,1077],"class_list":{"0":"post-37298","1":"product","2":"type-product","3":"status-publish","4":"has-post-thumbnail","6":"product_cat-ligne-bio","7":"product_tag-tranches-de-truffes-bio","8":"product_tag-truffe-bio","9":"product_tag-truffe-bio-tranchee","10":"product_tag-truffe-dete-bio","11":"product_tag-truffe-dacqualagna","12":"product_tag-tuber-aestivum-vitt-fr","14":"first","15":"outofstock","16":"taxable","17":"shipping-taxable","18":"purchasable","19":"product-type-simple"},"acf":[],"yoast_head":"<!-- This site is optimized with the Yoast SEO plugin v27.3 - https:\/\/yoast.com\/product\/yoast-seo-wordpress\/ -->\n<title>Truffe noire d&#039;\u00e9t\u00e9 bio tranch\u00e9e - Tartufi e Sapori Shop online<\/title>\n<meta name=\"description\" content=\"La truffe d&#039;\u00e9t\u00e9 biologique en tranches est particuli\u00e8rement recommand\u00e9e pour assaisonner les premiers plats, en utilisant \u00e9galement l&#039;huile pour rehausser encore la saveur du plat.\" \/>\n<meta name=\"robots\" content=\"index, follow, max-snippet:-1, max-image-preview:large, max-video-preview:-1\" \/>\n<link rel=\"canonical\" href=\"https:\/\/tartufiesapori.com\/fr\/produit\/truffe-noired-ete-bio-tranchee-50-g\/\" \/>\n<meta property=\"og:locale\" content=\"fr_FR\" \/>\n<meta property=\"og:type\" content=\"article\" \/>\n<meta property=\"og:title\" content=\"Truffe noire d&#039;\u00e9t\u00e9 bio tranch\u00e9e - Tartufi e Sapori Shop online\" \/>\n<meta property=\"og:description\" content=\"La truffe d&#039;\u00e9t\u00e9 biologique en tranches est particuli\u00e8rement recommand\u00e9e pour assaisonner les premiers plats, en utilisant \u00e9galement l&#039;huile pour rehausser encore la saveur du plat.\" \/>\n<meta property=\"og:url\" content=\"https:\/\/tartufiesapori.com\/fr\/produit\/truffe-noired-ete-bio-tranchee-50-g\/\" \/>\n<meta property=\"og:site_name\" content=\"Tartufi e Sapori Shop online\" \/>\n<meta property=\"article:modified_time\" content=\"2025-09-23T07:48:06+00:00\" \/>\n<meta property=\"og:image\" content=\"https:\/\/tartufiesapori.com\/wp-content\/uploads\/2014\/08\/Tartufo-estivo-a-fette-bio-50.jpg\" \/>\n\t<meta property=\"og:image:width\" content=\"1600\" \/>\n\t<meta property=\"og:image:height\" content=\"1600\" \/>\n\t<meta property=\"og:image:type\" content=\"image\/jpeg\" \/>\n<meta name=\"twitter:card\" content=\"summary_large_image\" \/>\n<meta name=\"twitter:label1\" content=\"Dur\u00e9e de lecture estim\u00e9e\" \/>\n\t<meta name=\"twitter:data1\" content=\"2 minutes\" \/>\n<!-- \/ Yoast SEO plugin. -->","yoast_head_json":{"title":"Truffe noire d'\u00e9t\u00e9 bio tranch\u00e9e - Tartufi e Sapori Shop online","description":"La truffe d'\u00e9t\u00e9 biologique en tranches est particuli\u00e8rement recommand\u00e9e pour assaisonner les premiers plats, en utilisant \u00e9galement l'huile pour rehausser encore la saveur du plat.","robots":{"index":"index","follow":"follow","max-snippet":"max-snippet:-1","max-image-preview":"max-image-preview:large","max-video-preview":"max-video-preview:-1"},"canonical":"https:\/\/tartufiesapori.com\/fr\/produit\/truffe-noired-ete-bio-tranchee-50-g\/","og_locale":"fr_FR","og_type":"article","og_title":"Truffe noire d'\u00e9t\u00e9 bio tranch\u00e9e - Tartufi e Sapori Shop online","og_description":"La truffe d'\u00e9t\u00e9 biologique en tranches est particuli\u00e8rement recommand\u00e9e pour assaisonner les premiers plats, en utilisant \u00e9galement l'huile pour rehausser encore la saveur du plat.","og_url":"https:\/\/tartufiesapori.com\/fr\/produit\/truffe-noired-ete-bio-tranchee-50-g\/","og_site_name":"Tartufi e Sapori Shop online","article_modified_time":"2025-09-23T07:48:06+00:00","og_image":[{"width":1600,"height":1600,"url":"https:\/\/tartufiesapori.com\/wp-content\/uploads\/2014\/08\/Tartufo-estivo-a-fette-bio-50.jpg","type":"image\/jpeg"}],"twitter_card":"summary_large_image","twitter_misc":{"Dur\u00e9e de lecture estim\u00e9e":"2 minutes"},"schema":{"@context":"https:\/\/schema.org","@graph":[{"@type":"WebPage","@id":"https:\/\/tartufiesapori.com\/fr\/produit\/truffe-noired-ete-bio-tranchee-50-g\/","url":"https:\/\/tartufiesapori.com\/fr\/produit\/truffe-noired-ete-bio-tranchee-50-g\/","name":"Truffe noire d'\u00e9t\u00e9 bio tranch\u00e9e - Tartufi e Sapori Shop online","isPartOf":{"@id":"https:\/\/tartufiesapori.com\/fr\/#website"},"primaryImageOfPage":{"@id":"https:\/\/tartufiesapori.com\/fr\/produit\/truffe-noired-ete-bio-tranchee-50-g\/#primaryimage"},"image":{"@id":"https:\/\/tartufiesapori.com\/fr\/produit\/truffe-noired-ete-bio-tranchee-50-g\/#primaryimage"},"thumbnailUrl":"https:\/\/tartufiesapori.com\/wp-content\/uploads\/2014\/08\/Tartufo-estivo-a-fette-bio-50.jpg","datePublished":"2014-08-07T12:52:05+00:00","dateModified":"2025-09-23T07:48:06+00:00","description":"La truffe d'\u00e9t\u00e9 biologique en tranches est particuli\u00e8rement recommand\u00e9e pour assaisonner les premiers plats, en utilisant \u00e9galement l'huile pour rehausser encore la saveur du plat.","breadcrumb":{"@id":"https:\/\/tartufiesapori.com\/fr\/produit\/truffe-noired-ete-bio-tranchee-50-g\/#breadcrumb"},"inLanguage":"fr-FR","potentialAction":[{"@type":"ReadAction","target":["https:\/\/tartufiesapori.com\/fr\/produit\/truffe-noired-ete-bio-tranchee-50-g\/"]}]},{"@type":"ImageObject","inLanguage":"fr-FR","@id":"https:\/\/tartufiesapori.com\/fr\/produit\/truffe-noired-ete-bio-tranchee-50-g\/#primaryimage","url":"https:\/\/tartufiesapori.com\/wp-content\/uploads\/2014\/08\/Tartufo-estivo-a-fette-bio-50.jpg","contentUrl":"https:\/\/tartufiesapori.com\/wp-content\/uploads\/2014\/08\/Tartufo-estivo-a-fette-bio-50.jpg","width":1600,"height":1600},{"@type":"BreadcrumbList","@id":"https:\/\/tartufiesapori.com\/fr\/produit\/truffe-noired-ete-bio-tranchee-50-g\/#breadcrumb","itemListElement":[{"@type":"ListItem","position":1,"name":"Tartufi e Sapori","item":"https:\/\/tartufiesapori.com\/fr\/"},{"@type":"ListItem","position":2,"name":"Shop","item":"https:\/\/tartufiesapori.com\/fr\/shop\/"},{"@type":"ListItem","position":3,"name":"LIGNE BIO","item":"https:\/\/tartufiesapori.com\/fr\/categorie-produit\/ligne-bio\/"},{"@type":"ListItem","position":4,"name":"Truffe noire d&#8217;\u00e9t\u00e9 bio tranch\u00e9e"}]},{"@type":"WebSite","@id":"https:\/\/tartufiesapori.com\/fr\/#website","url":"https:\/\/tartufiesapori.com\/fr\/","name":"Tartufi e Sapori Shop online","description":"Tartufi di Acqualagna","potentialAction":[{"@type":"SearchAction","target":{"@type":"EntryPoint","urlTemplate":"https:\/\/tartufiesapori.com\/fr\/?s={search_term_string}"},"query-input":{"@type":"PropertyValueSpecification","valueRequired":true,"valueName":"search_term_string"}}],"inLanguage":"fr-FR"}]}},"_links":{"self":[{"href":"https:\/\/tartufiesapori.com\/fr\/wp-json\/wp\/v2\/product\/37298","targetHints":{"allow":["GET"]}}],"collection":[{"href":"https:\/\/tartufiesapori.com\/fr\/wp-json\/wp\/v2\/product"}],"about":[{"href":"https:\/\/tartufiesapori.com\/fr\/wp-json\/wp\/v2\/types\/product"}],"wp:featuredmedia":[{"embeddable":true,"href":"https:\/\/tartufiesapori.com\/fr\/wp-json\/wp\/v2\/media\/51169"}],"wp:attachment":[{"href":"https:\/\/tartufiesapori.com\/fr\/wp-json\/wp\/v2\/media?parent=37298"}],"wp:term":[{"taxonomy":"product_brand","embeddable":true,"href":"https:\/\/tartufiesapori.com\/fr\/wp-json\/wp\/v2\/product_brand?post=37298"},{"taxonomy":"product_cat","embeddable":true,"href":"https:\/\/tartufiesapori.com\/fr\/wp-json\/wp\/v2\/product_cat?post=37298"},{"taxonomy":"product_tag","embeddable":true,"href":"https:\/\/tartufiesapori.com\/fr\/wp-json\/wp\/v2\/product_tag?post=37298"}],"curies":[{"name":"wp","href":"https:\/\/api.w.org\/{rel}","templated":true}]}}