{"id":37163,"date":"2020-10-15T12:21:57","date_gmt":"2020-10-15T10:21:57","guid":{"rendered":"https:\/\/tartufiesapori.com\/product\/fondue-aux-truffes\/"},"modified":"2025-09-19T15:09:53","modified_gmt":"2025-09-19T13:09:53","slug":"fondue-a-la-truffe","status":"publish","type":"product","link":"https:\/\/tartufiesapori.com\/fr\/produit\/fondue-a-la-truffe\/","title":{"rendered":"Fondue \u00e0 la truffe"},"content":{"rendered":"<p>La fondue \u00e0 la truffe est un excellent et savoureux m\u00e9lange de fromages (Leerdammer et fontina) et de truffes. Une cr\u00e8me d\u00e9licieuse tr\u00e8s utilis\u00e9e pour la pr\u00e9paration de cro\u00fbtons chauds, mais aussi un condiment parfait pour les p\u00e2tes, en particulier pour les boulettes ou les passatelli. Pour une utilisation correcte, nous vous recommandons de chauffer la fondue aux truffes dans une po\u00eale et d\u2019ajouter les p\u00e2tes une fois cuites. Vous pouvez \u00e9galement l\u2019utiliser pour faire la fondue au fromage classique avec des cro\u00fbtons chauds.<\/p>\n<p>Pour les amateurs de fromages, nous recommandons d\u2019essayer nos autres best-sellers, \u00e0 savoir la <a href=\"https:\/\/tartufiesapori.com\/fr\/produit\/carbonara-a-la-truffe\/\">carbonara \u00e0 la truffe<\/a> et la <a href=\"https:\/\/tartufiesapori.com\/fr\/produit\/creme-de-fromage-a-la-truffe\/\">cr\u00e8me de fromage \u00e0 la truffe.<\/a><\/p>\n<p><strong>Ingr\u00e9dients:<\/strong> <strong>LAIT<\/strong> 42%, <strong>FROMAGES<\/strong> 40%, truffe d\u2019\u00e9t\u00e9 (<em>Tuber aestivum Vitt.<\/em>) 5%, <strong>BEURRE<\/strong> 4,5%, amidon de pomme de terre, jaune d&rsquo;<strong>OEUF,<\/strong> ar\u00f4me, correcteur d\u2019acidit\u00e9: E270, sel, poivre. Origine du lait: Italie.<\/p>\n<p><strong>Valeurs nutritionnelles moyennes pour 100 g:<\/strong> \u00c9nergie 1016 kJ \/ 245 kcal, Graisses 19 g, dont acides gras satur\u00e9s 13 g, Glucides 5,4 g, dont sucres 2,7 g, Fibres alimentaires 0 g, Prot\u00e9ines 13 g, Sel 0,75 g.<\/p>\n<p><strong>Conservation:<\/strong> 20 mois \u00e0 compter de la date de production \u00e0 temp\u00e9rature ambiante; une fois ouvert, conserver au r\u00e9frig\u00e9rateur couvert d\u2019huile d\u2019olive extra vierge et consommer rapidement.<\/p>\n<p><strong>Traitement de la commande et de la livraison:<\/strong> les commandes sont trait\u00e9es dans les 2\/3 jours ouvrables suivant leur r\u00e9ception; les marchandises sont livr\u00e9es dans les 24\/48 heures, en fonction de la destination et de la disponibilit\u00e9 des transporteurs.<\/p>\n<p><em>Dans notre site d\u2019entreprise, vous trouverez diff\u00e9rentes\u00a0<a href=\"https:\/\/www.acqualagnatartufi.com\/fr\/recettes\/\">recettes<\/a>\u00a0qui vous donneront diff\u00e9rents conseils sur la fa\u00e7on dont vous pouvez profiter de notre truffe!<\/em><\/p>\n","protected":false},"excerpt":{"rendered":"<p>Fondue \u00e0 al truffe<\/p>\n","protected":false},"featured_media":37165,"template":"","meta":{"_acf_changed":false},"product_brand":[],"product_cat":[1573,1046],"product_tag":[],"class_list":{"0":"post-37163","1":"product","2":"type-product","3":"status-publish","4":"has-post-thumbnail","6":"product_cat-produits-proposes","7":"product_cat-sauces-a-la-truffe","9":"first","10":"instock","11":"sale","12":"taxable","13":"shipping-taxable","14":"purchasable","15":"product-type-variable","16":"has-default-attributes"},"acf":[],"yoast_head":"<!-- This site is optimized with the Yoast SEO plugin v27.3 - https:\/\/yoast.com\/product\/yoast-seo-wordpress\/ -->\n<title>Fondue \u00e0 la truffe - Tartufi e Sapori Shop online<\/title>\n<meta name=\"description\" content=\"La fondue \u00e0 la truffe est un excellent m\u00e9lange de fromages (Leerdammer et fontina) et de truffes.\" \/>\n<meta name=\"robots\" content=\"index, follow, max-snippet:-1, max-image-preview:large, max-video-preview:-1\" \/>\n<link rel=\"canonical\" href=\"https:\/\/tartufiesapori.com\/fr\/produit\/fondue-a-la-truffe\/\" \/>\n<meta property=\"og:locale\" content=\"fr_FR\" \/>\n<meta property=\"og:type\" content=\"article\" \/>\n<meta property=\"og:title\" content=\"Fondue \u00e0 la truffe - Tartufi e Sapori Shop online\" \/>\n<meta property=\"og:description\" content=\"La fondue \u00e0 la truffe est un excellent m\u00e9lange de fromages (Leerdammer et fontina) et de truffes.\" \/>\n<meta property=\"og:url\" content=\"https:\/\/tartufiesapori.com\/fr\/produit\/fondue-a-la-truffe\/\" \/>\n<meta property=\"og:site_name\" content=\"Tartufi e Sapori Shop online\" \/>\n<meta property=\"article:modified_time\" content=\"2025-09-19T13:09:53+00:00\" \/>\n<meta property=\"og:image\" content=\"https:\/\/tartufiesapori.com\/wp-content\/uploads\/2020\/10\/Fonduta-al-tartufo-180-4.jpg\" \/>\n\t<meta property=\"og:image:width\" content=\"1600\" \/>\n\t<meta property=\"og:image:height\" content=\"1600\" \/>\n\t<meta property=\"og:image:type\" content=\"image\/jpeg\" \/>\n<meta name=\"twitter:card\" content=\"summary_large_image\" \/>\n<meta name=\"twitter:label1\" content=\"Dur\u00e9e de lecture estim\u00e9e\" \/>\n\t<meta name=\"twitter:data1\" content=\"2 minutes\" \/>\n<!-- \/ Yoast SEO plugin. -->","yoast_head_json":{"title":"Fondue \u00e0 la truffe - Tartufi e Sapori Shop online","description":"La fondue \u00e0 la truffe est un excellent m\u00e9lange de fromages (Leerdammer et fontina) et de truffes.","robots":{"index":"index","follow":"follow","max-snippet":"max-snippet:-1","max-image-preview":"max-image-preview:large","max-video-preview":"max-video-preview:-1"},"canonical":"https:\/\/tartufiesapori.com\/fr\/produit\/fondue-a-la-truffe\/","og_locale":"fr_FR","og_type":"article","og_title":"Fondue \u00e0 la truffe - Tartufi e Sapori Shop online","og_description":"La fondue \u00e0 la truffe est un excellent m\u00e9lange de fromages (Leerdammer et fontina) et de truffes.","og_url":"https:\/\/tartufiesapori.com\/fr\/produit\/fondue-a-la-truffe\/","og_site_name":"Tartufi e Sapori Shop online","article_modified_time":"2025-09-19T13:09:53+00:00","og_image":[{"width":1600,"height":1600,"url":"https:\/\/tartufiesapori.com\/wp-content\/uploads\/2020\/10\/Fonduta-al-tartufo-180-4.jpg","type":"image\/jpeg"}],"twitter_card":"summary_large_image","twitter_misc":{"Dur\u00e9e de lecture estim\u00e9e":"2 minutes"},"schema":{"@context":"https:\/\/schema.org","@graph":[{"@type":"WebPage","@id":"https:\/\/tartufiesapori.com\/fr\/produit\/fondue-a-la-truffe\/","url":"https:\/\/tartufiesapori.com\/fr\/produit\/fondue-a-la-truffe\/","name":"Fondue \u00e0 la truffe - Tartufi e Sapori Shop online","isPartOf":{"@id":"https:\/\/tartufiesapori.com\/fr\/#website"},"primaryImageOfPage":{"@id":"https:\/\/tartufiesapori.com\/fr\/produit\/fondue-a-la-truffe\/#primaryimage"},"image":{"@id":"https:\/\/tartufiesapori.com\/fr\/produit\/fondue-a-la-truffe\/#primaryimage"},"thumbnailUrl":"https:\/\/tartufiesapori.com\/wp-content\/uploads\/2020\/10\/Fonduta-al-tartufo-180-4.jpg","datePublished":"2020-10-15T10:21:57+00:00","dateModified":"2025-09-19T13:09:53+00:00","description":"La fondue \u00e0 la truffe est un excellent m\u00e9lange de fromages (Leerdammer et fontina) et de truffes.","breadcrumb":{"@id":"https:\/\/tartufiesapori.com\/fr\/produit\/fondue-a-la-truffe\/#breadcrumb"},"inLanguage":"fr-FR","potentialAction":[{"@type":"ReadAction","target":["https:\/\/tartufiesapori.com\/fr\/produit\/fondue-a-la-truffe\/"]}]},{"@type":"ImageObject","inLanguage":"fr-FR","@id":"https:\/\/tartufiesapori.com\/fr\/produit\/fondue-a-la-truffe\/#primaryimage","url":"https:\/\/tartufiesapori.com\/wp-content\/uploads\/2020\/10\/Fonduta-al-tartufo-180-4.jpg","contentUrl":"https:\/\/tartufiesapori.com\/wp-content\/uploads\/2020\/10\/Fonduta-al-tartufo-180-4.jpg","width":1600,"height":1600,"caption":"Fonduta al tartufo 180"},{"@type":"BreadcrumbList","@id":"https:\/\/tartufiesapori.com\/fr\/produit\/fondue-a-la-truffe\/#breadcrumb","itemListElement":[{"@type":"ListItem","position":1,"name":"Tartufi e Sapori","item":"https:\/\/tartufiesapori.com\/fr\/"},{"@type":"ListItem","position":2,"name":"Shop","item":"https:\/\/tartufiesapori.com\/fr\/shop\/"},{"@type":"ListItem","position":3,"name":"LIGNE TRADITIONNELLE","item":"https:\/\/tartufiesapori.com\/fr\/categorie-produit\/ligne-traditionnelle\/"},{"@type":"ListItem","position":4,"name":"Sauces \u00e0 la truffe","item":"https:\/\/tartufiesapori.com\/fr\/categorie-produit\/ligne-traditionnelle\/sauces-a-la-truffe\/"},{"@type":"ListItem","position":5,"name":"Fondue \u00e0 la truffe"}]},{"@type":"WebSite","@id":"https:\/\/tartufiesapori.com\/fr\/#website","url":"https:\/\/tartufiesapori.com\/fr\/","name":"Tartufi e Sapori Shop online","description":"Tartufi di Acqualagna","potentialAction":[{"@type":"SearchAction","target":{"@type":"EntryPoint","urlTemplate":"https:\/\/tartufiesapori.com\/fr\/?s={search_term_string}"},"query-input":{"@type":"PropertyValueSpecification","valueRequired":true,"valueName":"search_term_string"}}],"inLanguage":"fr-FR"}]}},"_links":{"self":[{"href":"https:\/\/tartufiesapori.com\/fr\/wp-json\/wp\/v2\/product\/37163","targetHints":{"allow":["GET"]}}],"collection":[{"href":"https:\/\/tartufiesapori.com\/fr\/wp-json\/wp\/v2\/product"}],"about":[{"href":"https:\/\/tartufiesapori.com\/fr\/wp-json\/wp\/v2\/types\/product"}],"wp:featuredmedia":[{"embeddable":true,"href":"https:\/\/tartufiesapori.com\/fr\/wp-json\/wp\/v2\/media\/37165"}],"wp:attachment":[{"href":"https:\/\/tartufiesapori.com\/fr\/wp-json\/wp\/v2\/media?parent=37163"}],"wp:term":[{"taxonomy":"product_brand","embeddable":true,"href":"https:\/\/tartufiesapori.com\/fr\/wp-json\/wp\/v2\/product_brand?post=37163"},{"taxonomy":"product_cat","embeddable":true,"href":"https:\/\/tartufiesapori.com\/fr\/wp-json\/wp\/v2\/product_cat?post=37163"},{"taxonomy":"product_tag","embeddable":true,"href":"https:\/\/tartufiesapori.com\/fr\/wp-json\/wp\/v2\/product_tag?post=37163"}],"curies":[{"name":"wp","href":"https:\/\/api.w.org\/{rel}","templated":true}]}}