{"id":37150,"date":"2020-10-29T16:58:19","date_gmt":"2020-10-29T15:58:19","guid":{"rendered":"https:\/\/tartufiesapori.com\/product\/creme-de-vinaigre-balsamique-a-la-truffe-250-ml\/"},"modified":"2025-09-29T16:32:55","modified_gmt":"2025-09-29T14:32:55","slug":"creme-de-vinaigre-balsamique-a-la-truffe-250-ml","status":"publish","type":"product","link":"https:\/\/tartufiesapori.com\/fr\/produit\/creme-de-vinaigre-balsamique-a-la-truffe-250-ml\/","title":{"rendered":"Cr\u00e8me avec \u201dAceto Balsamico di Modena IGP\u201d aromatis\u00e9e \u00e0 la Truffe Blanche"},"content":{"rendered":"<p>Le vinaigre balsamique de Mod\u00e8ne IGP associ\u00e9 au go\u00fbt de la truffe donne vie \u00e0 une cr\u00e8me aussi particuli\u00e8re que savoureuse. Gr\u00e2ce \u00e0 ses ar\u00f4mes et saveurs, il peut \u00eatre utilis\u00e9 comme assaisonnement sur divers plats tels que fromages, viandes ou poissons grill\u00e9s, risottos ou salades. Le cr\u00e8me de vinaigre balsamique \u00e0 la truffe est un condiment classique avec un go\u00fbt vraiment original qui enrichira vos plats d\u2019une saveur unique et incomparable.<\/p>\n<p>Pour un choix parfait de condiments, nous recommandons \u00e9galement l\u2019<a href=\"https:\/\/tartufiesapori.com\/fr\/produit\/assaisonnement-a-l-huile-de-truffe-blanche\/\">assaisonnement \u00e0 base d\u2019huile d\u2019olive extra vierge \u00e0 la truffe blanche,<\/a> le <a href=\"https:\/\/tartufiesapori.com\/fr\/produit\/vinaigre-balsamique-a-la-truffe\/\">condiment \u00e0 base d&rsquo;\u201daceto balsamico di modena IGP\u201d aromatis\u00e9 \u00e0 la truffe blanche<\/a>\u00a0et l\u2019<a href=\"https:\/\/tartufiesapori.com\/fr\/produit\/assaisonnement-huile-a-la-truffe-noire\/\">assaisonnement \u00e0 base d\u2019huile d\u2019olive extra vierge \u00e0 la truffe noire.<\/a><\/p>\n<p><strong>Poids: <\/strong>250 ml<\/p>\n<p><strong>Ingr\u00e9dients:<\/strong> mo\u00fbt de raisin concentr\u00e9, Aceto Balsamico di Modena IGP 20% [vinaigre de vin (vin, eau, antioxydant: <strong>SULFITES<\/strong>), mo\u00fbt de raisin concentr\u00e9, colorant: caramel E150d (contient des <strong>SULFITES<\/strong>)]), amidon modifi\u00e9, ar\u00f4mes.<\/p>\n<p><strong>Valeurs nutritionnelles moyennes pour 100 g:<\/strong> \u00c9nergie 1131 kJ \/ 266 kcal, Graisses 0 g, dont acides gras satur\u00e9s 0 g, Glucides 65 g, dont sucres 48 g, Prot\u00e9ines 2 g, Sel 0,16 g.<\/p>\n<p><strong>Conservation:<\/strong> 3 ans \u00e0 partir de la date de production \u00e0 temp\u00e9rature ambiante endroit frais et sec, loin des sources de chaleur; une fois ouvert, conserver au r\u00e9frig\u00e9rateur.<\/p>\n<p><strong>Traitement de la commande et de la livraison:<\/strong> les commandes sont trait\u00e9es dans les 2\/3 jours ouvrables suivant leur r\u00e9ception; les marchandises sont livr\u00e9es dans les 24\/48 heures, en fonction de la destination et de la disponibilit\u00e9 des transporteurs.<\/p>\n<p><em>Dans notre site d\u2019entreprise, vous trouverez diff\u00e9rentes\u00a0<a href=\"https:\/\/www.acqualagnatartufi.com\/fr\/recettes\/\">recettes<\/a>\u00a0qui vous donneront diff\u00e9rents conseils sur la fa\u00e7on dont vous pouvez profiter de notre truffe!<\/em><\/p>\n","protected":false},"excerpt":{"rendered":"<p>Cr\u00e8me de vinaigre balsamique \u00e0 la truffe 250 ml<\/p>\n","protected":false},"featured_media":47268,"template":"","meta":{"_acf_changed":false},"product_brand":[],"product_cat":[1049],"product_tag":[],"class_list":{"0":"post-37150","1":"product","2":"type-product","3":"status-publish","4":"has-post-thumbnail","6":"product_cat-condiments-a-la-truffe","8":"first","9":"instock","10":"taxable","11":"shipping-taxable","12":"purchasable","13":"product-type-simple"},"acf":[],"yoast_head":"<!-- This site is optimized with the Yoast SEO plugin v27.3 - https:\/\/yoast.com\/product\/yoast-seo-wordpress\/ -->\n<title>Cr\u00e8me avec \u201dAceto Balsamico di Modena IGP\u201d aromatis\u00e9e \u00e0 la Truffe Blanche - Tartufi e Sapori Shop online<\/title>\n<meta name=\"description\" content=\"Le vinaigre balsamique de Mod\u00e8ne IGP combin\u00e9 avec la saveur de la truffe donne vie \u00e0 une cr\u00e8me sp\u00e9ciale aussi savoureuse. Il peut \u00eatre...\" \/>\n<meta name=\"robots\" content=\"index, follow, max-snippet:-1, max-image-preview:large, max-video-preview:-1\" \/>\n<link rel=\"canonical\" href=\"https:\/\/tartufiesapori.com\/fr\/produit\/creme-de-vinaigre-balsamique-a-la-truffe-250-ml\/\" \/>\n<meta property=\"og:locale\" content=\"fr_FR\" \/>\n<meta property=\"og:type\" content=\"article\" \/>\n<meta property=\"og:title\" content=\"Cr\u00e8me avec \u201dAceto Balsamico di Modena IGP\u201d aromatis\u00e9e \u00e0 la Truffe Blanche - Tartufi e Sapori Shop online\" \/>\n<meta property=\"og:description\" content=\"Le vinaigre balsamique de Mod\u00e8ne IGP combin\u00e9 avec la saveur de la truffe donne vie \u00e0 une cr\u00e8me sp\u00e9ciale aussi savoureuse. Il peut \u00eatre...\" \/>\n<meta property=\"og:url\" content=\"https:\/\/tartufiesapori.com\/fr\/produit\/creme-de-vinaigre-balsamique-a-la-truffe-250-ml\/\" \/>\n<meta property=\"og:site_name\" content=\"Tartufi e Sapori Shop online\" \/>\n<meta property=\"article:modified_time\" content=\"2025-09-29T14:32:55+00:00\" \/>\n<meta property=\"og:image\" content=\"https:\/\/tartufiesapori.com\/wp-content\/uploads\/2020\/10\/Crema-balsamica-250-1.jpg\" \/>\n\t<meta property=\"og:image:width\" content=\"1600\" \/>\n\t<meta property=\"og:image:height\" content=\"1600\" \/>\n\t<meta property=\"og:image:type\" content=\"image\/jpeg\" \/>\n<meta name=\"twitter:card\" content=\"summary_large_image\" \/>\n<meta name=\"twitter:label1\" content=\"Dur\u00e9e de lecture estim\u00e9e\" \/>\n\t<meta name=\"twitter:data1\" content=\"2 minutes\" \/>\n<!-- \/ Yoast SEO plugin. -->","yoast_head_json":{"title":"Cr\u00e8me avec \u201dAceto Balsamico di Modena IGP\u201d aromatis\u00e9e \u00e0 la Truffe Blanche - Tartufi e Sapori Shop online","description":"Le vinaigre balsamique de Mod\u00e8ne IGP combin\u00e9 avec la saveur de la truffe donne vie \u00e0 une cr\u00e8me sp\u00e9ciale aussi savoureuse. Il peut \u00eatre...","robots":{"index":"index","follow":"follow","max-snippet":"max-snippet:-1","max-image-preview":"max-image-preview:large","max-video-preview":"max-video-preview:-1"},"canonical":"https:\/\/tartufiesapori.com\/fr\/produit\/creme-de-vinaigre-balsamique-a-la-truffe-250-ml\/","og_locale":"fr_FR","og_type":"article","og_title":"Cr\u00e8me avec \u201dAceto Balsamico di Modena IGP\u201d aromatis\u00e9e \u00e0 la Truffe Blanche - Tartufi e Sapori Shop online","og_description":"Le vinaigre balsamique de Mod\u00e8ne IGP combin\u00e9 avec la saveur de la truffe donne vie \u00e0 une cr\u00e8me sp\u00e9ciale aussi savoureuse. Il peut \u00eatre...","og_url":"https:\/\/tartufiesapori.com\/fr\/produit\/creme-de-vinaigre-balsamique-a-la-truffe-250-ml\/","og_site_name":"Tartufi e Sapori Shop online","article_modified_time":"2025-09-29T14:32:55+00:00","og_image":[{"width":1600,"height":1600,"url":"https:\/\/tartufiesapori.com\/wp-content\/uploads\/2020\/10\/Crema-balsamica-250-1.jpg","type":"image\/jpeg"}],"twitter_card":"summary_large_image","twitter_misc":{"Dur\u00e9e de lecture estim\u00e9e":"2 minutes"},"schema":{"@context":"https:\/\/schema.org","@graph":[{"@type":"WebPage","@id":"https:\/\/tartufiesapori.com\/fr\/produit\/creme-de-vinaigre-balsamique-a-la-truffe-250-ml\/","url":"https:\/\/tartufiesapori.com\/fr\/produit\/creme-de-vinaigre-balsamique-a-la-truffe-250-ml\/","name":"Cr\u00e8me avec \u201dAceto Balsamico di Modena IGP\u201d aromatis\u00e9e \u00e0 la Truffe Blanche - Tartufi e Sapori Shop online","isPartOf":{"@id":"https:\/\/tartufiesapori.com\/fr\/#website"},"primaryImageOfPage":{"@id":"https:\/\/tartufiesapori.com\/fr\/produit\/creme-de-vinaigre-balsamique-a-la-truffe-250-ml\/#primaryimage"},"image":{"@id":"https:\/\/tartufiesapori.com\/fr\/produit\/creme-de-vinaigre-balsamique-a-la-truffe-250-ml\/#primaryimage"},"thumbnailUrl":"https:\/\/tartufiesapori.com\/wp-content\/uploads\/2020\/10\/Crema-balsamica-250-1.jpg","datePublished":"2020-10-29T15:58:19+00:00","dateModified":"2025-09-29T14:32:55+00:00","description":"Le vinaigre balsamique de Mod\u00e8ne IGP combin\u00e9 avec la saveur de la truffe donne vie \u00e0 une cr\u00e8me sp\u00e9ciale aussi savoureuse. Il peut \u00eatre...","breadcrumb":{"@id":"https:\/\/tartufiesapori.com\/fr\/produit\/creme-de-vinaigre-balsamique-a-la-truffe-250-ml\/#breadcrumb"},"inLanguage":"fr-FR","potentialAction":[{"@type":"ReadAction","target":["https:\/\/tartufiesapori.com\/fr\/produit\/creme-de-vinaigre-balsamique-a-la-truffe-250-ml\/"]}]},{"@type":"ImageObject","inLanguage":"fr-FR","@id":"https:\/\/tartufiesapori.com\/fr\/produit\/creme-de-vinaigre-balsamique-a-la-truffe-250-ml\/#primaryimage","url":"https:\/\/tartufiesapori.com\/wp-content\/uploads\/2020\/10\/Crema-balsamica-250-1.jpg","contentUrl":"https:\/\/tartufiesapori.com\/wp-content\/uploads\/2020\/10\/Crema-balsamica-250-1.jpg","width":1600,"height":1600},{"@type":"BreadcrumbList","@id":"https:\/\/tartufiesapori.com\/fr\/produit\/creme-de-vinaigre-balsamique-a-la-truffe-250-ml\/#breadcrumb","itemListElement":[{"@type":"ListItem","position":1,"name":"Tartufi e Sapori","item":"https:\/\/tartufiesapori.com\/fr\/"},{"@type":"ListItem","position":2,"name":"Shop","item":"https:\/\/tartufiesapori.com\/fr\/shop\/"},{"@type":"ListItem","position":3,"name":"LIGNE TRADITIONNELLE","item":"https:\/\/tartufiesapori.com\/fr\/categorie-produit\/ligne-traditionnelle\/"},{"@type":"ListItem","position":4,"name":"Condiments \u00e0 la truffe","item":"https:\/\/tartufiesapori.com\/fr\/categorie-produit\/ligne-traditionnelle\/condiments-a-la-truffe\/"},{"@type":"ListItem","position":5,"name":"Cr\u00e8me avec \u201dAceto Balsamico di Modena IGP\u201d aromatis\u00e9e \u00e0 la Truffe Blanche"}]},{"@type":"WebSite","@id":"https:\/\/tartufiesapori.com\/fr\/#website","url":"https:\/\/tartufiesapori.com\/fr\/","name":"Tartufi e Sapori Shop online","description":"Tartufi di Acqualagna","potentialAction":[{"@type":"SearchAction","target":{"@type":"EntryPoint","urlTemplate":"https:\/\/tartufiesapori.com\/fr\/?s={search_term_string}"},"query-input":{"@type":"PropertyValueSpecification","valueRequired":true,"valueName":"search_term_string"}}],"inLanguage":"fr-FR"}]}},"_links":{"self":[{"href":"https:\/\/tartufiesapori.com\/fr\/wp-json\/wp\/v2\/product\/37150","targetHints":{"allow":["GET"]}}],"collection":[{"href":"https:\/\/tartufiesapori.com\/fr\/wp-json\/wp\/v2\/product"}],"about":[{"href":"https:\/\/tartufiesapori.com\/fr\/wp-json\/wp\/v2\/types\/product"}],"wp:featuredmedia":[{"embeddable":true,"href":"https:\/\/tartufiesapori.com\/fr\/wp-json\/wp\/v2\/media\/47268"}],"wp:attachment":[{"href":"https:\/\/tartufiesapori.com\/fr\/wp-json\/wp\/v2\/media?parent=37150"}],"wp:term":[{"taxonomy":"product_brand","embeddable":true,"href":"https:\/\/tartufiesapori.com\/fr\/wp-json\/wp\/v2\/product_brand?post=37150"},{"taxonomy":"product_cat","embeddable":true,"href":"https:\/\/tartufiesapori.com\/fr\/wp-json\/wp\/v2\/product_cat?post=37150"},{"taxonomy":"product_tag","embeddable":true,"href":"https:\/\/tartufiesapori.com\/fr\/wp-json\/wp\/v2\/product_tag?post=37150"}],"curies":[{"name":"wp","href":"https:\/\/api.w.org\/{rel}","templated":true}]}}