{"id":37146,"date":"2020-10-29T17:05:13","date_gmt":"2020-10-29T16:05:13","guid":{"rendered":"https:\/\/tartufiesapori.com\/product\/l-or-de-la-foret\/"},"modified":"2025-09-30T12:15:35","modified_gmt":"2025-09-30T10:15:35","slug":"poudre-de-truffe-et-cepes-50-g","status":"publish","type":"product","link":"https:\/\/tartufiesapori.com\/fr\/produit\/poudre-de-truffe-et-cepes-50-g\/","title":{"rendered":"Poudre de truffe et c\u00e8pes"},"content":{"rendered":"<p>La poudre de truffe et c\u00e8pes ou est un m\u00e9lange parfait de saveurs, pour donner une touche de raffinement et d\u2019ar\u00f4me \u00e0 vos plats. Un m\u00e9lange de c\u00e8pes, de champignons, de truffes d\u2019\u00e9t\u00e9 s\u00e9ch\u00e9es et de sel id\u00e9al pour les entr\u00e9es, les plats principaux, les pizzas, les frites et le pop-corn. Vous pouvez l\u2019utiliser directement sur le plat pr\u00eat, en fait, il suffit de mettre un peu de cette poudre pour sentir imm\u00e9diatement le go\u00fbt des champignons et des truffes ou le faire fondre dans la po\u00eale avec un peu de bouillon pour cr\u00e9er une cr\u00e8me d\u00e9licate. La poudre de truffes et de c\u00e8pes est un assaisonnement id\u00e9al pour cr\u00e9er des plats rapides et tr\u00e8s savoureux.<\/p>\n<p>Pour ceux qui sont toujours \u00e0 la recherche de condiments sp\u00e9ciaux, nous recommandons les <a href=\"https:\/\/tartufiesapori.com\/fr\/produit\/bulles-de-truffe\/\">bulles de truffe<\/a> et la <a href=\"https:\/\/tartufiesapori.com\/fr\/produit\/poudre-de-truffe-50-g\/\">poudre de truffe.<\/a><\/p>\n<p><strong>Poids: 50 g<\/strong><\/p>\n<p><strong>Ingr\u00e9dients:<\/strong> sel, f\u00e9cule de pomme de terre, amidon de ma\u00efs, ar\u00f4me, truffe noire d\u2019\u00e9t\u00e9 s\u00e9ch\u00e9e <em>(Tuber aestivum Vitt.)<\/em> 1%, champignons s\u00e9ch\u00e9s (<em>Agaricus Bisporus)<\/em>, c\u00e8pes s\u00e9ch\u00e9s (<em>Boletus Edulis<\/em>) 3%.<\/p>\n<p><strong>Valeurs nutritionnelles moyennes pour 100 g:<\/strong> \u00c9nergie 819 kJ \/ 196 kcal, Graisses 0 g, dont acides gras satur\u00e9s 0 g, Glucides 46 g, dont sucres 0 g, Prot\u00e9ines 2,3 g, Sel 36,7 g.<\/p>\n<p><strong>Conservation:<\/strong> 12 mois \u00e0 compter de la date de fabrication; conserver dans un endroit frais et sec.<\/p>\n<p><strong>Traitement de la commande et de la livraison:<\/strong> les commandes sont trait\u00e9es dans les 2\/3 jours ouvrables suivant leur r\u00e9ception; les marchandises sont livr\u00e9es dans les 24\/48 heures, en fonction de la destination et de la disponibilit\u00e9 des transporteurs.<\/p>\n<p><em>Dans notre site d\u2019entreprise, vous trouverez diff\u00e9rentes\u00a0<a href=\"https:\/\/www.acqualagnatartufi.com\/fr\/recettes\/\">recettes<\/a>\u00a0qui vous donneront diff\u00e9rents conseils sur la fa\u00e7on dont vous pouvez profiter de notre truffe!<\/em><\/p>\n","protected":false},"excerpt":{"rendered":"<p>L&rsquo;or de la for\u00eat 80 g<\/p>\n","protected":false},"featured_media":47503,"template":"","meta":{"_acf_changed":false},"product_brand":[],"product_cat":[1049],"product_tag":[1177,1181,1101,1061,1102],"class_list":{"0":"post-37146","1":"product","2":"type-product","3":"status-publish","4":"has-post-thumbnail","6":"product_cat-condiments-a-la-truffe","7":"product_tag-cepes-et-truffes","8":"product_tag-or-de-la-foret","9":"product_tag-poudre-de-truffe","10":"product_tag-truffe-dacqualagna","11":"product_tag-tartufo-in-polvere-fr","13":"first","14":"instock","15":"taxable","16":"shipping-taxable","17":"purchasable","18":"product-type-simple"},"acf":[],"yoast_head":"<!-- This site is optimized with the Yoast SEO plugin v27.3 - https:\/\/yoast.com\/product\/yoast-seo-wordpress\/ -->\n<title>Poudre de truffe et c\u00e8pes - Tartufi e Sapori Shop online<\/title>\n<meta name=\"description\" content=\"La poudre de truffe et c\u00e8pes ou est un m\u00e9lange parfait de saveurs, pour donner une touche de raffinement et d\u2019ar\u00f4me \u00e0 vos plats...\" \/>\n<meta name=\"robots\" content=\"index, follow, max-snippet:-1, max-image-preview:large, max-video-preview:-1\" \/>\n<link rel=\"canonical\" href=\"https:\/\/tartufiesapori.com\/fr\/produit\/poudre-de-truffe-et-cepes-50-g\/\" \/>\n<meta property=\"og:locale\" content=\"fr_FR\" \/>\n<meta property=\"og:type\" content=\"article\" \/>\n<meta property=\"og:title\" content=\"Poudre de truffe et c\u00e8pes - Tartufi e Sapori Shop online\" \/>\n<meta property=\"og:description\" content=\"La poudre de truffe et c\u00e8pes ou est un m\u00e9lange parfait de saveurs, pour donner une touche de raffinement et d\u2019ar\u00f4me \u00e0 vos plats...\" \/>\n<meta property=\"og:url\" content=\"https:\/\/tartufiesapori.com\/fr\/produit\/poudre-de-truffe-et-cepes-50-g\/\" \/>\n<meta property=\"og:site_name\" content=\"Tartufi e Sapori Shop online\" \/>\n<meta property=\"article:modified_time\" content=\"2025-09-30T10:15:35+00:00\" \/>\n<meta property=\"og:image\" content=\"https:\/\/tartufiesapori.com\/wp-content\/uploads\/2020\/10\/Polvere-di-Tartufo-e-Funghi-Porcini-1.jpg\" \/>\n\t<meta property=\"og:image:width\" content=\"1600\" \/>\n\t<meta property=\"og:image:height\" content=\"1600\" \/>\n\t<meta property=\"og:image:type\" content=\"image\/jpeg\" \/>\n<meta name=\"twitter:card\" content=\"summary_large_image\" \/>\n<meta name=\"twitter:label1\" content=\"Dur\u00e9e de lecture estim\u00e9e\" \/>\n\t<meta name=\"twitter:data1\" content=\"2 minutes\" \/>\n<!-- \/ Yoast SEO plugin. -->","yoast_head_json":{"title":"Poudre de truffe et c\u00e8pes - Tartufi e Sapori Shop online","description":"La poudre de truffe et c\u00e8pes ou est un m\u00e9lange parfait de saveurs, pour donner une touche de raffinement et d\u2019ar\u00f4me \u00e0 vos plats...","robots":{"index":"index","follow":"follow","max-snippet":"max-snippet:-1","max-image-preview":"max-image-preview:large","max-video-preview":"max-video-preview:-1"},"canonical":"https:\/\/tartufiesapori.com\/fr\/produit\/poudre-de-truffe-et-cepes-50-g\/","og_locale":"fr_FR","og_type":"article","og_title":"Poudre de truffe et c\u00e8pes - Tartufi e Sapori Shop online","og_description":"La poudre de truffe et c\u00e8pes ou est un m\u00e9lange parfait de saveurs, pour donner une touche de raffinement et d\u2019ar\u00f4me \u00e0 vos plats...","og_url":"https:\/\/tartufiesapori.com\/fr\/produit\/poudre-de-truffe-et-cepes-50-g\/","og_site_name":"Tartufi e Sapori Shop online","article_modified_time":"2025-09-30T10:15:35+00:00","og_image":[{"width":1600,"height":1600,"url":"https:\/\/tartufiesapori.com\/wp-content\/uploads\/2020\/10\/Polvere-di-Tartufo-e-Funghi-Porcini-1.jpg","type":"image\/jpeg"}],"twitter_card":"summary_large_image","twitter_misc":{"Dur\u00e9e de lecture estim\u00e9e":"2 minutes"},"schema":{"@context":"https:\/\/schema.org","@graph":[{"@type":"WebPage","@id":"https:\/\/tartufiesapori.com\/fr\/produit\/poudre-de-truffe-et-cepes-50-g\/","url":"https:\/\/tartufiesapori.com\/fr\/produit\/poudre-de-truffe-et-cepes-50-g\/","name":"Poudre de truffe et c\u00e8pes - Tartufi e Sapori Shop online","isPartOf":{"@id":"https:\/\/tartufiesapori.com\/fr\/#website"},"primaryImageOfPage":{"@id":"https:\/\/tartufiesapori.com\/fr\/produit\/poudre-de-truffe-et-cepes-50-g\/#primaryimage"},"image":{"@id":"https:\/\/tartufiesapori.com\/fr\/produit\/poudre-de-truffe-et-cepes-50-g\/#primaryimage"},"thumbnailUrl":"https:\/\/tartufiesapori.com\/wp-content\/uploads\/2020\/10\/Polvere-di-Tartufo-e-Funghi-Porcini-1.jpg","datePublished":"2020-10-29T16:05:13+00:00","dateModified":"2025-09-30T10:15:35+00:00","description":"La poudre de truffe et c\u00e8pes ou est un m\u00e9lange parfait de saveurs, pour donner une touche de raffinement et d\u2019ar\u00f4me \u00e0 vos plats...","breadcrumb":{"@id":"https:\/\/tartufiesapori.com\/fr\/produit\/poudre-de-truffe-et-cepes-50-g\/#breadcrumb"},"inLanguage":"fr-FR","potentialAction":[{"@type":"ReadAction","target":["https:\/\/tartufiesapori.com\/fr\/produit\/poudre-de-truffe-et-cepes-50-g\/"]}]},{"@type":"ImageObject","inLanguage":"fr-FR","@id":"https:\/\/tartufiesapori.com\/fr\/produit\/poudre-de-truffe-et-cepes-50-g\/#primaryimage","url":"https:\/\/tartufiesapori.com\/wp-content\/uploads\/2020\/10\/Polvere-di-Tartufo-e-Funghi-Porcini-1.jpg","contentUrl":"https:\/\/tartufiesapori.com\/wp-content\/uploads\/2020\/10\/Polvere-di-Tartufo-e-Funghi-Porcini-1.jpg","width":1600,"height":1600},{"@type":"BreadcrumbList","@id":"https:\/\/tartufiesapori.com\/fr\/produit\/poudre-de-truffe-et-cepes-50-g\/#breadcrumb","itemListElement":[{"@type":"ListItem","position":1,"name":"Tartufi e Sapori","item":"https:\/\/tartufiesapori.com\/fr\/"},{"@type":"ListItem","position":2,"name":"Shop","item":"https:\/\/tartufiesapori.com\/fr\/shop\/"},{"@type":"ListItem","position":3,"name":"LIGNE TRADITIONNELLE","item":"https:\/\/tartufiesapori.com\/fr\/categorie-produit\/ligne-traditionnelle\/"},{"@type":"ListItem","position":4,"name":"Condiments \u00e0 la truffe","item":"https:\/\/tartufiesapori.com\/fr\/categorie-produit\/ligne-traditionnelle\/condiments-a-la-truffe\/"},{"@type":"ListItem","position":5,"name":"Poudre de truffe et c\u00e8pes"}]},{"@type":"WebSite","@id":"https:\/\/tartufiesapori.com\/fr\/#website","url":"https:\/\/tartufiesapori.com\/fr\/","name":"Tartufi e Sapori Shop online","description":"Tartufi di Acqualagna","potentialAction":[{"@type":"SearchAction","target":{"@type":"EntryPoint","urlTemplate":"https:\/\/tartufiesapori.com\/fr\/?s={search_term_string}"},"query-input":{"@type":"PropertyValueSpecification","valueRequired":true,"valueName":"search_term_string"}}],"inLanguage":"fr-FR"}]}},"_links":{"self":[{"href":"https:\/\/tartufiesapori.com\/fr\/wp-json\/wp\/v2\/product\/37146","targetHints":{"allow":["GET"]}}],"collection":[{"href":"https:\/\/tartufiesapori.com\/fr\/wp-json\/wp\/v2\/product"}],"about":[{"href":"https:\/\/tartufiesapori.com\/fr\/wp-json\/wp\/v2\/types\/product"}],"wp:featuredmedia":[{"embeddable":true,"href":"https:\/\/tartufiesapori.com\/fr\/wp-json\/wp\/v2\/media\/47503"}],"wp:attachment":[{"href":"https:\/\/tartufiesapori.com\/fr\/wp-json\/wp\/v2\/media?parent=37146"}],"wp:term":[{"taxonomy":"product_brand","embeddable":true,"href":"https:\/\/tartufiesapori.com\/fr\/wp-json\/wp\/v2\/product_brand?post=37146"},{"taxonomy":"product_cat","embeddable":true,"href":"https:\/\/tartufiesapori.com\/fr\/wp-json\/wp\/v2\/product_cat?post=37146"},{"taxonomy":"product_tag","embeddable":true,"href":"https:\/\/tartufiesapori.com\/fr\/wp-json\/wp\/v2\/product_tag?post=37146"}],"curies":[{"name":"wp","href":"https:\/\/api.w.org\/{rel}","templated":true}]}}