{"id":37117,"date":"2020-12-09T20:14:12","date_gmt":"2020-12-09T19:14:12","guid":{"rendered":"https:\/\/tartufiesapori.com\/product\/vinaigrette-a-l-huile-d-olive-extra-vierge-a-la-truffe-blancheo-65-ml\/"},"modified":"2025-12-22T15:56:42","modified_gmt":"2025-12-22T14:56:42","slug":"assaisonnement-a-l-huile-d-olive-extra-vierge-a-la-truffe-blanche-100-ml-spray","status":"publish","type":"product","link":"https:\/\/tartufiesapori.com\/fr\/produit\/assaisonnement-a-l-huile-d-olive-extra-vierge-a-la-truffe-blanche-100-ml-spray\/","title":{"rendered":"Assaisonnement \u00e0 base d\u2019huile d\u2019olive extra vierge aromatis\u00e9e \u00e0 la truffe blanche spray (gourmet)"},"content":{"rendered":"<p>L\u2019huile de truffe blanche est un excellent assaisonnement \u00e0 base d\u2019huile d\u2019olive extra vierge aromatis\u00e9e \u00e0 la truffe blanche. D\u00e9licat et avec un ar\u00f4me parfum\u00e9, c\u2019est un assaisonnement parfait qui r\u00e9ussit \u00e0 aromatiser chaque plat, comme les \u0153ufs, les cro\u00fbtons, les entr\u00e9es ou les pizzas. Quelques gouttes suffisent pour d\u00e9gager l\u2019incomparable parfum de truffe. Gr\u00e2ce \u00e0 ses caract\u00e9ristiques, cette huile rendra vos plats \u00e0 la truffe uniques. Un must \u00e0 essayer aussi pour aromatiser les viandes r\u00f4ties.<\/p>\n<p>En plus de l\u2019huile de truffe blanche de la ligne gastronomique, nous vous recommandons de ne pas manquer nos <a href=\"https:\/\/tartufiesapori.com\/fr\/product-category\/ligne-traditionnelle\/condiments-a-la-truffe\/\">condiments \u00e0 la truffe.<\/a><\/p>\n<p><strong>Poids: <\/strong>spray 100 ml<\/p>\n<p><strong>Ingr\u00e9dients:<\/strong>\u00a0huile d\u2019olive extra vierge 95%, ar\u00f4me 5%.<\/p>\n<p><strong>Valeurs nutritionnelles moyennes pour 100 g:<\/strong>\u00a0\u00c9nergie 3404 kJ \/ 828 kcal, Graisses 92 g, dont acides gras satur\u00e9s 14 g, Glucides 0 g, dont sucres 0 g, Fibres alimentaires 0 g, Prot\u00e9ines 0 g, Sel 0,02 g.<\/p>\n<p><strong>Stockage:<\/strong> 18 mois \u00e0 compter de la date de production \u00e0 temp\u00e9rature ambiante. Conserver dans un endroit frais, \u00e0 l\u2019abri des sources de chaleur et de lumi\u00e8re.<\/p>\n<p><strong>Traitement de la commande et de la livraison:<\/strong> les commandes sont trait\u00e9es dans les 2\/3 jours ouvrables suivant leur r\u00e9ception; les marchandises sont livr\u00e9es dans les 24\/48 heures, en fonction de la destination et de la disponibilit\u00e9 des transporteurs.<\/p>\n<p><em>Dans notre site d\u2019entreprise, vous trouverez diff\u00e9rentes\u00a0<a href=\"https:\/\/www.acqualagnatartufi.com\/fr\/recettes\/\">recettes<\/a>\u00a0qui vous donneront diff\u00e9rents conseils sur la fa\u00e7on dont vous pouvez profiter de notre truffe!<\/em><\/p>\n","protected":false},"excerpt":{"rendered":"<p>Vinaigrette \u00e0 l&rsquo;huile d&rsquo;olive extra vierge \u00e0 la truffe blanche 100 ml spray<\/p>\n","protected":false},"featured_media":68166,"template":"","meta":{"_acf_changed":false},"product_brand":[],"product_cat":[1042],"product_tag":[],"class_list":{"0":"post-37117","1":"product","2":"type-product","3":"status-publish","4":"has-post-thumbnail","6":"product_cat-ligne-gourmande","8":"first","9":"instock","10":"taxable","11":"shipping-taxable","12":"purchasable","13":"product-type-simple"},"acf":[],"yoast_head":"<!-- This site is optimized with the Yoast SEO plugin v27.3 - https:\/\/yoast.com\/product\/yoast-seo-wordpress\/ -->\n<title>Assaisonnement \u00e0 base d\u2019huile d\u2019olive extra vierge aromatis\u00e9e \u00e0 la truffe blanche spray (gourmet) - Tartufi e Sapori Shop online<\/title>\n<meta name=\"description\" content=\"Un excellent condiment \u00e0 base d&#039;huile d&#039;olive extra vierge aromatis\u00e9e \u00e0 la truffe blanche.\" \/>\n<meta name=\"robots\" content=\"index, follow, max-snippet:-1, max-image-preview:large, max-video-preview:-1\" \/>\n<link rel=\"canonical\" href=\"https:\/\/tartufiesapori.com\/fr\/produit\/assaisonnement-a-l-huile-d-olive-extra-vierge-a-la-truffe-blanche-100-ml-spray\/\" \/>\n<meta property=\"og:locale\" content=\"fr_FR\" \/>\n<meta property=\"og:type\" content=\"article\" \/>\n<meta property=\"og:title\" content=\"Assaisonnement \u00e0 base d\u2019huile d\u2019olive extra vierge aromatis\u00e9e \u00e0 la truffe blanche spray (gourmet) - Tartufi e Sapori Shop online\" \/>\n<meta property=\"og:description\" content=\"Un excellent condiment \u00e0 base d&#039;huile d&#039;olive extra vierge aromatis\u00e9e \u00e0 la truffe blanche.\" \/>\n<meta property=\"og:url\" content=\"https:\/\/tartufiesapori.com\/fr\/produit\/assaisonnement-a-l-huile-d-olive-extra-vierge-a-la-truffe-blanche-100-ml-spray\/\" \/>\n<meta property=\"og:site_name\" content=\"Tartufi e Sapori Shop online\" \/>\n<meta property=\"article:modified_time\" content=\"2025-12-22T14:56:42+00:00\" \/>\n<meta property=\"og:image\" content=\"https:\/\/tartufiesapori.com\/wp-content\/uploads\/2020\/12\/Olio-bianco-spray-gourmet-100.jpg\" \/>\n\t<meta property=\"og:image:width\" content=\"1080\" \/>\n\t<meta property=\"og:image:height\" content=\"1080\" \/>\n\t<meta property=\"og:image:type\" content=\"image\/jpeg\" \/>\n<meta name=\"twitter:card\" content=\"summary_large_image\" \/>\n<meta name=\"twitter:label1\" content=\"Dur\u00e9e de lecture estim\u00e9e\" \/>\n\t<meta name=\"twitter:data1\" content=\"2 minutes\" \/>\n<!-- \/ Yoast SEO plugin. -->","yoast_head_json":{"title":"Assaisonnement \u00e0 base d\u2019huile d\u2019olive extra vierge aromatis\u00e9e \u00e0 la truffe blanche spray (gourmet) - Tartufi e Sapori Shop online","description":"Un excellent condiment \u00e0 base d'huile d'olive extra vierge aromatis\u00e9e \u00e0 la truffe blanche.","robots":{"index":"index","follow":"follow","max-snippet":"max-snippet:-1","max-image-preview":"max-image-preview:large","max-video-preview":"max-video-preview:-1"},"canonical":"https:\/\/tartufiesapori.com\/fr\/produit\/assaisonnement-a-l-huile-d-olive-extra-vierge-a-la-truffe-blanche-100-ml-spray\/","og_locale":"fr_FR","og_type":"article","og_title":"Assaisonnement \u00e0 base d\u2019huile d\u2019olive extra vierge aromatis\u00e9e \u00e0 la truffe blanche spray (gourmet) - Tartufi e Sapori Shop online","og_description":"Un excellent condiment \u00e0 base d'huile d'olive extra vierge aromatis\u00e9e \u00e0 la truffe blanche.","og_url":"https:\/\/tartufiesapori.com\/fr\/produit\/assaisonnement-a-l-huile-d-olive-extra-vierge-a-la-truffe-blanche-100-ml-spray\/","og_site_name":"Tartufi e Sapori Shop online","article_modified_time":"2025-12-22T14:56:42+00:00","og_image":[{"width":1080,"height":1080,"url":"https:\/\/tartufiesapori.com\/wp-content\/uploads\/2020\/12\/Olio-bianco-spray-gourmet-100.jpg","type":"image\/jpeg"}],"twitter_card":"summary_large_image","twitter_misc":{"Dur\u00e9e de lecture estim\u00e9e":"2 minutes"},"schema":{"@context":"https:\/\/schema.org","@graph":[{"@type":"WebPage","@id":"https:\/\/tartufiesapori.com\/fr\/produit\/assaisonnement-a-l-huile-d-olive-extra-vierge-a-la-truffe-blanche-100-ml-spray\/","url":"https:\/\/tartufiesapori.com\/fr\/produit\/assaisonnement-a-l-huile-d-olive-extra-vierge-a-la-truffe-blanche-100-ml-spray\/","name":"Assaisonnement \u00e0 base d\u2019huile d\u2019olive extra vierge aromatis\u00e9e \u00e0 la truffe blanche spray (gourmet) - Tartufi e Sapori Shop online","isPartOf":{"@id":"https:\/\/tartufiesapori.com\/fr\/#website"},"primaryImageOfPage":{"@id":"https:\/\/tartufiesapori.com\/fr\/produit\/assaisonnement-a-l-huile-d-olive-extra-vierge-a-la-truffe-blanche-100-ml-spray\/#primaryimage"},"image":{"@id":"https:\/\/tartufiesapori.com\/fr\/produit\/assaisonnement-a-l-huile-d-olive-extra-vierge-a-la-truffe-blanche-100-ml-spray\/#primaryimage"},"thumbnailUrl":"https:\/\/tartufiesapori.com\/wp-content\/uploads\/2020\/12\/Olio-bianco-spray-gourmet-100.jpg","datePublished":"2020-12-09T19:14:12+00:00","dateModified":"2025-12-22T14:56:42+00:00","description":"Un excellent condiment \u00e0 base d'huile d'olive extra vierge aromatis\u00e9e \u00e0 la truffe blanche.","breadcrumb":{"@id":"https:\/\/tartufiesapori.com\/fr\/produit\/assaisonnement-a-l-huile-d-olive-extra-vierge-a-la-truffe-blanche-100-ml-spray\/#breadcrumb"},"inLanguage":"fr-FR","potentialAction":[{"@type":"ReadAction","target":["https:\/\/tartufiesapori.com\/fr\/produit\/assaisonnement-a-l-huile-d-olive-extra-vierge-a-la-truffe-blanche-100-ml-spray\/"]}]},{"@type":"ImageObject","inLanguage":"fr-FR","@id":"https:\/\/tartufiesapori.com\/fr\/produit\/assaisonnement-a-l-huile-d-olive-extra-vierge-a-la-truffe-blanche-100-ml-spray\/#primaryimage","url":"https:\/\/tartufiesapori.com\/wp-content\/uploads\/2020\/12\/Olio-bianco-spray-gourmet-100.jpg","contentUrl":"https:\/\/tartufiesapori.com\/wp-content\/uploads\/2020\/12\/Olio-bianco-spray-gourmet-100.jpg","width":1080,"height":1080},{"@type":"BreadcrumbList","@id":"https:\/\/tartufiesapori.com\/fr\/produit\/assaisonnement-a-l-huile-d-olive-extra-vierge-a-la-truffe-blanche-100-ml-spray\/#breadcrumb","itemListElement":[{"@type":"ListItem","position":1,"name":"Tartufi e Sapori","item":"https:\/\/tartufiesapori.com\/fr\/"},{"@type":"ListItem","position":2,"name":"Shop","item":"https:\/\/tartufiesapori.com\/fr\/shop\/"},{"@type":"ListItem","position":3,"name":"LIGNE GOURMANDE","item":"https:\/\/tartufiesapori.com\/fr\/categorie-produit\/ligne-gourmande\/"},{"@type":"ListItem","position":4,"name":"Assaisonnement \u00e0 base d\u2019huile d\u2019olive extra vierge aromatis\u00e9e \u00e0 la truffe blanche spray (gourmet)"}]},{"@type":"WebSite","@id":"https:\/\/tartufiesapori.com\/fr\/#website","url":"https:\/\/tartufiesapori.com\/fr\/","name":"Tartufi e Sapori Shop online","description":"Tartufi di Acqualagna","potentialAction":[{"@type":"SearchAction","target":{"@type":"EntryPoint","urlTemplate":"https:\/\/tartufiesapori.com\/fr\/?s={search_term_string}"},"query-input":{"@type":"PropertyValueSpecification","valueRequired":true,"valueName":"search_term_string"}}],"inLanguage":"fr-FR"}]}},"_links":{"self":[{"href":"https:\/\/tartufiesapori.com\/fr\/wp-json\/wp\/v2\/product\/37117","targetHints":{"allow":["GET"]}}],"collection":[{"href":"https:\/\/tartufiesapori.com\/fr\/wp-json\/wp\/v2\/product"}],"about":[{"href":"https:\/\/tartufiesapori.com\/fr\/wp-json\/wp\/v2\/types\/product"}],"wp:featuredmedia":[{"embeddable":true,"href":"https:\/\/tartufiesapori.com\/fr\/wp-json\/wp\/v2\/media\/68166"}],"wp:attachment":[{"href":"https:\/\/tartufiesapori.com\/fr\/wp-json\/wp\/v2\/media?parent=37117"}],"wp:term":[{"taxonomy":"product_brand","embeddable":true,"href":"https:\/\/tartufiesapori.com\/fr\/wp-json\/wp\/v2\/product_brand?post=37117"},{"taxonomy":"product_cat","embeddable":true,"href":"https:\/\/tartufiesapori.com\/fr\/wp-json\/wp\/v2\/product_cat?post=37117"},{"taxonomy":"product_tag","embeddable":true,"href":"https:\/\/tartufiesapori.com\/fr\/wp-json\/wp\/v2\/product_tag?post=37117"}],"curies":[{"name":"wp","href":"https:\/\/api.w.org\/{rel}","templated":true}]}}