{"id":36759,"date":"2013-10-25T09:19:42","date_gmt":"2013-10-25T09:19:42","guid":{"rendered":"https:\/\/tartufiesapori.com\/product\/tartufo-bianchetto-a-fette\/"},"modified":"2025-09-03T17:02:52","modified_gmt":"2025-09-03T15:02:52","slug":"tranches-de-truffe-bianchetto","status":"publish","type":"product","link":"https:\/\/tartufiesapori.com\/fr\/produit\/tranches-de-truffe-bianchetto\/","title":{"rendered":"Tranches de Truffe Bianchetto"},"content":{"rendered":"<p>La truffe bianchetto est caract\u00e9ris\u00e9e par un parfum tr\u00e8s intense et une saveur forte et persistante, un peu aglioso. Gr\u00e2ce \u00e0 ses caract\u00e9ristiques, il est tr\u00e8s appropri\u00e9 surtout pour assaisonner les plats de p\u00e2tes, en utilisant \u00e9galement l\u2019huile de gouvernement pour am\u00e9liorer encore la saveur de la nourriture. Les tranches sont \u00e9galement excellentes pour pr\u00e9parer une omelette sp\u00e9ciale et d\u00e9licieuse, il suffit de mettre quelques tranches dans la po\u00eale avec les \u0153ufs, puis cuire le tout ensemble. Les tranches de truffes bianchetto peuvent \u00e9galement \u00eatre associ\u00e9es \u00e0 notre <a href=\"https:\/\/tartufiesapori.com\/product\/assaisonnement-a-l-huile-de-truffe-blanche\/?lang=fr\">huile de truffe<\/a> ou au <a href=\"https:\/\/tartufiesapori.com\/product\/specialite-de-beurre-aux-truffes\/?lang=fr\">beurre de truffe<\/a> pour assaisonner les p\u00e2tes.<\/p>\n<p>En plus de la truffe d\u2019\u00e9t\u00e9, vous pouvez \u00e9galement trouver notre <a href=\"https:\/\/tartufiesapori.com\/product\/truffe-d-ete-en-tranches\/?lang=fr\">truffe d\u2019\u00e9t\u00e9<\/a> et <a href=\"https:\/\/tartufiesapori.com\/product\/truffe-blanche-tranchee\/?lang=fr\">truffe blanche<\/a> en tranches.<\/p>\n<p><strong>Ingr\u00e9dients:<\/strong> truffe bianchetto <em>(tuber albidum pico)<\/em> 60%, huile de tournesol, sel et ar\u00f4me.<\/p>\n<p><strong>Valeurs nutritionnelles moyennes pour 100 g:<\/strong> \u00c9nergie 1082 kJ \/ 262 kcal, Graisses 25 g, dont acides gras satur\u00e9s 3,7 g, Glucides 3,4 g, dont sucres 0 g, Fibres alimentaires 8,6 g, Prot\u00e9ines 6 g, Sel 1,7 g.<\/p>\n<p><strong>Conservation:<\/strong> 4 ans \u00e0 partir de la date de production \u00e0 temp\u00e9rature ambiante; une fois ouvert, conserver au r\u00e9frig\u00e9rateur couvert d\u2019huile d\u2019olive extra vierge et consommer rapidement.<\/p>\n<p><strong>Traitement de la commande et de la livraison:<\/strong> les commandes sont trait\u00e9es dans les 2\/3 jours ouvrables suivant leur r\u00e9ception; les marchandises sont livr\u00e9es dans les 24\/48 heures, en fonction de la destination et de la disponibilit\u00e9 des transporteurs.<\/p>\n<p><em>Dans notre site d\u2019entreprise, vous trouverez diff\u00e9rentes\u00a0<a href=\"https:\/\/www.acqualagnatartufi.com\/fr\/recettes\/\">recettes<\/a>\u00a0qui vous donneront diff\u00e9rents conseils sur la fa\u00e7on dont vous pouvez profiter de notre truffe!<\/em><\/p>\n","protected":false},"excerpt":{"rendered":"<p>Tartufo bianchetto a fette<\/p>\n","protected":false},"featured_media":36761,"template":"","meta":{"_acf_changed":false},"product_brand":[],"product_cat":[1044],"product_tag":[1067,1068,1059,1061,1069,1062,1063],"class_list":{"0":"post-36759","1":"product","2":"type-product","3":"status-publish","4":"has-post-thumbnail","6":"product_cat-truffes-entieres-ou-tranchees","7":"product_tag-fette-di-tartufo-fr","8":"product_tag-tranches-de-truffes-bianchetto","9":"product_tag-truffe-bianchetto","10":"product_tag-truffe-dacqualagna","11":"product_tag-truffe-en-tranches","12":"product_tag-tuber-albidum-pico-fr","13":"product_tag-tuber-borchii-vitt-fr","15":"first","16":"instock","17":"taxable","18":"shipping-taxable","19":"purchasable","20":"product-type-variable","21":"has-default-attributes"},"acf":[],"yoast_head":"<!-- This site is optimized with the Yoast SEO plugin v27.3 - https:\/\/yoast.com\/product\/yoast-seo-wordpress\/ -->\n<title>Tranches de Truffe Bianchetto - Tartufi e Sapori Shop online<\/title>\n<meta name=\"description\" content=\"La truffe bianchetto est surtout indiqu\u00e9e pour assaisonner les entr\u00e9es, en utilisant \u00e9galement l&#039;huile pour rehausser encore la saveur du...\" \/>\n<meta name=\"robots\" content=\"index, follow, max-snippet:-1, max-image-preview:large, max-video-preview:-1\" \/>\n<link rel=\"canonical\" href=\"https:\/\/tartufiesapori.com\/fr\/produit\/tranches-de-truffe-bianchetto\/\" \/>\n<meta property=\"og:locale\" content=\"fr_FR\" \/>\n<meta property=\"og:type\" content=\"article\" \/>\n<meta property=\"og:title\" content=\"Tranches de Truffe Bianchetto - Tartufi e Sapori Shop online\" \/>\n<meta property=\"og:description\" content=\"La truffe bianchetto est surtout indiqu\u00e9e pour assaisonner les entr\u00e9es, en utilisant \u00e9galement l&#039;huile pour rehausser encore la saveur du...\" \/>\n<meta property=\"og:url\" content=\"https:\/\/tartufiesapori.com\/fr\/produit\/tranches-de-truffe-bianchetto\/\" \/>\n<meta property=\"og:site_name\" content=\"Tartufi e Sapori Shop online\" \/>\n<meta property=\"article:modified_time\" content=\"2025-09-03T15:02:52+00:00\" \/>\n<meta property=\"og:image\" content=\"https:\/\/tartufiesapori.com\/wp-content\/uploads\/2013\/10\/Tartufo-bianchetto-a-fette-90.jpg\" \/>\n\t<meta property=\"og:image:width\" content=\"1600\" \/>\n\t<meta property=\"og:image:height\" content=\"1600\" \/>\n\t<meta property=\"og:image:type\" content=\"image\/jpeg\" \/>\n<meta name=\"twitter:card\" content=\"summary_large_image\" \/>\n<meta name=\"twitter:label1\" content=\"Dur\u00e9e de lecture estim\u00e9e\" \/>\n\t<meta name=\"twitter:data1\" content=\"2 minutes\" \/>\n<!-- \/ Yoast SEO plugin. -->","yoast_head_json":{"title":"Tranches de Truffe Bianchetto - Tartufi e Sapori Shop online","description":"La truffe bianchetto est surtout indiqu\u00e9e pour assaisonner les entr\u00e9es, en utilisant \u00e9galement l'huile pour rehausser encore la saveur du...","robots":{"index":"index","follow":"follow","max-snippet":"max-snippet:-1","max-image-preview":"max-image-preview:large","max-video-preview":"max-video-preview:-1"},"canonical":"https:\/\/tartufiesapori.com\/fr\/produit\/tranches-de-truffe-bianchetto\/","og_locale":"fr_FR","og_type":"article","og_title":"Tranches de Truffe Bianchetto - Tartufi e Sapori Shop online","og_description":"La truffe bianchetto est surtout indiqu\u00e9e pour assaisonner les entr\u00e9es, en utilisant \u00e9galement l'huile pour rehausser encore la saveur du...","og_url":"https:\/\/tartufiesapori.com\/fr\/produit\/tranches-de-truffe-bianchetto\/","og_site_name":"Tartufi e Sapori Shop online","article_modified_time":"2025-09-03T15:02:52+00:00","og_image":[{"width":1600,"height":1600,"url":"https:\/\/tartufiesapori.com\/wp-content\/uploads\/2013\/10\/Tartufo-bianchetto-a-fette-90.jpg","type":"image\/jpeg"}],"twitter_card":"summary_large_image","twitter_misc":{"Dur\u00e9e de lecture estim\u00e9e":"2 minutes"},"schema":{"@context":"https:\/\/schema.org","@graph":[{"@type":"WebPage","@id":"https:\/\/tartufiesapori.com\/fr\/produit\/tranches-de-truffe-bianchetto\/","url":"https:\/\/tartufiesapori.com\/fr\/produit\/tranches-de-truffe-bianchetto\/","name":"Tranches de Truffe Bianchetto - Tartufi e Sapori Shop online","isPartOf":{"@id":"https:\/\/tartufiesapori.com\/fr\/#website"},"primaryImageOfPage":{"@id":"https:\/\/tartufiesapori.com\/fr\/produit\/tranches-de-truffe-bianchetto\/#primaryimage"},"image":{"@id":"https:\/\/tartufiesapori.com\/fr\/produit\/tranches-de-truffe-bianchetto\/#primaryimage"},"thumbnailUrl":"https:\/\/tartufiesapori.com\/wp-content\/uploads\/2013\/10\/Tartufo-bianchetto-a-fette-90.jpg","datePublished":"2013-10-25T09:19:42+00:00","dateModified":"2025-09-03T15:02:52+00:00","description":"La truffe bianchetto est surtout indiqu\u00e9e pour assaisonner les entr\u00e9es, en utilisant \u00e9galement l'huile pour rehausser encore la saveur du...","breadcrumb":{"@id":"https:\/\/tartufiesapori.com\/fr\/produit\/tranches-de-truffe-bianchetto\/#breadcrumb"},"inLanguage":"fr-FR","potentialAction":[{"@type":"ReadAction","target":["https:\/\/tartufiesapori.com\/fr\/produit\/tranches-de-truffe-bianchetto\/"]}]},{"@type":"ImageObject","inLanguage":"fr-FR","@id":"https:\/\/tartufiesapori.com\/fr\/produit\/tranches-de-truffe-bianchetto\/#primaryimage","url":"https:\/\/tartufiesapori.com\/wp-content\/uploads\/2013\/10\/Tartufo-bianchetto-a-fette-90.jpg","contentUrl":"https:\/\/tartufiesapori.com\/wp-content\/uploads\/2013\/10\/Tartufo-bianchetto-a-fette-90.jpg","width":1600,"height":1600,"caption":"Tartufo bianchetto a fette 90"},{"@type":"BreadcrumbList","@id":"https:\/\/tartufiesapori.com\/fr\/produit\/tranches-de-truffe-bianchetto\/#breadcrumb","itemListElement":[{"@type":"ListItem","position":1,"name":"Tartufi e Sapori","item":"https:\/\/tartufiesapori.com\/fr\/"},{"@type":"ListItem","position":2,"name":"Shop","item":"https:\/\/tartufiesapori.com\/fr\/shop\/"},{"@type":"ListItem","position":3,"name":"LIGNE TRADITIONNELLE","item":"https:\/\/tartufiesapori.com\/fr\/categorie-produit\/ligne-traditionnelle\/"},{"@type":"ListItem","position":4,"name":"Truffes enti\u00e8res ou tranch\u00e9es","item":"https:\/\/tartufiesapori.com\/fr\/categorie-produit\/ligne-traditionnelle\/truffes-entieres-ou-tranchees\/"},{"@type":"ListItem","position":5,"name":"Tranches de Truffe Bianchetto"}]},{"@type":"WebSite","@id":"https:\/\/tartufiesapori.com\/fr\/#website","url":"https:\/\/tartufiesapori.com\/fr\/","name":"Tartufi e Sapori Shop online","description":"Tartufi di Acqualagna","potentialAction":[{"@type":"SearchAction","target":{"@type":"EntryPoint","urlTemplate":"https:\/\/tartufiesapori.com\/fr\/?s={search_term_string}"},"query-input":{"@type":"PropertyValueSpecification","valueRequired":true,"valueName":"search_term_string"}}],"inLanguage":"fr-FR"}]}},"_links":{"self":[{"href":"https:\/\/tartufiesapori.com\/fr\/wp-json\/wp\/v2\/product\/36759","targetHints":{"allow":["GET"]}}],"collection":[{"href":"https:\/\/tartufiesapori.com\/fr\/wp-json\/wp\/v2\/product"}],"about":[{"href":"https:\/\/tartufiesapori.com\/fr\/wp-json\/wp\/v2\/types\/product"}],"wp:featuredmedia":[{"embeddable":true,"href":"https:\/\/tartufiesapori.com\/fr\/wp-json\/wp\/v2\/media\/36761"}],"wp:attachment":[{"href":"https:\/\/tartufiesapori.com\/fr\/wp-json\/wp\/v2\/media?parent=36759"}],"wp:term":[{"taxonomy":"product_brand","embeddable":true,"href":"https:\/\/tartufiesapori.com\/fr\/wp-json\/wp\/v2\/product_brand?post=36759"},{"taxonomy":"product_cat","embeddable":true,"href":"https:\/\/tartufiesapori.com\/fr\/wp-json\/wp\/v2\/product_cat?post=36759"},{"taxonomy":"product_tag","embeddable":true,"href":"https:\/\/tartufiesapori.com\/fr\/wp-json\/wp\/v2\/product_tag?post=36759"}],"curies":[{"name":"wp","href":"https:\/\/api.w.org\/{rel}","templated":true}]}}