{"id":59447,"date":"2024-12-18T15:27:28","date_gmt":"2024-12-18T14:27:28","guid":{"rendered":"https:\/\/tartufiesapori.com\/product\/portachiavi-acqualagna-tartufi\/"},"modified":"2024-12-18T17:26:06","modified_gmt":"2024-12-18T16:26:06","slug":"schluesselanhaenger-acqualagna-tartufi","status":"publish","type":"product","link":"https:\/\/tartufiesapori.com\/de\/produkt\/schluesselanhaenger-acqualagna-tartufi\/","title":{"rendered":"Schl\u00fcsselanh\u00e4nger Acqualagna Tartufi"},"content":{"rendered":"<p>Schl\u00fcsselanh\u00e4nger, der auf handwerkliche Weise mit dem ikonischen wei\u00dfen Tr\u00fcffel von Acqualagna und unserem Namensschild hergestellt wird. Aus nat\u00fcrlichen Produkten hergestellt, ist es ein sch\u00f6nes Souvenir f\u00fcr alle Liebhaber von wei\u00dfen Tr\u00fcffel und Acqualagna.<\/p>\n<p>F\u00fcr alle Tr\u00fcffelliebhaber gibt es auch anderes\u00a0<a href=\"https:\/\/tartufiesapori.com\/de\/produkt-kategorie\/traditionelle-linie\/zubehor-merchandising\/\">Zubeh\u00f6r und Werkzeuge,<\/a> einschlie\u00dflich B\u00fcrsten, Taschent\u00fccher, Papiere, M\u00fctzen und Reibebl\u00e4tter erh\u00e4ltlich sind.<\/p>\n<p><strong>Auftragsabwicklung und Lieferung:<\/strong>\u00a0Bestellungen werden innerhalb von 2\/3 Werktagen nach Eingang bearbeitet; die Ware wird in 24\/48 Stunden geliefert, je nach Zielort und Verf\u00fcgbarkeit der Paketdienst.<\/p>\n<p><em>Auf unserer Unternehmenswebsite finden Sie verschiedene\u00a0<a href=\"https:\/\/www.acqualagnatartufi.com\/de\/rezepten\/\">Rezepte,<\/a>\u00a0die Ihnen verschiedene Tipps geben, wie Sie unsere Tr\u00fcffel genie\u00dfen k\u00f6nnen!<\/em><\/p>\n","protected":false},"excerpt":{"rendered":"<p>Schl\u00fcsselanh\u00e4nger, der auf handwerkliche Weise mit dem ikonischen wei\u00dfen Tr\u00fcffel von Acqualagna und unserem Namensschild hergestellt wird. Aus nat\u00fcrlichen Produkten hergestellt, ist es ein sch\u00f6nes Souvenir f\u00fcr alle Liebhaber von wei\u00dfen Tr\u00fcffel und Acqualagna. F\u00fcr alle Tr\u00fcffelliebhaber gibt es auch anderes\u00a0Zubeh\u00f6r und Werkzeuge, einschlie\u00dflich B\u00fcrsten, Taschent\u00fccher, Papiere, M\u00fctzen und Reibebl\u00e4tter erh\u00e4ltlich sind. Auftragsabwicklung und Lieferung:\u00a0Bestellungen&hellip;<\/p>\n","protected":false},"featured_media":59456,"template":"","meta":{"_acf_changed":false},"product_brand":[],"product_cat":[822],"product_tag":[],"class_list":{"0":"post-59447","1":"product","2":"type-product","3":"status-publish","4":"has-post-thumbnail","6":"product_cat-zubehor-merchandising","8":"first","9":"instock","10":"taxable","11":"shipping-taxable","12":"purchasable","13":"product-type-simple"},"acf":[],"yoast_head":"<!-- This site is optimized with the Yoast SEO plugin v27.3 - https:\/\/yoast.com\/product\/yoast-seo-wordpress\/ -->\n<title>Schl\u00fcsselanh\u00e4nger Acqualagna Tartufi - Tartufi e Sapori Shop online<\/title>\n<meta name=\"description\" content=\"Portachiavi brandizzato Acqualagna Tartufi raffigurante l&#039;iconico tartufo bianco della nostra terra. Realizzato a mano con prodotti naturali, \u00e8...\" \/>\n<meta name=\"robots\" content=\"index, follow, max-snippet:-1, max-image-preview:large, max-video-preview:-1\" \/>\n<link rel=\"canonical\" href=\"https:\/\/tartufiesapori.com\/de\/produkt\/schluesselanhaenger-acqualagna-tartufi\/\" \/>\n<meta property=\"og:locale\" content=\"de_DE\" \/>\n<meta property=\"og:type\" content=\"article\" \/>\n<meta property=\"og:title\" content=\"Schl\u00fcsselanh\u00e4nger Acqualagna Tartufi - Tartufi e Sapori Shop online\" \/>\n<meta property=\"og:description\" content=\"Portachiavi brandizzato Acqualagna Tartufi raffigurante l&#039;iconico tartufo bianco della nostra terra. Realizzato a mano con prodotti naturali, \u00e8...\" \/>\n<meta property=\"og:url\" content=\"https:\/\/tartufiesapori.com\/de\/produkt\/schluesselanhaenger-acqualagna-tartufi\/\" \/>\n<meta property=\"og:site_name\" content=\"Tartufi e Sapori Shop online\" \/>\n<meta property=\"article:modified_time\" content=\"2024-12-18T16:26:06+00:00\" \/>\n<meta property=\"og:image\" content=\"https:\/\/tartufiesapori.com\/wp-content\/uploads\/2024\/12\/Portachiavi-Acqualagna-Tartufi-03.jpg\" \/>\n\t<meta property=\"og:image:width\" content=\"1600\" \/>\n\t<meta property=\"og:image:height\" content=\"1600\" \/>\n\t<meta property=\"og:image:type\" content=\"image\/jpeg\" \/>\n<meta name=\"twitter:card\" content=\"summary_large_image\" \/>\n<meta name=\"twitter:label1\" content=\"Gesch\u00e4tzte Lesezeit\" \/>\n\t<meta name=\"twitter:data1\" content=\"1\u00a0Minute\" \/>\n<!-- \/ Yoast SEO plugin. -->","yoast_head_json":{"title":"Schl\u00fcsselanh\u00e4nger Acqualagna Tartufi - Tartufi e Sapori Shop online","description":"Portachiavi brandizzato Acqualagna Tartufi raffigurante l'iconico tartufo bianco della nostra terra. Realizzato a mano con prodotti naturali, \u00e8...","robots":{"index":"index","follow":"follow","max-snippet":"max-snippet:-1","max-image-preview":"max-image-preview:large","max-video-preview":"max-video-preview:-1"},"canonical":"https:\/\/tartufiesapori.com\/de\/produkt\/schluesselanhaenger-acqualagna-tartufi\/","og_locale":"de_DE","og_type":"article","og_title":"Schl\u00fcsselanh\u00e4nger Acqualagna Tartufi - Tartufi e Sapori Shop online","og_description":"Portachiavi brandizzato Acqualagna Tartufi raffigurante l'iconico tartufo bianco della nostra terra. Realizzato a mano con prodotti naturali, \u00e8...","og_url":"https:\/\/tartufiesapori.com\/de\/produkt\/schluesselanhaenger-acqualagna-tartufi\/","og_site_name":"Tartufi e Sapori Shop online","article_modified_time":"2024-12-18T16:26:06+00:00","og_image":[{"width":1600,"height":1600,"url":"https:\/\/tartufiesapori.com\/wp-content\/uploads\/2024\/12\/Portachiavi-Acqualagna-Tartufi-03.jpg","type":"image\/jpeg"}],"twitter_card":"summary_large_image","twitter_misc":{"Gesch\u00e4tzte Lesezeit":"1\u00a0Minute"},"schema":{"@context":"https:\/\/schema.org","@graph":[{"@type":"WebPage","@id":"https:\/\/tartufiesapori.com\/de\/produkt\/schluesselanhaenger-acqualagna-tartufi\/","url":"https:\/\/tartufiesapori.com\/de\/produkt\/schluesselanhaenger-acqualagna-tartufi\/","name":"Schl\u00fcsselanh\u00e4nger Acqualagna Tartufi - Tartufi e Sapori Shop online","isPartOf":{"@id":"https:\/\/tartufiesapori.com\/de\/#website"},"primaryImageOfPage":{"@id":"https:\/\/tartufiesapori.com\/de\/produkt\/schluesselanhaenger-acqualagna-tartufi\/#primaryimage"},"image":{"@id":"https:\/\/tartufiesapori.com\/de\/produkt\/schluesselanhaenger-acqualagna-tartufi\/#primaryimage"},"thumbnailUrl":"https:\/\/tartufiesapori.com\/wp-content\/uploads\/2024\/12\/Portachiavi-Acqualagna-Tartufi-03.jpg","datePublished":"2024-12-18T14:27:28+00:00","dateModified":"2024-12-18T16:26:06+00:00","description":"Portachiavi brandizzato Acqualagna Tartufi raffigurante l'iconico tartufo bianco della nostra terra. Realizzato a mano con prodotti naturali, \u00e8...","breadcrumb":{"@id":"https:\/\/tartufiesapori.com\/de\/produkt\/schluesselanhaenger-acqualagna-tartufi\/#breadcrumb"},"inLanguage":"de","potentialAction":[{"@type":"ReadAction","target":["https:\/\/tartufiesapori.com\/de\/produkt\/schluesselanhaenger-acqualagna-tartufi\/"]}]},{"@type":"ImageObject","inLanguage":"de","@id":"https:\/\/tartufiesapori.com\/de\/produkt\/schluesselanhaenger-acqualagna-tartufi\/#primaryimage","url":"https:\/\/tartufiesapori.com\/wp-content\/uploads\/2024\/12\/Portachiavi-Acqualagna-Tartufi-03.jpg","contentUrl":"https:\/\/tartufiesapori.com\/wp-content\/uploads\/2024\/12\/Portachiavi-Acqualagna-Tartufi-03.jpg","width":1600,"height":1600},{"@type":"BreadcrumbList","@id":"https:\/\/tartufiesapori.com\/de\/produkt\/schluesselanhaenger-acqualagna-tartufi\/#breadcrumb","itemListElement":[{"@type":"ListItem","position":1,"name":"Tartufi e Sapori","item":"https:\/\/tartufiesapori.com\/de\/"},{"@type":"ListItem","position":2,"name":"Shop","item":"https:\/\/tartufiesapori.com\/de\/shop\/"},{"@type":"ListItem","position":3,"name":"TRADITIONELLE LINIE","item":"https:\/\/tartufiesapori.com\/de\/produkt-kategorie\/traditionelle-linie\/"},{"@type":"ListItem","position":4,"name":"Zubeh\u00f6r &amp; Merchandising","item":"https:\/\/tartufiesapori.com\/de\/produkt-kategorie\/traditionelle-linie\/zubehor-merchandising\/"},{"@type":"ListItem","position":5,"name":"Schl\u00fcsselanh\u00e4nger Acqualagna Tartufi"}]},{"@type":"WebSite","@id":"https:\/\/tartufiesapori.com\/de\/#website","url":"https:\/\/tartufiesapori.com\/de\/","name":"Tartufi e Sapori Shop online","description":"Tartufi di Acqualagna","potentialAction":[{"@type":"SearchAction","target":{"@type":"EntryPoint","urlTemplate":"https:\/\/tartufiesapori.com\/de\/?s={search_term_string}"},"query-input":{"@type":"PropertyValueSpecification","valueRequired":true,"valueName":"search_term_string"}}],"inLanguage":"de"}]}},"_links":{"self":[{"href":"https:\/\/tartufiesapori.com\/de\/wp-json\/wp\/v2\/product\/59447","targetHints":{"allow":["GET"]}}],"collection":[{"href":"https:\/\/tartufiesapori.com\/de\/wp-json\/wp\/v2\/product"}],"about":[{"href":"https:\/\/tartufiesapori.com\/de\/wp-json\/wp\/v2\/types\/product"}],"wp:featuredmedia":[{"embeddable":true,"href":"https:\/\/tartufiesapori.com\/de\/wp-json\/wp\/v2\/media\/59456"}],"wp:attachment":[{"href":"https:\/\/tartufiesapori.com\/de\/wp-json\/wp\/v2\/media?parent=59447"}],"wp:term":[{"taxonomy":"product_brand","embeddable":true,"href":"https:\/\/tartufiesapori.com\/de\/wp-json\/wp\/v2\/product_brand?post=59447"},{"taxonomy":"product_cat","embeddable":true,"href":"https:\/\/tartufiesapori.com\/de\/wp-json\/wp\/v2\/product_cat?post=59447"},{"taxonomy":"product_tag","embeddable":true,"href":"https:\/\/tartufiesapori.com\/de\/wp-json\/wp\/v2\/product_tag?post=59447"}],"curies":[{"name":"wp","href":"https:\/\/api.w.org\/{rel}","templated":true}]}}