{"id":42916,"date":"2023-02-02T17:06:19","date_gmt":"2023-02-02T16:06:19","guid":{"rendered":"https:\/\/tartufiesapori.com\/?post_type=product&#038;p=42916"},"modified":"2025-09-25T08:37:13","modified_gmt":"2025-09-25T06:37:13","slug":"eingelegte-oliven","status":"publish","type":"product","link":"https:\/\/tartufiesapori.com\/de\/produkt\/eingelegte-oliven\/","title":{"rendered":"Bio-Eingelegte Oliven"},"content":{"rendered":"<p>Bio-Oliven in Salzlake werden bei der Ernte von Hand sorgf\u00e4ltig ausgew\u00e4hlt und in speziell vorbereiteter nat\u00fcrlicher Salzlake gereift. Sie haben einen delikaten, ausgewogenen Geschmack. Ideal f\u00fcr die Zubereitung von Aperitifs und Vorspeisen, ersten und zweiten G\u00e4ngen mit Fisch, Pizza und Focaccia.<\/p>\n<p>Bio-Oliven in Salzlake k\u00f6nnen verwendet werden, um einen Salat zu bereichern oder wichtige Fleischsekunden zu begleiten. Sie eignen sich auch hervorragend als Appetith\u00e4ppchen f\u00fcr einen schnellen Aperitif und werden auch bei reichhaltigen italienischen Vorspeisen zusammen mit Aufschnitt und K\u00e4se verwendet. Wir empfehlen, sie zusammen mit dem <a href=\"https:\/\/tartufiesapori.com\/de\/produkt\/ciauscolo\/\">Ciauscolo<\/a> und dem <a href=\"https:\/\/tartufiesapori.com\/de\/produkt\/casciotta-von-urbino\/\">Casciotta von Urbino<\/a> zu probieren.<\/p>\n<p><strong>Gewicht:<\/strong> 180 g (abgetropft)<\/p>\n<p><strong>Zutaten:<\/strong> Salz-Oliven* (Oliven*, Salz) 54%, Wasser 42%, Wein* 2%, Vollkorn-Meersalz 1% und Zitronensaft* 1%.<br \/>\n*= biologische Zutaten<\/p>\n<p><strong>Durchschnittliche N\u00e4hrwerte pro 100 g:<\/strong> Energie 142 kJ \/ 34 kcal, Fett 0,5 g, davon ges\u00e4ttigte Fetts\u00e4uren &lt; 0,1 g, Kohlenhydrate 6,6 g, davon Zucker 2,4 g, Ballaststoffe 0 g, Eiwei\u00df &lt; 0,5 g, Salz 0,4 g.<\/p>\n<p><strong>Lagerung:<\/strong> k\u00fchl und trocken lagern, bis zum Datum im Produkt<\/p>\n<p><strong>Auftragsabwicklung und Lieferung:<\/strong> Die Bestellungen werden innerhalb von 2\/3 Werktagen nach Erhalt bearbeitet; die Ware wird in 24\/48 Stunden geliefert, je nach Bestimmungsort und Verf\u00fcgbarkeit der Spediteure.<\/p>\n<p><em>Verpassen Sie nicht alle\u00a0<a href=\"https:\/\/tartufiesapori.com\/de\/product-category\/traditionelle-linie\/typische-produkte-der-marken\/?lang=de\">typischen Produkte der Region Marken,<\/a>\u00a0eine Kombination von Aromen zu entdecken!<\/em><\/p>\n","protected":false},"excerpt":{"rendered":"<p>Bio-Oliven in Salzlake werden bei der Ernte von Hand sorgf\u00e4ltig ausgew\u00e4hlt und in speziell vorbereiteter nat\u00fcrlicher Salzlake gereift. Sie haben einen delikaten, ausgewogenen Geschmack. Ideal f\u00fcr die Zubereitung von Aperitifs und Vorspeisen, ersten und zweiten G\u00e4ngen mit Fisch, Pizza und Focaccia. Bio-Oliven in Salzlake k\u00f6nnen verwendet werden, um einen Salat zu bereichern oder wichtige Fleischsekunden&hellip;<\/p>\n","protected":false},"featured_media":42926,"template":"","meta":{"_acf_changed":false},"product_brand":[],"product_cat":[1261,1576],"product_tag":[],"class_list":{"0":"post-42916","1":"product","2":"type-product","3":"status-publish","4":"has-post-thumbnail","6":"product_cat-traditionelle-linie","7":"product_cat-typische-produkte-der-marken","9":"first","10":"instock","11":"taxable","12":"shipping-taxable","13":"purchasable","14":"product-type-simple"},"acf":[],"yoast_head":"<!-- This site is optimized with the Yoast SEO plugin v27.3 - https:\/\/yoast.com\/product\/yoast-seo-wordpress\/ -->\n<title>Bio-Eingelegte Oliven - Tartufi e Sapori Shop online<\/title>\n<meta name=\"description\" content=\"Bio-Oliven in Salzlake werden bei der Ernte von Hand sorgf\u00e4ltig ausgew\u00e4hlt und in speziell vorbereiteter nat\u00fcrlicher Salzlake gereift. Sie haben einen delikaten, ausgewogenen Geschmack...\" \/>\n<meta name=\"robots\" content=\"index, follow, max-snippet:-1, max-image-preview:large, max-video-preview:-1\" \/>\n<link rel=\"canonical\" href=\"https:\/\/tartufiesapori.com\/de\/produkt\/eingelegte-oliven\/\" \/>\n<meta property=\"og:locale\" content=\"de_DE\" \/>\n<meta property=\"og:type\" content=\"article\" \/>\n<meta property=\"og:title\" content=\"Bio-Eingelegte Oliven - Tartufi e Sapori Shop online\" \/>\n<meta property=\"og:description\" content=\"Bio-Oliven in Salzlake werden bei der Ernte von Hand sorgf\u00e4ltig ausgew\u00e4hlt und in speziell vorbereiteter nat\u00fcrlicher Salzlake gereift. Sie haben einen delikaten, ausgewogenen Geschmack...\" \/>\n<meta property=\"og:url\" content=\"https:\/\/tartufiesapori.com\/de\/produkt\/eingelegte-oliven\/\" \/>\n<meta property=\"og:site_name\" content=\"Tartufi e Sapori Shop online\" \/>\n<meta property=\"article:modified_time\" content=\"2025-09-25T06:37:13+00:00\" \/>\n<meta property=\"og:image\" content=\"https:\/\/tartufiesapori.com\/wp-content\/uploads\/2023\/02\/GALIARDI-olive-salamoia-1.jpg\" \/>\n\t<meta property=\"og:image:width\" content=\"1600\" \/>\n\t<meta property=\"og:image:height\" content=\"1600\" \/>\n\t<meta property=\"og:image:type\" content=\"image\/jpeg\" \/>\n<meta name=\"twitter:card\" content=\"summary_large_image\" \/>\n<meta name=\"twitter:label1\" content=\"Gesch\u00e4tzte Lesezeit\" \/>\n\t<meta name=\"twitter:data1\" content=\"2\u00a0Minuten\" \/>\n<!-- \/ Yoast SEO plugin. -->","yoast_head_json":{"title":"Bio-Eingelegte Oliven - Tartufi e Sapori Shop online","description":"Bio-Oliven in Salzlake werden bei der Ernte von Hand sorgf\u00e4ltig ausgew\u00e4hlt und in speziell vorbereiteter nat\u00fcrlicher Salzlake gereift. Sie haben einen delikaten, ausgewogenen Geschmack...","robots":{"index":"index","follow":"follow","max-snippet":"max-snippet:-1","max-image-preview":"max-image-preview:large","max-video-preview":"max-video-preview:-1"},"canonical":"https:\/\/tartufiesapori.com\/de\/produkt\/eingelegte-oliven\/","og_locale":"de_DE","og_type":"article","og_title":"Bio-Eingelegte Oliven - Tartufi e Sapori Shop online","og_description":"Bio-Oliven in Salzlake werden bei der Ernte von Hand sorgf\u00e4ltig ausgew\u00e4hlt und in speziell vorbereiteter nat\u00fcrlicher Salzlake gereift. Sie haben einen delikaten, ausgewogenen Geschmack...","og_url":"https:\/\/tartufiesapori.com\/de\/produkt\/eingelegte-oliven\/","og_site_name":"Tartufi e Sapori Shop online","article_modified_time":"2025-09-25T06:37:13+00:00","og_image":[{"width":1600,"height":1600,"url":"https:\/\/tartufiesapori.com\/wp-content\/uploads\/2023\/02\/GALIARDI-olive-salamoia-1.jpg","type":"image\/jpeg"}],"twitter_card":"summary_large_image","twitter_misc":{"Gesch\u00e4tzte Lesezeit":"2\u00a0Minuten"},"schema":{"@context":"https:\/\/schema.org","@graph":[{"@type":"WebPage","@id":"https:\/\/tartufiesapori.com\/de\/produkt\/eingelegte-oliven\/","url":"https:\/\/tartufiesapori.com\/de\/produkt\/eingelegte-oliven\/","name":"Bio-Eingelegte Oliven - Tartufi e Sapori Shop online","isPartOf":{"@id":"https:\/\/tartufiesapori.com\/de\/#website"},"primaryImageOfPage":{"@id":"https:\/\/tartufiesapori.com\/de\/produkt\/eingelegte-oliven\/#primaryimage"},"image":{"@id":"https:\/\/tartufiesapori.com\/de\/produkt\/eingelegte-oliven\/#primaryimage"},"thumbnailUrl":"https:\/\/tartufiesapori.com\/wp-content\/uploads\/2023\/02\/GALIARDI-olive-salamoia-1.jpg","datePublished":"2023-02-02T16:06:19+00:00","dateModified":"2025-09-25T06:37:13+00:00","description":"Bio-Oliven in Salzlake werden bei der Ernte von Hand sorgf\u00e4ltig ausgew\u00e4hlt und in speziell vorbereiteter nat\u00fcrlicher Salzlake gereift. Sie haben einen delikaten, ausgewogenen Geschmack...","breadcrumb":{"@id":"https:\/\/tartufiesapori.com\/de\/produkt\/eingelegte-oliven\/#breadcrumb"},"inLanguage":"de","potentialAction":[{"@type":"ReadAction","target":["https:\/\/tartufiesapori.com\/de\/produkt\/eingelegte-oliven\/"]}]},{"@type":"ImageObject","inLanguage":"de","@id":"https:\/\/tartufiesapori.com\/de\/produkt\/eingelegte-oliven\/#primaryimage","url":"https:\/\/tartufiesapori.com\/wp-content\/uploads\/2023\/02\/GALIARDI-olive-salamoia-1.jpg","contentUrl":"https:\/\/tartufiesapori.com\/wp-content\/uploads\/2023\/02\/GALIARDI-olive-salamoia-1.jpg","width":1600,"height":1600},{"@type":"BreadcrumbList","@id":"https:\/\/tartufiesapori.com\/de\/produkt\/eingelegte-oliven\/#breadcrumb","itemListElement":[{"@type":"ListItem","position":1,"name":"Tartufi e Sapori","item":"https:\/\/tartufiesapori.com\/de\/"},{"@type":"ListItem","position":2,"name":"Shop","item":"https:\/\/tartufiesapori.com\/de\/shop\/"},{"@type":"ListItem","position":3,"name":"TRADITIONELLE LINIE","item":"https:\/\/tartufiesapori.com\/de\/produkt-kategorie\/traditionelle-linie\/"},{"@type":"ListItem","position":4,"name":"typische Produkte der Marken","item":"https:\/\/tartufiesapori.com\/de\/produkt-kategorie\/traditionelle-linie\/typische-produkte-der-marken\/"},{"@type":"ListItem","position":5,"name":"Bio-Eingelegte Oliven"}]},{"@type":"WebSite","@id":"https:\/\/tartufiesapori.com\/de\/#website","url":"https:\/\/tartufiesapori.com\/de\/","name":"Tartufi e Sapori Shop online","description":"Tartufi di Acqualagna","potentialAction":[{"@type":"SearchAction","target":{"@type":"EntryPoint","urlTemplate":"https:\/\/tartufiesapori.com\/de\/?s={search_term_string}"},"query-input":{"@type":"PropertyValueSpecification","valueRequired":true,"valueName":"search_term_string"}}],"inLanguage":"de"}]}},"_links":{"self":[{"href":"https:\/\/tartufiesapori.com\/de\/wp-json\/wp\/v2\/product\/42916","targetHints":{"allow":["GET"]}}],"collection":[{"href":"https:\/\/tartufiesapori.com\/de\/wp-json\/wp\/v2\/product"}],"about":[{"href":"https:\/\/tartufiesapori.com\/de\/wp-json\/wp\/v2\/types\/product"}],"wp:featuredmedia":[{"embeddable":true,"href":"https:\/\/tartufiesapori.com\/de\/wp-json\/wp\/v2\/media\/42926"}],"wp:attachment":[{"href":"https:\/\/tartufiesapori.com\/de\/wp-json\/wp\/v2\/media?parent=42916"}],"wp:term":[{"taxonomy":"product_brand","embeddable":true,"href":"https:\/\/tartufiesapori.com\/de\/wp-json\/wp\/v2\/product_brand?post=42916"},{"taxonomy":"product_cat","embeddable":true,"href":"https:\/\/tartufiesapori.com\/de\/wp-json\/wp\/v2\/product_cat?post=42916"},{"taxonomy":"product_tag","embeddable":true,"href":"https:\/\/tartufiesapori.com\/de\/wp-json\/wp\/v2\/product_tag?post=42916"}],"curies":[{"name":"wp","href":"https:\/\/api.w.org\/{rel}","templated":true}]}}