{"id":28445,"date":"2014-08-07T15:04:22","date_gmt":"2014-08-07T13:04:22","guid":{"rendered":"https:\/\/tartufiesapori.com\/product\/natives-olivenol-extra-wurzung-aus-weisen-truffel-65-ml\/"},"modified":"2025-12-22T10:36:46","modified_gmt":"2025-12-22T09:36:46","slug":"bio-natives-olivenol-extra-wurzung-aus-weisen-truffel-65-ml","status":"publish","type":"product","link":"https:\/\/tartufiesapori.com\/de\/produkt\/bio-natives-olivenol-extra-wurzung-aus-weisen-truffel-65-ml\/","title":{"rendered":"Bio natives Oliven\u00f6l extra W\u00fcrzung aromatisiert aus wei\u00dfen Tr\u00fcffel"},"content":{"rendered":"<p>Gew\u00fcrz aus 100% italienischem Bio-Oliven\u00f6l extra vergine mit nur nat\u00fcrlichen Aromen. Ein echtes und zartes Produkt mit einem unverwechselbaren Duft, eine W\u00fcrze, die alle Ihre Gerichte begleiten wird. Sie k\u00f6nnen dieses biologische Tr\u00fcffel\u00f6l verwenden, um die Pasta zu w\u00fcrzen oder um leckere und k\u00f6stliche Bruschetta zu machen. Seine Eigenschaften machen es auch perfekt, um Ihr Fleisch zu w\u00fcrzen.<\/p>\n<p>Innerhalb unserer Bio-Linie finden Sie auch andere Produkte wie <a href=\"https:\/\/tartufiesapori.com\/de\/produkt\/bio-truffelsose\/\">Tr\u00fcffelsauce,<\/a> <a href=\"https:\/\/tartufiesapori.com\/de\/produkt\/bio-sauce-von-steinpilzen-mit-truffel\/\"><span class=\"fl-heading-text\">Bio-Sauce von Steinpilzen mit Tr\u00fcffel,<\/span><\/a>\u00a0<a href=\"https:\/\/tartufiesapori.com\/de\/produkt\/biologische-sose-mit-sahne-kase-und-truffel\/\">Sahnesauce, K\u00e4se und Tr\u00fcffel,<\/a> <a href=\"https:\/\/tartufiesapori.com\/de\/produkt\/bio-ganzer-schwarzer-sommertruffel-25-g\/\">schwarze ganze Sommertr\u00fcffel,<\/a> <a href=\"https:\/\/tartufiesapori.com\/de\/produkt\/biologischer-schwarzer-sommertruffel-scheiben-50-g\/\">schwarze geschnittene Sommertr\u00fcffel<\/a> und <a href=\"https:\/\/tartufiesapori.com\/de\/produkt\/bio-sommertruffelcreme-50-g\/\">Sommertr\u00fcffelcreme.<\/a><\/p>\n<p><strong>Gewicht: <\/strong>65 ml<strong><br \/>\n<\/strong><\/p>\n<p><strong>Zutaten:<\/strong> Oliven\u00f6l extra vergine* 99%, nat\u00fcrliches wei\u00dfes Tr\u00fcffelaroma*.<br \/>\n*= Bio<\/p>\n<p><strong>Durchschnittliche N\u00e4hrwerte pro 100 g:<\/strong> Energie 3404 kJ \/ 828 kcal, Fett 92 g, davon ges\u00e4ttigte Fetts\u00e4uren 14 g, Kohlenhydrate 0 g, davon Zucker 0 g, Ballaststoffe 0 g, Eiwei\u00df 0 g, Salz 0,02 g.<\/p>\n<p><strong>Lagerung:<\/strong> 18 Monate ab Produktionsdatum bei Raumtemperatur, an einem k\u00fchlen und trocken Ort fern von W\u00e4rmequellen lagern.<\/p>\n<p><strong>Auftragsbearbeitung und Lieferung:<\/strong> Bestellungen werden innerhalb von 2\/3 Werktagen nach Eingang bearbeitet; die Ware wird in 24\/48 Stunden geliefert, je nach Zielort und Verf\u00fcgbarkeit der Paketdienst.<\/p>\n<p><em>Auf unserer Unternehmenswebsite finden Sie verschiedene\u00a0<a href=\"https:\/\/www.acqualagnatartufi.com\/de\/rezepten\/\">Rezepte,<\/a>\u00a0die Ihnen verschiedene Tipps geben, wie Sie unsere Tr\u00fcffel genie\u00dfen k\u00f6nnen!<\/em><\/p>\n","protected":false},"excerpt":{"rendered":"<p>natives Oliven\u00f6l extra W\u00fcrzung aus wei\u00dfen Tr\u00fcffel<\/p>\n","protected":false},"featured_media":51142,"template":"","meta":{"_acf_changed":false},"product_brand":[],"product_cat":[856],"product_tag":[],"class_list":{"0":"post-28445","1":"product","2":"type-product","3":"status-publish","4":"has-post-thumbnail","6":"product_cat-bio-linie","8":"first","9":"outofstock","10":"taxable","11":"shipping-taxable","12":"purchasable","13":"product-type-simple"},"acf":[],"yoast_head":"<!-- This site is optimized with the Yoast SEO plugin v27.3 - https:\/\/yoast.com\/product\/yoast-seo-wordpress\/ -->\n<title>Bio natives Oliven\u00f6l extra W\u00fcrzung aromatisiert aus wei\u00dfen Tr\u00fcffel - Tartufi e Sapori Shop online<\/title>\n<meta name=\"description\" content=\"W\u00fcrzung auf der Basis von nativem Oliven\u00f6l extra BIO, 100% italienisch, nur mit nat\u00fcrlichen Aromen.\" \/>\n<meta name=\"robots\" content=\"index, follow, max-snippet:-1, max-image-preview:large, max-video-preview:-1\" \/>\n<link rel=\"canonical\" href=\"https:\/\/tartufiesapori.com\/de\/produkt\/bio-natives-olivenol-extra-wurzung-aus-weisen-truffel-65-ml\/\" \/>\n<meta property=\"og:locale\" content=\"de_DE\" \/>\n<meta property=\"og:type\" content=\"article\" \/>\n<meta property=\"og:title\" content=\"Bio natives Oliven\u00f6l extra W\u00fcrzung aromatisiert aus wei\u00dfen Tr\u00fcffel - Tartufi e Sapori Shop online\" \/>\n<meta property=\"og:description\" content=\"W\u00fcrzung auf der Basis von nativem Oliven\u00f6l extra BIO, 100% italienisch, nur mit nat\u00fcrlichen Aromen.\" \/>\n<meta property=\"og:url\" content=\"https:\/\/tartufiesapori.com\/de\/produkt\/bio-natives-olivenol-extra-wurzung-aus-weisen-truffel-65-ml\/\" \/>\n<meta property=\"og:site_name\" content=\"Tartufi e Sapori Shop online\" \/>\n<meta property=\"article:modified_time\" content=\"2025-12-22T09:36:46+00:00\" \/>\n<meta property=\"og:image\" content=\"https:\/\/tartufiesapori.com\/wp-content\/uploads\/2014\/08\/Olio-tartufo-bianco-bio-65-2.jpg\" \/>\n\t<meta property=\"og:image:width\" content=\"1600\" \/>\n\t<meta property=\"og:image:height\" content=\"1600\" \/>\n\t<meta property=\"og:image:type\" content=\"image\/jpeg\" \/>\n<meta name=\"twitter:card\" content=\"summary_large_image\" \/>\n<meta name=\"twitter:label1\" content=\"Gesch\u00e4tzte Lesezeit\" \/>\n\t<meta name=\"twitter:data1\" content=\"2\u00a0Minuten\" \/>\n<!-- \/ Yoast SEO plugin. -->","yoast_head_json":{"title":"Bio natives Oliven\u00f6l extra W\u00fcrzung aromatisiert aus wei\u00dfen Tr\u00fcffel - Tartufi e Sapori Shop online","description":"W\u00fcrzung auf der Basis von nativem Oliven\u00f6l extra BIO, 100% italienisch, nur mit nat\u00fcrlichen Aromen.","robots":{"index":"index","follow":"follow","max-snippet":"max-snippet:-1","max-image-preview":"max-image-preview:large","max-video-preview":"max-video-preview:-1"},"canonical":"https:\/\/tartufiesapori.com\/de\/produkt\/bio-natives-olivenol-extra-wurzung-aus-weisen-truffel-65-ml\/","og_locale":"de_DE","og_type":"article","og_title":"Bio natives Oliven\u00f6l extra W\u00fcrzung aromatisiert aus wei\u00dfen Tr\u00fcffel - Tartufi e Sapori Shop online","og_description":"W\u00fcrzung auf der Basis von nativem Oliven\u00f6l extra BIO, 100% italienisch, nur mit nat\u00fcrlichen Aromen.","og_url":"https:\/\/tartufiesapori.com\/de\/produkt\/bio-natives-olivenol-extra-wurzung-aus-weisen-truffel-65-ml\/","og_site_name":"Tartufi e Sapori Shop online","article_modified_time":"2025-12-22T09:36:46+00:00","og_image":[{"width":1600,"height":1600,"url":"https:\/\/tartufiesapori.com\/wp-content\/uploads\/2014\/08\/Olio-tartufo-bianco-bio-65-2.jpg","type":"image\/jpeg"}],"twitter_card":"summary_large_image","twitter_misc":{"Gesch\u00e4tzte Lesezeit":"2\u00a0Minuten"},"schema":{"@context":"https:\/\/schema.org","@graph":[{"@type":"WebPage","@id":"https:\/\/tartufiesapori.com\/de\/produkt\/bio-natives-olivenol-extra-wurzung-aus-weisen-truffel-65-ml\/","url":"https:\/\/tartufiesapori.com\/de\/produkt\/bio-natives-olivenol-extra-wurzung-aus-weisen-truffel-65-ml\/","name":"Bio natives Oliven\u00f6l extra W\u00fcrzung aromatisiert aus wei\u00dfen Tr\u00fcffel - Tartufi e Sapori Shop online","isPartOf":{"@id":"https:\/\/tartufiesapori.com\/de\/#website"},"primaryImageOfPage":{"@id":"https:\/\/tartufiesapori.com\/de\/produkt\/bio-natives-olivenol-extra-wurzung-aus-weisen-truffel-65-ml\/#primaryimage"},"image":{"@id":"https:\/\/tartufiesapori.com\/de\/produkt\/bio-natives-olivenol-extra-wurzung-aus-weisen-truffel-65-ml\/#primaryimage"},"thumbnailUrl":"https:\/\/tartufiesapori.com\/wp-content\/uploads\/2014\/08\/Olio-tartufo-bianco-bio-65-2.jpg","datePublished":"2014-08-07T13:04:22+00:00","dateModified":"2025-12-22T09:36:46+00:00","description":"W\u00fcrzung auf der Basis von nativem Oliven\u00f6l extra BIO, 100% italienisch, nur mit nat\u00fcrlichen Aromen.","breadcrumb":{"@id":"https:\/\/tartufiesapori.com\/de\/produkt\/bio-natives-olivenol-extra-wurzung-aus-weisen-truffel-65-ml\/#breadcrumb"},"inLanguage":"de","potentialAction":[{"@type":"ReadAction","target":["https:\/\/tartufiesapori.com\/de\/produkt\/bio-natives-olivenol-extra-wurzung-aus-weisen-truffel-65-ml\/"]}]},{"@type":"ImageObject","inLanguage":"de","@id":"https:\/\/tartufiesapori.com\/de\/produkt\/bio-natives-olivenol-extra-wurzung-aus-weisen-truffel-65-ml\/#primaryimage","url":"https:\/\/tartufiesapori.com\/wp-content\/uploads\/2014\/08\/Olio-tartufo-bianco-bio-65-2.jpg","contentUrl":"https:\/\/tartufiesapori.com\/wp-content\/uploads\/2014\/08\/Olio-tartufo-bianco-bio-65-2.jpg","width":1600,"height":1600},{"@type":"BreadcrumbList","@id":"https:\/\/tartufiesapori.com\/de\/produkt\/bio-natives-olivenol-extra-wurzung-aus-weisen-truffel-65-ml\/#breadcrumb","itemListElement":[{"@type":"ListItem","position":1,"name":"Tartufi e Sapori","item":"https:\/\/tartufiesapori.com\/de\/"},{"@type":"ListItem","position":2,"name":"Shop","item":"https:\/\/tartufiesapori.com\/de\/shop\/"},{"@type":"ListItem","position":3,"name":"BIO-LINIE","item":"https:\/\/tartufiesapori.com\/de\/produkt-kategorie\/bio-linie\/"},{"@type":"ListItem","position":4,"name":"Bio natives Oliven\u00f6l extra W\u00fcrzung aromatisiert aus wei\u00dfen Tr\u00fcffel"}]},{"@type":"WebSite","@id":"https:\/\/tartufiesapori.com\/de\/#website","url":"https:\/\/tartufiesapori.com\/de\/","name":"Tartufi e Sapori Shop online","description":"Tartufi di Acqualagna","potentialAction":[{"@type":"SearchAction","target":{"@type":"EntryPoint","urlTemplate":"https:\/\/tartufiesapori.com\/de\/?s={search_term_string}"},"query-input":{"@type":"PropertyValueSpecification","valueRequired":true,"valueName":"search_term_string"}}],"inLanguage":"de"}]}},"_links":{"self":[{"href":"https:\/\/tartufiesapori.com\/de\/wp-json\/wp\/v2\/product\/28445","targetHints":{"allow":["GET"]}}],"collection":[{"href":"https:\/\/tartufiesapori.com\/de\/wp-json\/wp\/v2\/product"}],"about":[{"href":"https:\/\/tartufiesapori.com\/de\/wp-json\/wp\/v2\/types\/product"}],"wp:featuredmedia":[{"embeddable":true,"href":"https:\/\/tartufiesapori.com\/de\/wp-json\/wp\/v2\/media\/51142"}],"wp:attachment":[{"href":"https:\/\/tartufiesapori.com\/de\/wp-json\/wp\/v2\/media?parent=28445"}],"wp:term":[{"taxonomy":"product_brand","embeddable":true,"href":"https:\/\/tartufiesapori.com\/de\/wp-json\/wp\/v2\/product_brand?post=28445"},{"taxonomy":"product_cat","embeddable":true,"href":"https:\/\/tartufiesapori.com\/de\/wp-json\/wp\/v2\/product_cat?post=28445"},{"taxonomy":"product_tag","embeddable":true,"href":"https:\/\/tartufiesapori.com\/de\/wp-json\/wp\/v2\/product_tag?post=28445"}],"curies":[{"name":"wp","href":"https:\/\/api.w.org\/{rel}","templated":true}]}}