{"id":28397,"date":"2020-12-09T20:14:12","date_gmt":"2020-12-09T19:14:12","guid":{"rendered":"https:\/\/tartufiesapori.com\/product\/wurzung\/"},"modified":"2025-12-22T15:56:48","modified_gmt":"2025-12-22T14:56:48","slug":"natives-olivenol-extra-wurzung-aus-weisen-truffel-100-ml-spray","status":"publish","type":"product","link":"https:\/\/tartufiesapori.com\/de\/produkt\/natives-olivenol-extra-wurzung-aus-weisen-truffel-100-ml-spray\/","title":{"rendered":"W\u00fcrze auf Basis von nativem Oliven\u00f6l extra aromatisiert aus weissen Tr\u00fcffel spray (gourmet)"},"content":{"rendered":"<p>Das wei\u00dfe Tr\u00fcffel\u00f6l ist ein ausgezeichnetes Gew\u00fcrz auf der Basis von extra nativem Oliven\u00f6l mit wei\u00dfem Tr\u00fcffel. Zart und mit einem duftenden Aroma ist es ein perfektes Gew\u00fcrz, das zu jedem Gericht wie Eiern, Croutons, ersten G\u00e4ngen oder Pizzen w\u00fcrzen kann. Ein paar Tropfen gen\u00fcgen, um den unverwechselbaren Tr\u00fcffelduft zu entfalten. Dank seiner Eigenschaften wird dieses \u00d6l Ihre Tr\u00fcffelgerichte einzigartig machen. Ein Muss, um gebratenes Fleisch zu w\u00fcrzen.<\/p>\n<p>Neben dem wei\u00dfen Tr\u00fcffel\u00f6l der Gourmet-Linie empfehlen wir Ihnen, unsere <a href=\"https:\/\/tartufiesapori.com\/de\/product-category\/traditionelle-linie\/truffelwurzung\/\">Tr\u00fcffeldressings<\/a> nicht zu verpassen.<\/p>\n<p><strong>Gewicht: <\/strong>spray 100 ml<\/p>\n<p><strong>Zutaten:<\/strong>\u00a095 % natives Oliven\u00f6l extra, 5 % Aroma.<\/p>\n<p><strong>Durchschnittliche N\u00e4hrwerte pro 100 g:<\/strong>\u00a0Energie 3404 kJ \/ 828 kcal, Fett 92 g, davon ges\u00e4ttigte Fetts\u00e4uren 14 g, Kohlenhydrate 0 g, davon Zucker 0 g, Ballaststoffe 0 g, Eiwei\u00df 0 g, Salz 0,02 g.<\/p>\n<p><strong>Lagerung:<\/strong> 18 Monate ab Produktionsdatum bei Raumtemperatur. An einem k\u00fchlen Ort, fern von W\u00e4rme- und Lichtquellen lagern.<\/p>\n<p><strong>Auftragsbearbeitung und Lieferung<\/strong>: Bestellungen werden innerhalb von 2\/3 Werktagen nach Eingang bearbeitet; die Ware wird in 24\/48 Stunden geliefert, je nach Zielort und Verf\u00fcgbarkeit der Paketdienst.<\/p>\n<p><em>Auf unserer Unternehmenswebsite finden Sie verschiedene\u00a0<a href=\"https:\/\/www.acqualagnatartufi.com\/de\/rezepten\/\">Rezepte,<\/a>\u00a0die Ihnen verschiedene Tipps geben, wie Sie unsere Tr\u00fcffel genie\u00dfen k\u00f6nnen!<\/em><\/p>\n","protected":false},"excerpt":{"rendered":"<p>natives Oliven\u00f6l extra W\u00fcrzung aus wei\u00dfen Tr\u00fcffel 100 ml spray<\/p>\n","protected":false},"featured_media":68167,"template":"","meta":{"_acf_changed":false},"product_brand":[],"product_cat":[843],"product_tag":[],"class_list":{"0":"post-28397","1":"product","2":"type-product","3":"status-publish","4":"has-post-thumbnail","6":"product_cat-gourmet-linie","8":"first","9":"instock","10":"taxable","11":"shipping-taxable","12":"purchasable","13":"product-type-simple"},"acf":[],"yoast_head":"<!-- This site is optimized with the Yoast SEO plugin v27.3 - https:\/\/yoast.com\/product\/yoast-seo-wordpress\/ -->\n<title>W\u00fcrze auf Basis von nativem Oliven\u00f6l extra aromatisiert aus weissen Tr\u00fcffel spray (gourmet) - Tartufi e Sapori Shop online<\/title>\n<meta name=\"description\" content=\"Eine ausgezeichnete W\u00fcrzung auf der Basis von nativem Oliven\u00f6l extra, das mit wei\u00dfem Tr\u00fcffel aromatisiert ist.\" \/>\n<meta name=\"robots\" content=\"index, follow, max-snippet:-1, max-image-preview:large, max-video-preview:-1\" \/>\n<link rel=\"canonical\" href=\"https:\/\/tartufiesapori.com\/de\/produkt\/natives-olivenol-extra-wurzung-aus-weisen-truffel-100-ml-spray\/\" \/>\n<meta property=\"og:locale\" content=\"de_DE\" \/>\n<meta property=\"og:type\" content=\"article\" \/>\n<meta property=\"og:title\" content=\"W\u00fcrze auf Basis von nativem Oliven\u00f6l extra aromatisiert aus weissen Tr\u00fcffel spray (gourmet) - Tartufi e Sapori Shop online\" \/>\n<meta property=\"og:description\" content=\"Eine ausgezeichnete W\u00fcrzung auf der Basis von nativem Oliven\u00f6l extra, das mit wei\u00dfem Tr\u00fcffel aromatisiert ist.\" \/>\n<meta property=\"og:url\" content=\"https:\/\/tartufiesapori.com\/de\/produkt\/natives-olivenol-extra-wurzung-aus-weisen-truffel-100-ml-spray\/\" \/>\n<meta property=\"og:site_name\" content=\"Tartufi e Sapori Shop online\" \/>\n<meta property=\"article:modified_time\" content=\"2025-12-22T14:56:48+00:00\" \/>\n<meta property=\"og:image\" content=\"https:\/\/tartufiesapori.com\/wp-content\/uploads\/2020\/12\/Olio-bianco-spray-gourmet-100.jpg\" \/>\n\t<meta property=\"og:image:width\" content=\"1080\" \/>\n\t<meta property=\"og:image:height\" content=\"1080\" \/>\n\t<meta property=\"og:image:type\" content=\"image\/jpeg\" \/>\n<meta name=\"twitter:card\" content=\"summary_large_image\" \/>\n<meta name=\"twitter:label1\" content=\"Gesch\u00e4tzte Lesezeit\" \/>\n\t<meta name=\"twitter:data1\" content=\"2\u00a0Minuten\" \/>\n<!-- \/ Yoast SEO plugin. -->","yoast_head_json":{"title":"W\u00fcrze auf Basis von nativem Oliven\u00f6l extra aromatisiert aus weissen Tr\u00fcffel spray (gourmet) - Tartufi e Sapori Shop online","description":"Eine ausgezeichnete W\u00fcrzung auf der Basis von nativem Oliven\u00f6l extra, das mit wei\u00dfem Tr\u00fcffel aromatisiert ist.","robots":{"index":"index","follow":"follow","max-snippet":"max-snippet:-1","max-image-preview":"max-image-preview:large","max-video-preview":"max-video-preview:-1"},"canonical":"https:\/\/tartufiesapori.com\/de\/produkt\/natives-olivenol-extra-wurzung-aus-weisen-truffel-100-ml-spray\/","og_locale":"de_DE","og_type":"article","og_title":"W\u00fcrze auf Basis von nativem Oliven\u00f6l extra aromatisiert aus weissen Tr\u00fcffel spray (gourmet) - Tartufi e Sapori Shop online","og_description":"Eine ausgezeichnete W\u00fcrzung auf der Basis von nativem Oliven\u00f6l extra, das mit wei\u00dfem Tr\u00fcffel aromatisiert ist.","og_url":"https:\/\/tartufiesapori.com\/de\/produkt\/natives-olivenol-extra-wurzung-aus-weisen-truffel-100-ml-spray\/","og_site_name":"Tartufi e Sapori Shop online","article_modified_time":"2025-12-22T14:56:48+00:00","og_image":[{"width":1080,"height":1080,"url":"https:\/\/tartufiesapori.com\/wp-content\/uploads\/2020\/12\/Olio-bianco-spray-gourmet-100.jpg","type":"image\/jpeg"}],"twitter_card":"summary_large_image","twitter_misc":{"Gesch\u00e4tzte Lesezeit":"2\u00a0Minuten"},"schema":{"@context":"https:\/\/schema.org","@graph":[{"@type":"WebPage","@id":"https:\/\/tartufiesapori.com\/de\/produkt\/natives-olivenol-extra-wurzung-aus-weisen-truffel-100-ml-spray\/","url":"https:\/\/tartufiesapori.com\/de\/produkt\/natives-olivenol-extra-wurzung-aus-weisen-truffel-100-ml-spray\/","name":"W\u00fcrze auf Basis von nativem Oliven\u00f6l extra aromatisiert aus weissen Tr\u00fcffel spray (gourmet) - Tartufi e Sapori Shop online","isPartOf":{"@id":"https:\/\/tartufiesapori.com\/de\/#website"},"primaryImageOfPage":{"@id":"https:\/\/tartufiesapori.com\/de\/produkt\/natives-olivenol-extra-wurzung-aus-weisen-truffel-100-ml-spray\/#primaryimage"},"image":{"@id":"https:\/\/tartufiesapori.com\/de\/produkt\/natives-olivenol-extra-wurzung-aus-weisen-truffel-100-ml-spray\/#primaryimage"},"thumbnailUrl":"https:\/\/tartufiesapori.com\/wp-content\/uploads\/2020\/12\/Olio-bianco-spray-gourmet-100.jpg","datePublished":"2020-12-09T19:14:12+00:00","dateModified":"2025-12-22T14:56:48+00:00","description":"Eine ausgezeichnete W\u00fcrzung auf der Basis von nativem Oliven\u00f6l extra, das mit wei\u00dfem Tr\u00fcffel aromatisiert ist.","breadcrumb":{"@id":"https:\/\/tartufiesapori.com\/de\/produkt\/natives-olivenol-extra-wurzung-aus-weisen-truffel-100-ml-spray\/#breadcrumb"},"inLanguage":"de","potentialAction":[{"@type":"ReadAction","target":["https:\/\/tartufiesapori.com\/de\/produkt\/natives-olivenol-extra-wurzung-aus-weisen-truffel-100-ml-spray\/"]}]},{"@type":"ImageObject","inLanguage":"de","@id":"https:\/\/tartufiesapori.com\/de\/produkt\/natives-olivenol-extra-wurzung-aus-weisen-truffel-100-ml-spray\/#primaryimage","url":"https:\/\/tartufiesapori.com\/wp-content\/uploads\/2020\/12\/Olio-bianco-spray-gourmet-100.jpg","contentUrl":"https:\/\/tartufiesapori.com\/wp-content\/uploads\/2020\/12\/Olio-bianco-spray-gourmet-100.jpg","width":1080,"height":1080},{"@type":"BreadcrumbList","@id":"https:\/\/tartufiesapori.com\/de\/produkt\/natives-olivenol-extra-wurzung-aus-weisen-truffel-100-ml-spray\/#breadcrumb","itemListElement":[{"@type":"ListItem","position":1,"name":"Tartufi e Sapori","item":"https:\/\/tartufiesapori.com\/de\/"},{"@type":"ListItem","position":2,"name":"Shop","item":"https:\/\/tartufiesapori.com\/de\/shop\/"},{"@type":"ListItem","position":3,"name":"GOURMET-LINIE","item":"https:\/\/tartufiesapori.com\/de\/produkt-kategorie\/gourmet-linie\/"},{"@type":"ListItem","position":4,"name":"W\u00fcrze auf Basis von nativem Oliven\u00f6l extra aromatisiert aus weissen Tr\u00fcffel spray (gourmet)"}]},{"@type":"WebSite","@id":"https:\/\/tartufiesapori.com\/de\/#website","url":"https:\/\/tartufiesapori.com\/de\/","name":"Tartufi e Sapori Shop online","description":"Tartufi di Acqualagna","potentialAction":[{"@type":"SearchAction","target":{"@type":"EntryPoint","urlTemplate":"https:\/\/tartufiesapori.com\/de\/?s={search_term_string}"},"query-input":{"@type":"PropertyValueSpecification","valueRequired":true,"valueName":"search_term_string"}}],"inLanguage":"de"}]}},"_links":{"self":[{"href":"https:\/\/tartufiesapori.com\/de\/wp-json\/wp\/v2\/product\/28397","targetHints":{"allow":["GET"]}}],"collection":[{"href":"https:\/\/tartufiesapori.com\/de\/wp-json\/wp\/v2\/product"}],"about":[{"href":"https:\/\/tartufiesapori.com\/de\/wp-json\/wp\/v2\/types\/product"}],"wp:featuredmedia":[{"embeddable":true,"href":"https:\/\/tartufiesapori.com\/de\/wp-json\/wp\/v2\/media\/68167"}],"wp:attachment":[{"href":"https:\/\/tartufiesapori.com\/de\/wp-json\/wp\/v2\/media?parent=28397"}],"wp:term":[{"taxonomy":"product_brand","embeddable":true,"href":"https:\/\/tartufiesapori.com\/de\/wp-json\/wp\/v2\/product_brand?post=28397"},{"taxonomy":"product_cat","embeddable":true,"href":"https:\/\/tartufiesapori.com\/de\/wp-json\/wp\/v2\/product_cat?post=28397"},{"taxonomy":"product_tag","embeddable":true,"href":"https:\/\/tartufiesapori.com\/de\/wp-json\/wp\/v2\/product_tag?post=28397"}],"curies":[{"name":"wp","href":"https:\/\/api.w.org\/{rel}","templated":true}]}}