{"id":28212,"date":"2013-10-25T16:28:17","date_gmt":"2013-10-25T14:28:17","guid":{"rendered":"https:\/\/tartufiesapori.com\/product\/wurze-auf-basis-von-nativem-olivenol-extra-aus-weisem-truffel\/"},"modified":"2025-09-04T09:04:18","modified_gmt":"2025-09-04T07:04:18","slug":"wurze-auf-basis-von-nativem-olivenol-extra-aus-weisem-truffel","status":"publish","type":"product","link":"https:\/\/tartufiesapori.com\/de\/produkt\/wurze-auf-basis-von-nativem-olivenol-extra-aus-weisem-truffel\/","title":{"rendered":"W\u00fcrze auf Basis von nativem Oliven\u00f6l extra aromatisiert aus weissen Tr\u00fcffel"},"content":{"rendered":"<p>Eines der wohlriechendsten und schmackhaftesten Gew\u00fcrze unserer Linie aus nativem Oliven\u00f6l extra mit wei\u00dfem Tr\u00fcffel. Seine Aromen sind so zart und vielseitig, dass dieses Gew\u00fcrz perfekt f\u00fcr jede Art von Gericht ist, wie Eier, Croutons, erste G\u00e4nge oder Pizzen. Dieses wei\u00dfe Tr\u00fcffel\u00f6l wird Ihre Gerichte einzigartig machen. Ein paar Tropfen reichen aus, um den berauschenden Duft der wei\u00dfen Tr\u00fcffel zu entfalten und Ihre Gerichte leicht zu verwandeln. Dank der Vielseitigkeit des W\u00fcrze auf Basis von nativem Oliven\u00f6l extra aus wei\u00dfem Tr\u00fcffel empfehlen wir, es auch zu versuchen, um das gebratene Fleisch zu w\u00fcrzen. F\u00fcr Pasta-Liebhaber, die ein einzigartiges und unwiderstehliches Tr\u00fcffelgericht haben m\u00f6chten, empfehlen wir, es mit unserem ganzen <a href=\"https:\/\/tartufiesapori.com\/de\/produkt\/ganzer-weiber-truffel\/\">wei\u00dfen Tr\u00fcffel<\/a> oder den <a href=\"https:\/\/tartufiesapori.com\/de\/produkt\/bianchetto-truffel-scheiden\/\">bianchetto Tr\u00fcffelscheiben<\/a> zu kombinieren.<\/p>\n<p>F\u00fcr die perfekte W\u00fcrze empfehlen wir auch die <a href=\"https:\/\/tartufiesapori.com\/de\/produkt\/truffel-balsamessig-creme-250-ml\/\">Creme mit \u201dAceto Balsamico di Modena IGP\u201d aromatisier mit Wei\u00dfen Tr\u00fcffel,<\/a> <a href=\"https:\/\/tartufiesapori.com\/de\/produkt\/balamessig-aus-truffel\/\">Balsamico-Essig mit Tr\u00fcffel<\/a><a href=\"https:\/\/tartufiesapori.com\/de\/produkt\/truffel-balsamessig-creme-250-ml\/\">,<\/a> <a href=\"https:\/\/tartufiesapori.com\/de\/produkt\/balamessig-aus-truffel\/\">Dressing auf Basis von \u201cAceto Balsamico di Modena IGP\u201d aromatisiert mit Wei\u00dfem Tr\u00fcffel<\/a> und <a href=\"https:\/\/tartufiesapori.com\/de\/produkt\/wurze-auf-basis-von-nativem-olivenol-extra-aus-schwarzem-truffel\/\">Dressing aus nativem Oliven\u00f6l extra mit schwarzen Tr\u00fcffeln.<\/a><\/p>\n<p><strong>Zutaten:<\/strong> 95 % natives Oliven\u00f6l extra, 5 % Aroma.<\/p>\n<p><strong>Durchschnittliche N\u00e4hrwerte pro 100 g:<\/strong> Energie 3404 kJ \/ 828 kcal, Fett 92 g, davon ges\u00e4ttigte Fetts\u00e4uren 14 g, Kohlenhydrate 0 g, davon Zucker 0 g, Ballaststoffe 0 g, Eiwei\u00df 0 g, Salz 0,02 g.<\/p>\n<p><strong>Lagerung:<\/strong> 18 Monate ab Produktionsdatum bei Raumtemperatur. An einem k\u00fchlen Ort, fern von W\u00e4rme- und Lichtquellen lagern.<\/p>\n<p><strong>Auftragsabwicklung und Lieferung:<\/strong> Bestellungen werden innerhalb von 2\/3 Werktagen nach Eingang bearbeitet; die Ware wird in 24\/48 Stunden geliefert, je nach Zielort und Verf\u00fcgbarkeit der Paketdienst.<\/p>\n<p><em>Auf unserer Unternehmenswebsite finden Sie verschiedene\u00a0<a href=\"https:\/\/www.acqualagnatartufi.com\/de\/rezepten\/\">Rezepte,<\/a>\u00a0die Ihnen verschiedene Tipps geben, wie Sie unsere Tr\u00fcffel genie\u00dfen k\u00f6nnen!<\/em><\/p>\n","protected":false},"excerpt":{"rendered":"<p><span class=\"Y2IQFc\" lang=\"de\">Wei\u00dfes Tr\u00fcffel\u00f6l<\/span><\/p>\n","protected":false},"featured_media":46435,"template":"","meta":{"_acf_changed":false},"product_brand":[],"product_cat":[806],"product_tag":[817,694,814,704,816,815],"class_list":{"0":"post-28212","1":"product","2":"type-product","3":"status-publish","4":"has-post-thumbnail","6":"product_cat-truffelwurzung","7":"product_tag-aromatisertes-ol","8":"product_tag-truffel-von-acqualagna","9":"product_tag-truffelol","10":"product_tag-tuber-magnatum-pico-de","11":"product_tag-weise-truffel-tropfen","12":"product_tag-weises-truffelol","14":"first","15":"instock","16":"taxable","17":"shipping-taxable","18":"purchasable","19":"product-type-variable","20":"has-default-attributes"},"acf":[],"yoast_head":"<!-- This site is optimized with the Yoast SEO plugin v27.3 - https:\/\/yoast.com\/product\/yoast-seo-wordpress\/ -->\n<title>W\u00fcrze auf Basis von nativem Oliven\u00f6l extra aromatisiert aus weissen Tr\u00fcffel - Tartufi e Sapori Shop online<\/title>\n<meta name=\"description\" content=\"Dank der Vielseitigkeit des W\u00fcrze auf Basis von nativem Oliven\u00f6l extra aus wei\u00dfem Tr\u00fcffel empfehlen wir, es auch zu versuchen, um das...\" \/>\n<meta name=\"robots\" content=\"index, follow, max-snippet:-1, max-image-preview:large, max-video-preview:-1\" \/>\n<link rel=\"canonical\" href=\"https:\/\/tartufiesapori.com\/de\/produkt\/wurze-auf-basis-von-nativem-olivenol-extra-aus-weisem-truffel\/\" \/>\n<meta property=\"og:locale\" content=\"de_DE\" \/>\n<meta property=\"og:type\" content=\"article\" \/>\n<meta property=\"og:title\" content=\"W\u00fcrze auf Basis von nativem Oliven\u00f6l extra aromatisiert aus weissen Tr\u00fcffel - Tartufi e Sapori Shop online\" \/>\n<meta property=\"og:description\" content=\"Dank der Vielseitigkeit des W\u00fcrze auf Basis von nativem Oliven\u00f6l extra aus wei\u00dfem Tr\u00fcffel empfehlen wir, es auch zu versuchen, um das...\" \/>\n<meta property=\"og:url\" content=\"https:\/\/tartufiesapori.com\/de\/produkt\/wurze-auf-basis-von-nativem-olivenol-extra-aus-weisem-truffel\/\" \/>\n<meta property=\"og:site_name\" content=\"Tartufi e Sapori Shop online\" \/>\n<meta property=\"article:modified_time\" content=\"2025-09-04T07:04:18+00:00\" \/>\n<meta property=\"og:image\" content=\"https:\/\/tartufiesapori.com\/wp-content\/uploads\/2013\/10\/Olio-tartufo-bianco-250-2.jpg\" \/>\n\t<meta property=\"og:image:width\" content=\"1600\" \/>\n\t<meta property=\"og:image:height\" content=\"1600\" \/>\n\t<meta property=\"og:image:type\" content=\"image\/jpeg\" \/>\n<meta name=\"twitter:card\" content=\"summary_large_image\" \/>\n<meta name=\"twitter:label1\" content=\"Gesch\u00e4tzte Lesezeit\" \/>\n\t<meta name=\"twitter:data1\" content=\"2\u00a0Minuten\" \/>\n<!-- \/ Yoast SEO plugin. -->","yoast_head_json":{"title":"W\u00fcrze auf Basis von nativem Oliven\u00f6l extra aromatisiert aus weissen Tr\u00fcffel - Tartufi e Sapori Shop online","description":"Dank der Vielseitigkeit des W\u00fcrze auf Basis von nativem Oliven\u00f6l extra aus wei\u00dfem Tr\u00fcffel empfehlen wir, es auch zu versuchen, um das...","robots":{"index":"index","follow":"follow","max-snippet":"max-snippet:-1","max-image-preview":"max-image-preview:large","max-video-preview":"max-video-preview:-1"},"canonical":"https:\/\/tartufiesapori.com\/de\/produkt\/wurze-auf-basis-von-nativem-olivenol-extra-aus-weisem-truffel\/","og_locale":"de_DE","og_type":"article","og_title":"W\u00fcrze auf Basis von nativem Oliven\u00f6l extra aromatisiert aus weissen Tr\u00fcffel - Tartufi e Sapori Shop online","og_description":"Dank der Vielseitigkeit des W\u00fcrze auf Basis von nativem Oliven\u00f6l extra aus wei\u00dfem Tr\u00fcffel empfehlen wir, es auch zu versuchen, um das...","og_url":"https:\/\/tartufiesapori.com\/de\/produkt\/wurze-auf-basis-von-nativem-olivenol-extra-aus-weisem-truffel\/","og_site_name":"Tartufi e Sapori Shop online","article_modified_time":"2025-09-04T07:04:18+00:00","og_image":[{"width":1600,"height":1600,"url":"https:\/\/tartufiesapori.com\/wp-content\/uploads\/2013\/10\/Olio-tartufo-bianco-250-2.jpg","type":"image\/jpeg"}],"twitter_card":"summary_large_image","twitter_misc":{"Gesch\u00e4tzte Lesezeit":"2\u00a0Minuten"},"schema":{"@context":"https:\/\/schema.org","@graph":[{"@type":"WebPage","@id":"https:\/\/tartufiesapori.com\/de\/produkt\/wurze-auf-basis-von-nativem-olivenol-extra-aus-weisem-truffel\/","url":"https:\/\/tartufiesapori.com\/de\/produkt\/wurze-auf-basis-von-nativem-olivenol-extra-aus-weisem-truffel\/","name":"W\u00fcrze auf Basis von nativem Oliven\u00f6l extra aromatisiert aus weissen Tr\u00fcffel - Tartufi e Sapori Shop online","isPartOf":{"@id":"https:\/\/tartufiesapori.com\/de\/#website"},"primaryImageOfPage":{"@id":"https:\/\/tartufiesapori.com\/de\/produkt\/wurze-auf-basis-von-nativem-olivenol-extra-aus-weisem-truffel\/#primaryimage"},"image":{"@id":"https:\/\/tartufiesapori.com\/de\/produkt\/wurze-auf-basis-von-nativem-olivenol-extra-aus-weisem-truffel\/#primaryimage"},"thumbnailUrl":"https:\/\/tartufiesapori.com\/wp-content\/uploads\/2013\/10\/Olio-tartufo-bianco-250-2.jpg","datePublished":"2013-10-25T14:28:17+00:00","dateModified":"2025-09-04T07:04:18+00:00","description":"Dank der Vielseitigkeit des W\u00fcrze auf Basis von nativem Oliven\u00f6l extra aus wei\u00dfem Tr\u00fcffel empfehlen wir, es auch zu versuchen, um das...","breadcrumb":{"@id":"https:\/\/tartufiesapori.com\/de\/produkt\/wurze-auf-basis-von-nativem-olivenol-extra-aus-weisem-truffel\/#breadcrumb"},"inLanguage":"de","potentialAction":[{"@type":"ReadAction","target":["https:\/\/tartufiesapori.com\/de\/produkt\/wurze-auf-basis-von-nativem-olivenol-extra-aus-weisem-truffel\/"]}]},{"@type":"ImageObject","inLanguage":"de","@id":"https:\/\/tartufiesapori.com\/de\/produkt\/wurze-auf-basis-von-nativem-olivenol-extra-aus-weisem-truffel\/#primaryimage","url":"https:\/\/tartufiesapori.com\/wp-content\/uploads\/2013\/10\/Olio-tartufo-bianco-250-2.jpg","contentUrl":"https:\/\/tartufiesapori.com\/wp-content\/uploads\/2013\/10\/Olio-tartufo-bianco-250-2.jpg","width":1600,"height":1600},{"@type":"BreadcrumbList","@id":"https:\/\/tartufiesapori.com\/de\/produkt\/wurze-auf-basis-von-nativem-olivenol-extra-aus-weisem-truffel\/#breadcrumb","itemListElement":[{"@type":"ListItem","position":1,"name":"Tartufi e Sapori","item":"https:\/\/tartufiesapori.com\/de\/"},{"@type":"ListItem","position":2,"name":"Shop","item":"https:\/\/tartufiesapori.com\/de\/shop\/"},{"@type":"ListItem","position":3,"name":"TRADITIONELLE LINIE","item":"https:\/\/tartufiesapori.com\/de\/produkt-kategorie\/traditionelle-linie\/"},{"@type":"ListItem","position":4,"name":"Tr\u00fcffelw\u00fcrzung","item":"https:\/\/tartufiesapori.com\/de\/produkt-kategorie\/traditionelle-linie\/truffelwurzung\/"},{"@type":"ListItem","position":5,"name":"W\u00fcrze auf Basis von nativem Oliven\u00f6l extra aromatisiert aus weissen Tr\u00fcffel"}]},{"@type":"WebSite","@id":"https:\/\/tartufiesapori.com\/de\/#website","url":"https:\/\/tartufiesapori.com\/de\/","name":"Tartufi e Sapori Shop online","description":"Tartufi di Acqualagna","potentialAction":[{"@type":"SearchAction","target":{"@type":"EntryPoint","urlTemplate":"https:\/\/tartufiesapori.com\/de\/?s={search_term_string}"},"query-input":{"@type":"PropertyValueSpecification","valueRequired":true,"valueName":"search_term_string"}}],"inLanguage":"de"}]}},"_links":{"self":[{"href":"https:\/\/tartufiesapori.com\/de\/wp-json\/wp\/v2\/product\/28212","targetHints":{"allow":["GET"]}}],"collection":[{"href":"https:\/\/tartufiesapori.com\/de\/wp-json\/wp\/v2\/product"}],"about":[{"href":"https:\/\/tartufiesapori.com\/de\/wp-json\/wp\/v2\/types\/product"}],"wp:featuredmedia":[{"embeddable":true,"href":"https:\/\/tartufiesapori.com\/de\/wp-json\/wp\/v2\/media\/46435"}],"wp:attachment":[{"href":"https:\/\/tartufiesapori.com\/de\/wp-json\/wp\/v2\/media?parent=28212"}],"wp:term":[{"taxonomy":"product_brand","embeddable":true,"href":"https:\/\/tartufiesapori.com\/de\/wp-json\/wp\/v2\/product_brand?post=28212"},{"taxonomy":"product_cat","embeddable":true,"href":"https:\/\/tartufiesapori.com\/de\/wp-json\/wp\/v2\/product_cat?post=28212"},{"taxonomy":"product_tag","embeddable":true,"href":"https:\/\/tartufiesapori.com\/de\/wp-json\/wp\/v2\/product_tag?post=28212"}],"curies":[{"name":"wp","href":"https:\/\/api.w.org\/{rel}","templated":true}]}}